{"id":3021,"date":"2019-03-17T21:57:04","date_gmt":"2019-03-17T21:57:04","guid":{"rendered":"https:\/\/albergominerva.it\/fr\/?page_id=3021"},"modified":"2019-03-17T21:57:04","modified_gmt":"2019-03-17T21:57:04","slug":"palais-historiques-de-sienne-sur-la-piazza-del-campo-le-palais-sansedoni","status":"publish","type":"page","link":"https:\/\/www.albergominerva.it\/fr\/palais-historiques-de-sienne-sur-la-piazza-del-campo-le-palais-sansedoni\/","title":{"rendered":"Palais historiques de Sienne sur la Piazza Del Campo: le palais Sansedoni"},"content":{"rendered":"<h1> Le palais Sansedoni <\/h1>\n<p><strong> L&rsquo;un des palais historiques de Sienne qui repr\u00e9sente le mieux le mariage entre l&rsquo;art sublime et le pouvoir \u00e9conomique \u00e0 Sienne est sans aucun doute le Palazzo Sansedoni <\/strong> de la Piazza del Campo, le palais qui, avec le Palazzo Pubblico, est le plus noble et le plus repr\u00e9sentatif de la ville.<\/p>\n<p><strong> Sa forme curviligne qui embrasse et accueille la Piazza, sa fa\u00e7ade falsogotique, ses fen\u00eatres \u00e0 meneaux et sa tour <\/strong> sont un exemple presque inaccessible de beaut\u00e9 architecturale, tous construits entre 1760 et 1767 et combinant cinq constructions pr\u00e9c\u00e9dentes.<\/p>\n<p><strong> Le Palazzo Sansedoni, qui abrite maintenant la fondation Monte dei Paschi di Siena <\/strong>, a \u00e9t\u00e9 command\u00e9 par le Sans\u00e9doni, l&rsquo;une des plus anciennes familles siennoises du XIIIe si\u00e8cle, qui abrite une magnifique chapelle baroque d\u00e9di\u00e9e au bienheureux Ambrogio Sansedoni. , orateur extraordinaire qui s\u2019est distingu\u00e9 tant en Italie qu\u2019en France et en Allemagne.<\/p>\n<p>Cette chapelle n&rsquo;est pas ouverte au public, sauf pour des \u00e9v\u00e9nements sp\u00e9ciaux sponsoris\u00e9s par la Fondation ou des ouvertures d&rsquo;une nature extraordinaire.<\/p>\n<p>\u00c0 l&rsquo;int\u00e9rieur du palais se trouvent \u00e9galement de nombreuses <strong> fresques de Melani et Ferretti, ainsi que des sculptures de Mazzuoli et les bronzes de Soldani et de Foggini <\/strong>.<\/p>\n<p>Le Palazzo Soldani se trouve sur la Piazza del Campo. Il s\u2019agit d\u2019une des plus belles attractions du centre de Sienne. Si vous souhaitez r\u00e9server un h\u00f4tel <strong> dans le centre de Sienne avec parking payant, nous vous recommandons l\u2019Hotel Minerva <\/strong>.<\/p>\n<p>L&rsquo;H\u00f4tel Minerva est un h\u00f4tel trois \u00e9toiles \u00e0 Sienne dot\u00e9 d&rsquo;un garage priv\u00e9 priv\u00e9 de 20 places avec acc\u00e8s direct au hall.<\/p>\n<p><strong> Le Minerva Hotel propose \u00e9galement de magnifiques chambres avec vue panoramique <\/strong> sur Sienne, un spectacle que vous pourrez admirer directement depuis votre chambre.<\/p>\n<p><strong> Souhaitez-vous r\u00e9server au prix le plus bas garanti? <\/strong><\/p>\n<p>Cliquez ci-dessus ou appelez nos op\u00e9rateurs au 0577 28 44 74.<\/p>\n","protected":false},"excerpt":{"rendered":"<p>Le palais Sansedoni L&rsquo;un des palais historiques de Sienne qui repr\u00e9sente le mieux le mariage entre l&rsquo;art sublime et le<\/p>\n","protected":false},"author":3,"featured_media":0,"parent":0,"menu_order":0,"comment_status":"closed","ping_status":"closed","template":"","meta":{"_acf_changed":false,"footnotes":""},"class_list":["post-3021","page","type-page","status-publish","hentry"],"acf":[],"yoast_head":"<!-- This site is optimized with the Yoast SEO plugin v27.4 - https:\/\/yoast.com\/product\/yoast-seo-wordpress\/ -->\n<title>Palais historiques de Sienne sur la Piazza Del Campo: le palais Sansedoni - Hotel Minerva Siena<\/title>\n<meta name=\"robots\" content=\"index, follow, max-snippet:-1, max-image-preview:large, max-video-preview:-1\" \/>\n<link rel=\"canonical\" href=\"https:\/\/www.albergominerva.it\/fr\/palais-historiques-de-sienne-sur-la-piazza-del-campo-le-palais-sansedoni\/\" \/>\n<meta property=\"og:locale\" content=\"fr_FR\" \/>\n<meta property=\"og:type\" content=\"article\" \/>\n<meta property=\"og:title\" content=\"Palais historiques de Sienne sur la Piazza Del Campo: le palais Sansedoni - Hotel Minerva Siena\" \/>\n<meta property=\"og:description\" content=\"Le palais Sansedoni L&rsquo;un des palais historiques de Sienne qui repr\u00e9sente le mieux le mariage entre l&rsquo;art sublime et le\" \/>\n<meta property=\"og:url\" content=\"https:\/\/www.albergominerva.it\/fr\/palais-historiques-de-sienne-sur-la-piazza-del-campo-le-palais-sansedoni\/\" \/>\n<meta property=\"og:site_name\" content=\"Hotel Minerva Siena\" \/>\n<meta name=\"twitter:card\" content=\"summary_large_image\" \/>\n<meta name=\"twitter:label1\" content=\"Dur\u00e9e de lecture estim\u00e9e\" \/>\n\t<meta name=\"twitter:data1\" content=\"2 minutes\" \/>\n<script type=\"application\/ld+json\" class=\"yoast-schema-graph\">{\"@context\":\"https:\\\/\\\/schema.org\",\"@graph\":[{\"@type\":\"WebPage\",\"@id\":\"https:\\\/\\\/www.albergominerva.it\\\/fr\\\/palais-historiques-de-sienne-sur-la-piazza-del-campo-le-palais-sansedoni\\\/\",\"url\":\"https:\\\/\\\/www.albergominerva.it\\\/fr\\\/palais-historiques-de-sienne-sur-la-piazza-del-campo-le-palais-sansedoni\\\/\",\"name\":\"Palais historiques de Sienne sur la Piazza Del Campo: le palais Sansedoni - Hotel Minerva Siena\",\"isPartOf\":{\"@id\":\"https:\\\/\\\/www.albergominerva.it\\\/fr\\\/#website\"},\"datePublished\":\"2019-03-17T21:57:04+00:00\",\"breadcrumb\":{\"@id\":\"https:\\\/\\\/www.albergominerva.it\\\/fr\\\/palais-historiques-de-sienne-sur-la-piazza-del-campo-le-palais-sansedoni\\\/#breadcrumb\"},\"inLanguage\":\"fr-FR\",\"potentialAction\":[{\"@type\":\"ReadAction\",\"target\":[\"https:\\\/\\\/www.albergominerva.it\\\/fr\\\/palais-historiques-de-sienne-sur-la-piazza-del-campo-le-palais-sansedoni\\\/\"]}]},{\"@type\":\"BreadcrumbList\",\"@id\":\"https:\\\/\\\/www.albergominerva.it\\\/fr\\\/palais-historiques-de-sienne-sur-la-piazza-del-campo-le-palais-sansedoni\\\/#breadcrumb\",\"itemListElement\":[{\"@type\":\"ListItem\",\"position\":1,\"name\":\"Home\",\"item\":\"https:\\\/\\\/www.albergominerva.it\\\/fr\\\/\"},{\"@type\":\"ListItem\",\"position\":2,\"name\":\"Palais historiques de Sienne sur la Piazza Del Campo: le palais Sansedoni\"}]},{\"@type\":\"WebSite\",\"@id\":\"https:\\\/\\\/www.albergominerva.it\\\/fr\\\/#website\",\"url\":\"https:\\\/\\\/www.albergominerva.it\\\/fr\\\/\",\"name\":\"Hotel Minerva Siena\",\"description\":\"Hotel in Centro Storico a Siena - Toscana - Italy\",\"potentialAction\":[{\"@type\":\"SearchAction\",\"target\":{\"@type\":\"EntryPoint\",\"urlTemplate\":\"https:\\\/\\\/www.albergominerva.it\\\/fr\\\/?s={search_term_string}\"},\"query-input\":{\"@type\":\"PropertyValueSpecification\",\"valueRequired\":true,\"valueName\":\"search_term_string\"}}],\"inLanguage\":\"fr-FR\"}]}<\/script>\n<!-- \/ Yoast SEO plugin. -->","yoast_head_json":{"title":"Palais historiques de Sienne sur la Piazza Del Campo: le palais Sansedoni - Hotel Minerva Siena","robots":{"index":"index","follow":"follow","max-snippet":"max-snippet:-1","max-image-preview":"max-image-preview:large","max-video-preview":"max-video-preview:-1"},"canonical":"https:\/\/www.albergominerva.it\/fr\/palais-historiques-de-sienne-sur-la-piazza-del-campo-le-palais-sansedoni\/","og_locale":"fr_FR","og_type":"article","og_title":"Palais historiques de Sienne sur la Piazza Del Campo: le palais Sansedoni - Hotel Minerva Siena","og_description":"Le palais Sansedoni L&rsquo;un des palais historiques de Sienne qui repr\u00e9sente le mieux le mariage entre l&rsquo;art sublime et le","og_url":"https:\/\/www.albergominerva.it\/fr\/palais-historiques-de-sienne-sur-la-piazza-del-campo-le-palais-sansedoni\/","og_site_name":"Hotel Minerva Siena","twitter_card":"summary_large_image","twitter_misc":{"Dur\u00e9e de lecture estim\u00e9e":"2 minutes"},"schema":{"@context":"https:\/\/schema.org","@graph":[{"@type":"WebPage","@id":"https:\/\/www.albergominerva.it\/fr\/palais-historiques-de-sienne-sur-la-piazza-del-campo-le-palais-sansedoni\/","url":"https:\/\/www.albergominerva.it\/fr\/palais-historiques-de-sienne-sur-la-piazza-del-campo-le-palais-sansedoni\/","name":"Palais historiques de Sienne sur la Piazza Del Campo: le palais Sansedoni - Hotel Minerva Siena","isPartOf":{"@id":"https:\/\/www.albergominerva.it\/fr\/#website"},"datePublished":"2019-03-17T21:57:04+00:00","breadcrumb":{"@id":"https:\/\/www.albergominerva.it\/fr\/palais-historiques-de-sienne-sur-la-piazza-del-campo-le-palais-sansedoni\/#breadcrumb"},"inLanguage":"fr-FR","potentialAction":[{"@type":"ReadAction","target":["https:\/\/www.albergominerva.it\/fr\/palais-historiques-de-sienne-sur-la-piazza-del-campo-le-palais-sansedoni\/"]}]},{"@type":"BreadcrumbList","@id":"https:\/\/www.albergominerva.it\/fr\/palais-historiques-de-sienne-sur-la-piazza-del-campo-le-palais-sansedoni\/#breadcrumb","itemListElement":[{"@type":"ListItem","position":1,"name":"Home","item":"https:\/\/www.albergominerva.it\/fr\/"},{"@type":"ListItem","position":2,"name":"Palais historiques de Sienne sur la Piazza Del Campo: le palais Sansedoni"}]},{"@type":"WebSite","@id":"https:\/\/www.albergominerva.it\/fr\/#website","url":"https:\/\/www.albergominerva.it\/fr\/","name":"Hotel Minerva Siena","description":"Hotel in Centro Storico a Siena - Toscana - Italy","potentialAction":[{"@type":"SearchAction","target":{"@type":"EntryPoint","urlTemplate":"https:\/\/www.albergominerva.it\/fr\/?s={search_term_string}"},"query-input":{"@type":"PropertyValueSpecification","valueRequired":true,"valueName":"search_term_string"}}],"inLanguage":"fr-FR"}]}},"_links":{"self":[{"href":"https:\/\/www.albergominerva.it\/fr\/wp-json\/wp\/v2\/pages\/3021","targetHints":{"allow":["GET"]}}],"collection":[{"href":"https:\/\/www.albergominerva.it\/fr\/wp-json\/wp\/v2\/pages"}],"about":[{"href":"https:\/\/www.albergominerva.it\/fr\/wp-json\/wp\/v2\/types\/page"}],"author":[{"embeddable":true,"href":"https:\/\/www.albergominerva.it\/fr\/wp-json\/wp\/v2\/users\/3"}],"replies":[{"embeddable":true,"href":"https:\/\/www.albergominerva.it\/fr\/wp-json\/wp\/v2\/comments?post=3021"}],"version-history":[{"count":1,"href":"https:\/\/www.albergominerva.it\/fr\/wp-json\/wp\/v2\/pages\/3021\/revisions"}],"predecessor-version":[{"id":3022,"href":"https:\/\/www.albergominerva.it\/fr\/wp-json\/wp\/v2\/pages\/3021\/revisions\/3022"}],"wp:attachment":[{"href":"https:\/\/www.albergominerva.it\/fr\/wp-json\/wp\/v2\/media?parent=3021"}],"curies":[{"name":"wp","href":"https:\/\/api.w.org\/{rel}","templated":true}]}}