{"id":3023,"date":"2019-03-17T22:01:08","date_gmt":"2019-03-17T22:01:08","guid":{"rendered":"https:\/\/albergominerva.it\/fr\/?page_id=3023"},"modified":"2019-07-01T17:52:56","modified_gmt":"2019-07-01T15:52:56","slug":"porta-camollia-a-sienne-pour-entrer-dans-le-centre-historique","status":"publish","type":"page","link":"https:\/\/www.albergominerva.it\/fr\/porta-camollia-a-sienne-pour-entrer-dans-le-centre-historique\/","title":{"rendered":"Porta Camollia \u00e0 Sienne pour entrer dans le centre historique"},"content":{"rendered":"<h2>Porta Camollia<\/h2>\n<p><strong> Porta Camollia est l\u2019une des plus belles portes de Sienne <\/strong> et une fois sur place, vous vous retrouverez en plein centre historique.<\/p>\n<p>Il tire son nom de <strong> Camulio, le condottiere envoy\u00e9 au 8\u00e8me si\u00e8cle avant JC de Romulus \u00e0 se battre pour capturer les neveux Aschio et Senio <\/strong>.<\/p>\n<p>C\u2019est \u00e0 cet endroit que Camulio a <strong> install\u00e9 son camp <\/strong> et c\u2019est pourquoi la porte prend son nom.<\/p>\n<p>Porta Camollia, \u00e9tant le premier port pour ceux qui arrivent de la ville de Florence, \u00e9tait aussi naturellement le plus \u00e9quip\u00e9, la d\u00e9fense la plus absolue, la plus d\u00e9cisive.<\/p>\n<p><strong> La premi\u00e8re fortification remonte \u00e0 1082 <\/strong>, mais la porte actuelle, dans sa forme architecturale, remonte \u00e0 1604 \u00e0 la suite du projet d&rsquo;Alessandro Casolani.<\/p>\n<p>La porte a ensuite \u00e9t\u00e9 d\u00e9cor\u00e9e par Domenico Cafaggi.<\/p>\n<p>Le d\u00e9tail le plus passionnant de la Porta est sans aucun doute l\u2019inscription \u00e0 l\u2019ext\u00e9rieur de l\u2019arche et porte la mention <strong> \u00ab\u00a0Cor magis tibi sena pandit\u00a0\u00bb <!-- trong--> qui signifie \u00ab\u00a0Sienne ouvre un plus grand coeur\u00a0\u00bb, d\u00e9di\u00e9e \u00e0 qui a travers\u00e9 la porte.<\/strong><\/p>\n<p>L&rsquo;inscription a \u00e9t\u00e9 faite pour honorer l&rsquo;entr\u00e9e dans la ville de Ferdinand 1er des M\u00e9dicis, qui \u00e9tait le grand-duc de Toscane.<\/p>\n<p>L&rsquo;Antiporto de Camollia se trouve en face de Porta Camollia, \u00e0 moins de 360 \u200b\u200bm\u00e8tres de distance, une d\u00e9fense suppl\u00e9mentaire contre les Florentins qui, toutefois, \u00e0 partir de 1141, virent la ville pendant trois jours cons\u00e9cutifs.<\/p>\n<p>Ils ont essay\u00e9 \u00e0 nouveau en 1230 mais Porta Camollia et tout Sienne ont tenu et ont ensuite \u00e9t\u00e9 partiellement d\u00e9truits par le si\u00e8ge de 1554-1555.<\/p>\n<p><strong> Si vous recherchez un h\u00f4tel dans le centre de Sienne, pr\u00e8s de Porta Camollia, nous vous recommandons de r\u00e9server l\u2019H\u00f4tel Minerva <\/strong>, notre h\u00f4tel 3 \u00e9toiles du centre de Sienne dot\u00e9 d\u2019un parking payant, couvert et de 20 places.<\/p>\n<p>L&rsquo;h\u00f4tel Minerva se trouve \u00e0 proximit\u00e9 de la Piazza del Campo et de toutes les principales attractions de la ville.<\/p>\n<p><strong> Pour r\u00e9server et profiter de nos magnifiques chambres panoramiques <\/strong>, cliquez ci-dessus sur R\u00e9server et b\u00e9n\u00e9ficiez toujours du meilleur prix garanti.<\/p>\n","protected":false},"excerpt":{"rendered":"<p>Porta Camollia Porta Camollia est l\u2019une des plus belles portes de Sienne et une fois sur place, vous vous retrouverez<\/p>\n","protected":false},"author":3,"featured_media":0,"parent":0,"menu_order":0,"comment_status":"closed","ping_status":"closed","template":"","meta":{"_acf_changed":false,"footnotes":""},"class_list":["post-3023","page","type-page","status-publish","hentry"],"acf":[],"yoast_head":"<!-- This site is optimized with the Yoast SEO plugin v27.4 - https:\/\/yoast.com\/product\/yoast-seo-wordpress\/ -->\n<title>Porta Camollia \u00e0 Sienne pour entrer dans le centre historique - Hotel Minerva Siena<\/title>\n<meta name=\"robots\" content=\"index, follow, max-snippet:-1, max-image-preview:large, max-video-preview:-1\" \/>\n<link rel=\"canonical\" href=\"https:\/\/www.albergominerva.it\/fr\/porta-camollia-a-sienne-pour-entrer-dans-le-centre-historique\/\" \/>\n<meta property=\"og:locale\" content=\"fr_FR\" \/>\n<meta property=\"og:type\" content=\"article\" \/>\n<meta property=\"og:title\" content=\"Porta Camollia \u00e0 Sienne pour entrer dans le centre historique - Hotel Minerva Siena\" \/>\n<meta property=\"og:description\" content=\"Porta Camollia Porta Camollia est l\u2019une des plus belles portes de Sienne et une fois sur place, vous vous retrouverez\" \/>\n<meta property=\"og:url\" content=\"https:\/\/www.albergominerva.it\/fr\/porta-camollia-a-sienne-pour-entrer-dans-le-centre-historique\/\" \/>\n<meta property=\"og:site_name\" content=\"Hotel Minerva Siena\" \/>\n<meta property=\"article:modified_time\" content=\"2019-07-01T15:52:56+00:00\" \/>\n<meta name=\"twitter:card\" content=\"summary_large_image\" \/>\n<meta name=\"twitter:label1\" content=\"Dur\u00e9e de lecture estim\u00e9e\" \/>\n\t<meta name=\"twitter:data1\" content=\"2 minutes\" \/>\n<script type=\"application\/ld+json\" class=\"yoast-schema-graph\">{\"@context\":\"https:\\\/\\\/schema.org\",\"@graph\":[{\"@type\":\"WebPage\",\"@id\":\"https:\\\/\\\/www.albergominerva.it\\\/fr\\\/porta-camollia-a-sienne-pour-entrer-dans-le-centre-historique\\\/\",\"url\":\"https:\\\/\\\/www.albergominerva.it\\\/fr\\\/porta-camollia-a-sienne-pour-entrer-dans-le-centre-historique\\\/\",\"name\":\"Porta Camollia \u00e0 Sienne pour entrer dans le centre historique - Hotel Minerva Siena\",\"isPartOf\":{\"@id\":\"https:\\\/\\\/www.albergominerva.it\\\/fr\\\/#website\"},\"datePublished\":\"2019-03-17T22:01:08+00:00\",\"dateModified\":\"2019-07-01T15:52:56+00:00\",\"breadcrumb\":{\"@id\":\"https:\\\/\\\/www.albergominerva.it\\\/fr\\\/porta-camollia-a-sienne-pour-entrer-dans-le-centre-historique\\\/#breadcrumb\"},\"inLanguage\":\"fr-FR\",\"potentialAction\":[{\"@type\":\"ReadAction\",\"target\":[\"https:\\\/\\\/www.albergominerva.it\\\/fr\\\/porta-camollia-a-sienne-pour-entrer-dans-le-centre-historique\\\/\"]}]},{\"@type\":\"BreadcrumbList\",\"@id\":\"https:\\\/\\\/www.albergominerva.it\\\/fr\\\/porta-camollia-a-sienne-pour-entrer-dans-le-centre-historique\\\/#breadcrumb\",\"itemListElement\":[{\"@type\":\"ListItem\",\"position\":1,\"name\":\"Home\",\"item\":\"https:\\\/\\\/www.albergominerva.it\\\/fr\\\/\"},{\"@type\":\"ListItem\",\"position\":2,\"name\":\"Porta Camollia \u00e0 Sienne pour entrer dans le centre historique\"}]},{\"@type\":\"WebSite\",\"@id\":\"https:\\\/\\\/www.albergominerva.it\\\/fr\\\/#website\",\"url\":\"https:\\\/\\\/www.albergominerva.it\\\/fr\\\/\",\"name\":\"Hotel Minerva Siena\",\"description\":\"Hotel in Centro Storico a Siena - Toscana - Italy\",\"potentialAction\":[{\"@type\":\"SearchAction\",\"target\":{\"@type\":\"EntryPoint\",\"urlTemplate\":\"https:\\\/\\\/www.albergominerva.it\\\/fr\\\/?s={search_term_string}\"},\"query-input\":{\"@type\":\"PropertyValueSpecification\",\"valueRequired\":true,\"valueName\":\"search_term_string\"}}],\"inLanguage\":\"fr-FR\"}]}<\/script>\n<!-- \/ Yoast SEO plugin. -->","yoast_head_json":{"title":"Porta Camollia \u00e0 Sienne pour entrer dans le centre historique - Hotel Minerva Siena","robots":{"index":"index","follow":"follow","max-snippet":"max-snippet:-1","max-image-preview":"max-image-preview:large","max-video-preview":"max-video-preview:-1"},"canonical":"https:\/\/www.albergominerva.it\/fr\/porta-camollia-a-sienne-pour-entrer-dans-le-centre-historique\/","og_locale":"fr_FR","og_type":"article","og_title":"Porta Camollia \u00e0 Sienne pour entrer dans le centre historique - Hotel Minerva Siena","og_description":"Porta Camollia Porta Camollia est l\u2019une des plus belles portes de Sienne et une fois sur place, vous vous retrouverez","og_url":"https:\/\/www.albergominerva.it\/fr\/porta-camollia-a-sienne-pour-entrer-dans-le-centre-historique\/","og_site_name":"Hotel Minerva Siena","article_modified_time":"2019-07-01T15:52:56+00:00","twitter_card":"summary_large_image","twitter_misc":{"Dur\u00e9e de lecture estim\u00e9e":"2 minutes"},"schema":{"@context":"https:\/\/schema.org","@graph":[{"@type":"WebPage","@id":"https:\/\/www.albergominerva.it\/fr\/porta-camollia-a-sienne-pour-entrer-dans-le-centre-historique\/","url":"https:\/\/www.albergominerva.it\/fr\/porta-camollia-a-sienne-pour-entrer-dans-le-centre-historique\/","name":"Porta Camollia \u00e0 Sienne pour entrer dans le centre historique - Hotel Minerva Siena","isPartOf":{"@id":"https:\/\/www.albergominerva.it\/fr\/#website"},"datePublished":"2019-03-17T22:01:08+00:00","dateModified":"2019-07-01T15:52:56+00:00","breadcrumb":{"@id":"https:\/\/www.albergominerva.it\/fr\/porta-camollia-a-sienne-pour-entrer-dans-le-centre-historique\/#breadcrumb"},"inLanguage":"fr-FR","potentialAction":[{"@type":"ReadAction","target":["https:\/\/www.albergominerva.it\/fr\/porta-camollia-a-sienne-pour-entrer-dans-le-centre-historique\/"]}]},{"@type":"BreadcrumbList","@id":"https:\/\/www.albergominerva.it\/fr\/porta-camollia-a-sienne-pour-entrer-dans-le-centre-historique\/#breadcrumb","itemListElement":[{"@type":"ListItem","position":1,"name":"Home","item":"https:\/\/www.albergominerva.it\/fr\/"},{"@type":"ListItem","position":2,"name":"Porta Camollia \u00e0 Sienne pour entrer dans le centre historique"}]},{"@type":"WebSite","@id":"https:\/\/www.albergominerva.it\/fr\/#website","url":"https:\/\/www.albergominerva.it\/fr\/","name":"Hotel Minerva Siena","description":"Hotel in Centro Storico a Siena - Toscana - Italy","potentialAction":[{"@type":"SearchAction","target":{"@type":"EntryPoint","urlTemplate":"https:\/\/www.albergominerva.it\/fr\/?s={search_term_string}"},"query-input":{"@type":"PropertyValueSpecification","valueRequired":true,"valueName":"search_term_string"}}],"inLanguage":"fr-FR"}]}},"_links":{"self":[{"href":"https:\/\/www.albergominerva.it\/fr\/wp-json\/wp\/v2\/pages\/3023","targetHints":{"allow":["GET"]}}],"collection":[{"href":"https:\/\/www.albergominerva.it\/fr\/wp-json\/wp\/v2\/pages"}],"about":[{"href":"https:\/\/www.albergominerva.it\/fr\/wp-json\/wp\/v2\/types\/page"}],"author":[{"embeddable":true,"href":"https:\/\/www.albergominerva.it\/fr\/wp-json\/wp\/v2\/users\/3"}],"replies":[{"embeddable":true,"href":"https:\/\/www.albergominerva.it\/fr\/wp-json\/wp\/v2\/comments?post=3023"}],"version-history":[{"count":2,"href":"https:\/\/www.albergominerva.it\/fr\/wp-json\/wp\/v2\/pages\/3023\/revisions"}],"predecessor-version":[{"id":3504,"href":"https:\/\/www.albergominerva.it\/fr\/wp-json\/wp\/v2\/pages\/3023\/revisions\/3504"}],"wp:attachment":[{"href":"https:\/\/www.albergominerva.it\/fr\/wp-json\/wp\/v2\/media?parent=3023"}],"curies":[{"name":"wp","href":"https:\/\/api.w.org\/{rel}","templated":true}]}}