{"id":3025,"date":"2019-03-17T22:03:08","date_gmt":"2019-03-17T22:03:08","guid":{"rendered":"https:\/\/albergominerva.it\/fr\/?page_id=3025"},"modified":"2019-07-01T17:54:48","modified_gmt":"2019-07-01T15:54:48","slug":"porta-fontebranda","status":"publish","type":"page","link":"https:\/\/www.albergominerva.it\/fr\/porta-fontebranda\/","title":{"rendered":"Porta Fontebranda"},"content":{"rendered":"<h2>Porta Fontebranda<\/h2>\n<p>Porta Fontebranda est l\u2019une des plus anciennes portes de Sienne. <strong> a \u00e9t\u00e9 construite entre 1230 et 1257 <\/strong>.<\/p>\n<p>Cette porte fait partie du quatri\u00e8me cercle de murs et est constitu\u00e9e d&rsquo;un double arc qui s&rsquo;ouvre dans le mur rideau profond.<\/p>\n<p>Il est situ\u00e9 entre le couvent de San Domenico et Porta Laterina <strong> et \u00e9tait autrefois dot\u00e9 d&rsquo;un antiporto et d&rsquo;un donjon. <\/strong><\/p>\n<p>Porta Fontebranda a \u00e9t\u00e9 d\u00e9fendue par la <strong> compagnie militaire de Sant\u2019Antonio <\/strong>, l\u2019une des corporations militaires les plus importantes et les plus d\u00e9cisives de la ville de Sienne, tant en phase de d\u00e9fense qu\u2019en attaque.<\/p>\n<p>Dans le pass\u00e9, la r\u00e9gion de Fontebranda \u00e9tait utilis\u00e9e pour le traitement de la laine.<\/p>\n","protected":false},"excerpt":{"rendered":"<p>Porta Fontebranda Porta Fontebranda est l\u2019une des plus anciennes portes de Sienne. a \u00e9t\u00e9 construite entre 1230 et 1257 .<\/p>\n","protected":false},"author":3,"featured_media":0,"parent":0,"menu_order":0,"comment_status":"closed","ping_status":"closed","template":"","meta":{"_acf_changed":false,"footnotes":""},"class_list":["post-3025","page","type-page","status-publish","hentry"],"acf":[],"yoast_head":"<!-- This site is optimized with the Yoast SEO plugin v27.4 - https:\/\/yoast.com\/product\/yoast-seo-wordpress\/ -->\n<title>Porta Fontebranda - Hotel Minerva Siena<\/title>\n<meta name=\"robots\" content=\"index, follow, max-snippet:-1, max-image-preview:large, max-video-preview:-1\" \/>\n<link rel=\"canonical\" href=\"https:\/\/www.albergominerva.it\/fr\/porta-fontebranda\/\" \/>\n<meta property=\"og:locale\" content=\"fr_FR\" \/>\n<meta property=\"og:type\" content=\"article\" \/>\n<meta property=\"og:title\" content=\"Porta Fontebranda - Hotel Minerva Siena\" \/>\n<meta property=\"og:description\" content=\"Porta Fontebranda Porta Fontebranda est l\u2019une des plus anciennes portes de Sienne. a \u00e9t\u00e9 construite entre 1230 et 1257 .\" \/>\n<meta property=\"og:url\" content=\"https:\/\/www.albergominerva.it\/fr\/porta-fontebranda\/\" \/>\n<meta property=\"og:site_name\" content=\"Hotel Minerva Siena\" \/>\n<meta property=\"article:modified_time\" content=\"2019-07-01T15:54:48+00:00\" \/>\n<meta name=\"twitter:card\" content=\"summary_large_image\" \/>\n<meta name=\"twitter:label1\" content=\"Dur\u00e9e de lecture estim\u00e9e\" \/>\n\t<meta name=\"twitter:data1\" content=\"1 minute\" \/>\n<script type=\"application\/ld+json\" class=\"yoast-schema-graph\">{\"@context\":\"https:\\\/\\\/schema.org\",\"@graph\":[{\"@type\":\"WebPage\",\"@id\":\"https:\\\/\\\/www.albergominerva.it\\\/fr\\\/porta-fontebranda\\\/\",\"url\":\"https:\\\/\\\/www.albergominerva.it\\\/fr\\\/porta-fontebranda\\\/\",\"name\":\"Porta Fontebranda - Hotel Minerva Siena\",\"isPartOf\":{\"@id\":\"https:\\\/\\\/www.albergominerva.it\\\/fr\\\/#website\"},\"datePublished\":\"2019-03-17T22:03:08+00:00\",\"dateModified\":\"2019-07-01T15:54:48+00:00\",\"breadcrumb\":{\"@id\":\"https:\\\/\\\/www.albergominerva.it\\\/fr\\\/porta-fontebranda\\\/#breadcrumb\"},\"inLanguage\":\"fr-FR\",\"potentialAction\":[{\"@type\":\"ReadAction\",\"target\":[\"https:\\\/\\\/www.albergominerva.it\\\/fr\\\/porta-fontebranda\\\/\"]}]},{\"@type\":\"BreadcrumbList\",\"@id\":\"https:\\\/\\\/www.albergominerva.it\\\/fr\\\/porta-fontebranda\\\/#breadcrumb\",\"itemListElement\":[{\"@type\":\"ListItem\",\"position\":1,\"name\":\"Home\",\"item\":\"https:\\\/\\\/www.albergominerva.it\\\/fr\\\/\"},{\"@type\":\"ListItem\",\"position\":2,\"name\":\"Porta Fontebranda\"}]},{\"@type\":\"WebSite\",\"@id\":\"https:\\\/\\\/www.albergominerva.it\\\/fr\\\/#website\",\"url\":\"https:\\\/\\\/www.albergominerva.it\\\/fr\\\/\",\"name\":\"Hotel Minerva Siena\",\"description\":\"Hotel in Centro Storico a Siena - Toscana - Italy\",\"potentialAction\":[{\"@type\":\"SearchAction\",\"target\":{\"@type\":\"EntryPoint\",\"urlTemplate\":\"https:\\\/\\\/www.albergominerva.it\\\/fr\\\/?s={search_term_string}\"},\"query-input\":{\"@type\":\"PropertyValueSpecification\",\"valueRequired\":true,\"valueName\":\"search_term_string\"}}],\"inLanguage\":\"fr-FR\"}]}<\/script>\n<!-- \/ Yoast SEO plugin. -->","yoast_head_json":{"title":"Porta Fontebranda - Hotel Minerva Siena","robots":{"index":"index","follow":"follow","max-snippet":"max-snippet:-1","max-image-preview":"max-image-preview:large","max-video-preview":"max-video-preview:-1"},"canonical":"https:\/\/www.albergominerva.it\/fr\/porta-fontebranda\/","og_locale":"fr_FR","og_type":"article","og_title":"Porta Fontebranda - Hotel Minerva Siena","og_description":"Porta Fontebranda Porta Fontebranda est l\u2019une des plus anciennes portes de Sienne. a \u00e9t\u00e9 construite entre 1230 et 1257 .","og_url":"https:\/\/www.albergominerva.it\/fr\/porta-fontebranda\/","og_site_name":"Hotel Minerva Siena","article_modified_time":"2019-07-01T15:54:48+00:00","twitter_card":"summary_large_image","twitter_misc":{"Dur\u00e9e de lecture estim\u00e9e":"1 minute"},"schema":{"@context":"https:\/\/schema.org","@graph":[{"@type":"WebPage","@id":"https:\/\/www.albergominerva.it\/fr\/porta-fontebranda\/","url":"https:\/\/www.albergominerva.it\/fr\/porta-fontebranda\/","name":"Porta Fontebranda - Hotel Minerva Siena","isPartOf":{"@id":"https:\/\/www.albergominerva.it\/fr\/#website"},"datePublished":"2019-03-17T22:03:08+00:00","dateModified":"2019-07-01T15:54:48+00:00","breadcrumb":{"@id":"https:\/\/www.albergominerva.it\/fr\/porta-fontebranda\/#breadcrumb"},"inLanguage":"fr-FR","potentialAction":[{"@type":"ReadAction","target":["https:\/\/www.albergominerva.it\/fr\/porta-fontebranda\/"]}]},{"@type":"BreadcrumbList","@id":"https:\/\/www.albergominerva.it\/fr\/porta-fontebranda\/#breadcrumb","itemListElement":[{"@type":"ListItem","position":1,"name":"Home","item":"https:\/\/www.albergominerva.it\/fr\/"},{"@type":"ListItem","position":2,"name":"Porta Fontebranda"}]},{"@type":"WebSite","@id":"https:\/\/www.albergominerva.it\/fr\/#website","url":"https:\/\/www.albergominerva.it\/fr\/","name":"Hotel Minerva Siena","description":"Hotel in Centro Storico a Siena - Toscana - Italy","potentialAction":[{"@type":"SearchAction","target":{"@type":"EntryPoint","urlTemplate":"https:\/\/www.albergominerva.it\/fr\/?s={search_term_string}"},"query-input":{"@type":"PropertyValueSpecification","valueRequired":true,"valueName":"search_term_string"}}],"inLanguage":"fr-FR"}]}},"_links":{"self":[{"href":"https:\/\/www.albergominerva.it\/fr\/wp-json\/wp\/v2\/pages\/3025","targetHints":{"allow":["GET"]}}],"collection":[{"href":"https:\/\/www.albergominerva.it\/fr\/wp-json\/wp\/v2\/pages"}],"about":[{"href":"https:\/\/www.albergominerva.it\/fr\/wp-json\/wp\/v2\/types\/page"}],"author":[{"embeddable":true,"href":"https:\/\/www.albergominerva.it\/fr\/wp-json\/wp\/v2\/users\/3"}],"replies":[{"embeddable":true,"href":"https:\/\/www.albergominerva.it\/fr\/wp-json\/wp\/v2\/comments?post=3025"}],"version-history":[{"count":2,"href":"https:\/\/www.albergominerva.it\/fr\/wp-json\/wp\/v2\/pages\/3025\/revisions"}],"predecessor-version":[{"id":3506,"href":"https:\/\/www.albergominerva.it\/fr\/wp-json\/wp\/v2\/pages\/3025\/revisions\/3506"}],"wp:attachment":[{"href":"https:\/\/www.albergominerva.it\/fr\/wp-json\/wp\/v2\/media?parent=3025"}],"curies":[{"name":"wp","href":"https:\/\/api.w.org\/{rel}","templated":true}]}}