{"id":3032,"date":"2019-03-17T22:16:20","date_gmt":"2019-03-17T22:16:20","guid":{"rendered":"https:\/\/albergominerva.it\/fr\/?page_id=3032"},"modified":"2019-07-01T15:21:52","modified_gmt":"2019-07-01T13:21:52","slug":"hotel-siena-dans-le-quartier-de-via-dei-rossi-ou-dormir","status":"publish","type":"page","link":"https:\/\/www.albergominerva.it\/fr\/hotel-siena-dans-le-quartier-de-via-dei-rossi-ou-dormir\/","title":{"rendered":"Hotel Siena dans le quartier de Via dei Rossi O\u00f9 dormir"},"content":{"rendered":"<h2 data-tadv-p=\"keep\">Hotel Siena dans le quartier de Via dei Rossi O\u00f9 dormir<\/h2>\n<p><strong>Souhaitez-vous r\u00e9server un h\u00f4tel \u00e0 Sienne \u00e0 proximit\u00e9 de la Via dei Rossi? <\/strong><\/p>\n<p><strong> Dans ce cas, nous vous sugg\u00e9rons de s\u00e9journer \u00e0 l&rsquo;h\u00f4tel Minerva <\/strong>, un charmant h\u00f4tel 3 \u00e9toiles situ\u00e9 dans le centre de Sienne et \u00e0 une courte distance de la Via dei Rossi.<\/p>\n<p>Equip\u00e9 d&rsquo;un bar et d&rsquo;un parking payant, ferm\u00e9, avec entr\u00e9e directe \u00e0 l&rsquo;h\u00f4tel et avec 20 places disponibles, l&rsquo;h\u00f4tel Minerva comprend 56 chambres climatis\u00e9es, toutes diff\u00e9rentes, avec wifi et qui sont divis\u00e9es en easy-economy, standard-\u00e9l\u00e9gant, junior-suite et junior-suite double.<\/p>\n<p>Les <a href=\"http:\/\/albergominerva.it\/camere-economiche-siena-centro\/\"> Easy Rooms <\/a> sont situ\u00e9es \u00e0 l&rsquo;int\u00e9rieur et ont une superficie de 16 m\u00b2.<\/p>\n<p><a href=\"http:\/\/albergominerva.it\/camere-elegant-siena-centro\/\"> Les chambres \u00e9l\u00e9gantes <\/a> offrent toutes une vue sur le centre historique de Sienne et ont une superficie de 19 m\u00b2.<\/p>\n<p>Les <a href=\"http:\/\/albergominerva.it\/junior-suite-siena-centro\/\"> suites junior <\/a> ont toutes vue sur les basiliques de San Francesco et de Provenzano et ont une superficie de 22 m\u00b2.<\/p>\n<p><a href=\"http:\/\/albergominerva.it\/junior-suite-matrimon-siena-centro\/\"> Les Junior Suites Junior <\/a> ont une vue sur le centre historique de Sienne, ont une superficie de 19 m\u00b2 et une petite terrasse sur demande.<\/p>\n<p>Vous aurez donc la possibilit\u00e9 de choisir entre de nombreux choix pour votre arr\u00eat pour le plaisir ou pour le travail, beaucoup d&rsquo;entre eux offrant une vue panoramique sur Sienne.<\/p>\n<p><strong> L&rsquo;Hotel Minerva expose ensuite syst\u00e9matiquement, dans ses salles int\u00e9rieures, une v\u00e9ritable galerie d&rsquo;art contemporain <\/strong> pr\u00e9sentant des \u0153uvres d&rsquo;artistes siennois.<\/p>\n<p>Notre h\u00f4tel pr\u00e8s de la Via dei Rossi est calme et id\u00e9al pour les parents avec enfants. nous avons m\u00eame des berceaux, des chauffe-biberons, des st\u00e9rilisateurs et une ludoth\u00e8que.<\/p>\n<p><strong> La Minerva est \u00e9galement proche de deux terrains de jeux et de l\u2019Orto de \u2019Pecci <\/strong>, un magnifique jardin avec des animaux de la ferme.<\/p>\n<p>L&rsquo;h\u00f4tel Minerva constitue \u00e9galement un cadre id\u00e9al pour les r\u00e9unions de travail puisqu&rsquo;il est \u00e9quip\u00e9 d&rsquo;une connexion Wi-Fi et d&rsquo;une salle de r\u00e9union donnant sur le centre-ville historique pouvant accueillir jusqu&rsquo;\u00e0 40 personnes. Il est dot\u00e9 d&rsquo;une t\u00e9l\u00e9vision \u00e0 \u00e9cran LED, d&rsquo;un vid\u00e9oprojecteur, d&rsquo;un r\u00e9troprojecteur et de tous les meilleurs \u00e9quipement.<\/p>\n<p>En ce qui concerne le petit-d\u00e9jeuner, l\u2019Hotel Minerva propose un d\u00e9licieux petit-d\u00e9jeuner italien et international compos\u00e9 de confitures naturelles et s\u00e9lectionn\u00e9es.<\/p>\n<p>L&rsquo;h\u00f4tel est situ\u00e9 \u00e0 Sienne, dans la Via Garibaldi, \u00e0 moins de 2 minutes en voiture de la gare et dans un <strong> quartier non-ZTL <\/strong>.<\/p>\n<p>Pour dormir dans cet h\u00f4tel de Sienne pr\u00e8s de Via dei Rossi, cliquez sur R\u00e9server en haut \u00e0 droite ou appelez le 0577.284474 ou envoyez un courriel \u00e0 info@albergominerva.it.<\/p>\n<p>En appelant ce num\u00e9ro de t\u00e9l\u00e9phone ou en r\u00e9servant sur le site Web, vous pourrez b\u00e9n\u00e9ficier d&rsquo;une \u00e9conomie importante puisque nous vous assurons toujours le meilleur prix garanti.<\/p>\n","protected":false},"excerpt":{"rendered":"<p>Hotel Siena dans le quartier de Via dei Rossi O\u00f9 dormir Souhaitez-vous r\u00e9server un h\u00f4tel \u00e0 Sienne \u00e0 proximit\u00e9 de<\/p>\n","protected":false},"author":3,"featured_media":0,"parent":0,"menu_order":0,"comment_status":"closed","ping_status":"closed","template":"","meta":{"_acf_changed":false,"footnotes":""},"class_list":["post-3032","page","type-page","status-publish","hentry"],"acf":[],"yoast_head":"<!-- This site is optimized with the Yoast SEO plugin v26.4 - https:\/\/yoast.com\/wordpress\/plugins\/seo\/ -->\n<title>Hotel Siena dans le quartier de Via dei Rossi O\u00f9 dormir - Hotel Minerva Siena<\/title>\n<meta name=\"robots\" content=\"index, follow, max-snippet:-1, max-image-preview:large, max-video-preview:-1\" \/>\n<link rel=\"canonical\" href=\"https:\/\/www.albergominerva.it\/fr\/hotel-siena-dans-le-quartier-de-via-dei-rossi-ou-dormir\/\" \/>\n<meta property=\"og:locale\" content=\"fr_FR\" \/>\n<meta property=\"og:type\" content=\"article\" \/>\n<meta property=\"og:title\" content=\"Hotel Siena dans le quartier de Via dei Rossi O\u00f9 dormir - Hotel Minerva Siena\" \/>\n<meta property=\"og:description\" content=\"Hotel Siena dans le quartier de Via dei Rossi O\u00f9 dormir Souhaitez-vous r\u00e9server un h\u00f4tel \u00e0 Sienne \u00e0 proximit\u00e9 de\" \/>\n<meta property=\"og:url\" content=\"https:\/\/www.albergominerva.it\/fr\/hotel-siena-dans-le-quartier-de-via-dei-rossi-ou-dormir\/\" \/>\n<meta property=\"og:site_name\" content=\"Hotel Minerva Siena\" \/>\n<meta property=\"article:modified_time\" content=\"2019-07-01T13:21:52+00:00\" \/>\n<meta name=\"twitter:card\" content=\"summary_large_image\" \/>\n<meta name=\"twitter:label1\" content=\"Dur\u00e9e de lecture estim\u00e9e\" \/>\n\t<meta name=\"twitter:data1\" content=\"2 minutes\" \/>\n<script type=\"application\/ld+json\" class=\"yoast-schema-graph\">{\"@context\":\"https:\/\/schema.org\",\"@graph\":[{\"@type\":\"WebPage\",\"@id\":\"https:\/\/www.albergominerva.it\/fr\/hotel-siena-dans-le-quartier-de-via-dei-rossi-ou-dormir\/\",\"url\":\"https:\/\/www.albergominerva.it\/fr\/hotel-siena-dans-le-quartier-de-via-dei-rossi-ou-dormir\/\",\"name\":\"Hotel Siena dans le quartier de Via dei Rossi O\u00f9 dormir - Hotel Minerva Siena\",\"isPartOf\":{\"@id\":\"https:\/\/www.albergominerva.it\/fr\/#website\"},\"datePublished\":\"2019-03-17T22:16:20+00:00\",\"dateModified\":\"2019-07-01T13:21:52+00:00\",\"breadcrumb\":{\"@id\":\"https:\/\/www.albergominerva.it\/fr\/hotel-siena-dans-le-quartier-de-via-dei-rossi-ou-dormir\/#breadcrumb\"},\"inLanguage\":\"fr-FR\",\"potentialAction\":[{\"@type\":\"ReadAction\",\"target\":[\"https:\/\/www.albergominerva.it\/fr\/hotel-siena-dans-le-quartier-de-via-dei-rossi-ou-dormir\/\"]}]},{\"@type\":\"BreadcrumbList\",\"@id\":\"https:\/\/www.albergominerva.it\/fr\/hotel-siena-dans-le-quartier-de-via-dei-rossi-ou-dormir\/#breadcrumb\",\"itemListElement\":[{\"@type\":\"ListItem\",\"position\":1,\"name\":\"Home\",\"item\":\"https:\/\/www.albergominerva.it\/fr\/\"},{\"@type\":\"ListItem\",\"position\":2,\"name\":\"Hotel Siena dans le quartier de Via dei Rossi O\u00f9 dormir\"}]},{\"@type\":\"WebSite\",\"@id\":\"https:\/\/www.albergominerva.it\/fr\/#website\",\"url\":\"https:\/\/www.albergominerva.it\/fr\/\",\"name\":\"Hotel Minerva Siena\",\"description\":\"Hotel in Centro Storico a Siena - Toscana - Italy\",\"potentialAction\":[{\"@type\":\"SearchAction\",\"target\":{\"@type\":\"EntryPoint\",\"urlTemplate\":\"https:\/\/www.albergominerva.it\/fr\/?s={search_term_string}\"},\"query-input\":{\"@type\":\"PropertyValueSpecification\",\"valueRequired\":true,\"valueName\":\"search_term_string\"}}],\"inLanguage\":\"fr-FR\"}]}<\/script>\n<!-- \/ Yoast SEO plugin. -->","yoast_head_json":{"title":"Hotel Siena dans le quartier de Via dei Rossi O\u00f9 dormir - Hotel Minerva Siena","robots":{"index":"index","follow":"follow","max-snippet":"max-snippet:-1","max-image-preview":"max-image-preview:large","max-video-preview":"max-video-preview:-1"},"canonical":"https:\/\/www.albergominerva.it\/fr\/hotel-siena-dans-le-quartier-de-via-dei-rossi-ou-dormir\/","og_locale":"fr_FR","og_type":"article","og_title":"Hotel Siena dans le quartier de Via dei Rossi O\u00f9 dormir - Hotel Minerva Siena","og_description":"Hotel Siena dans le quartier de Via dei Rossi O\u00f9 dormir Souhaitez-vous r\u00e9server un h\u00f4tel \u00e0 Sienne \u00e0 proximit\u00e9 de","og_url":"https:\/\/www.albergominerva.it\/fr\/hotel-siena-dans-le-quartier-de-via-dei-rossi-ou-dormir\/","og_site_name":"Hotel Minerva Siena","article_modified_time":"2019-07-01T13:21:52+00:00","twitter_card":"summary_large_image","twitter_misc":{"Dur\u00e9e de lecture estim\u00e9e":"2 minutes"},"schema":{"@context":"https:\/\/schema.org","@graph":[{"@type":"WebPage","@id":"https:\/\/www.albergominerva.it\/fr\/hotel-siena-dans-le-quartier-de-via-dei-rossi-ou-dormir\/","url":"https:\/\/www.albergominerva.it\/fr\/hotel-siena-dans-le-quartier-de-via-dei-rossi-ou-dormir\/","name":"Hotel Siena dans le quartier de Via dei Rossi O\u00f9 dormir - Hotel Minerva Siena","isPartOf":{"@id":"https:\/\/www.albergominerva.it\/fr\/#website"},"datePublished":"2019-03-17T22:16:20+00:00","dateModified":"2019-07-01T13:21:52+00:00","breadcrumb":{"@id":"https:\/\/www.albergominerva.it\/fr\/hotel-siena-dans-le-quartier-de-via-dei-rossi-ou-dormir\/#breadcrumb"},"inLanguage":"fr-FR","potentialAction":[{"@type":"ReadAction","target":["https:\/\/www.albergominerva.it\/fr\/hotel-siena-dans-le-quartier-de-via-dei-rossi-ou-dormir\/"]}]},{"@type":"BreadcrumbList","@id":"https:\/\/www.albergominerva.it\/fr\/hotel-siena-dans-le-quartier-de-via-dei-rossi-ou-dormir\/#breadcrumb","itemListElement":[{"@type":"ListItem","position":1,"name":"Home","item":"https:\/\/www.albergominerva.it\/fr\/"},{"@type":"ListItem","position":2,"name":"Hotel Siena dans le quartier de Via dei Rossi O\u00f9 dormir"}]},{"@type":"WebSite","@id":"https:\/\/www.albergominerva.it\/fr\/#website","url":"https:\/\/www.albergominerva.it\/fr\/","name":"Hotel Minerva Siena","description":"Hotel in Centro Storico a Siena - Toscana - Italy","potentialAction":[{"@type":"SearchAction","target":{"@type":"EntryPoint","urlTemplate":"https:\/\/www.albergominerva.it\/fr\/?s={search_term_string}"},"query-input":{"@type":"PropertyValueSpecification","valueRequired":true,"valueName":"search_term_string"}}],"inLanguage":"fr-FR"}]}},"_links":{"self":[{"href":"https:\/\/www.albergominerva.it\/fr\/wp-json\/wp\/v2\/pages\/3032","targetHints":{"allow":["GET"]}}],"collection":[{"href":"https:\/\/www.albergominerva.it\/fr\/wp-json\/wp\/v2\/pages"}],"about":[{"href":"https:\/\/www.albergominerva.it\/fr\/wp-json\/wp\/v2\/types\/page"}],"author":[{"embeddable":true,"href":"https:\/\/www.albergominerva.it\/fr\/wp-json\/wp\/v2\/users\/3"}],"replies":[{"embeddable":true,"href":"https:\/\/www.albergominerva.it\/fr\/wp-json\/wp\/v2\/comments?post=3032"}],"version-history":[{"count":2,"href":"https:\/\/www.albergominerva.it\/fr\/wp-json\/wp\/v2\/pages\/3032\/revisions"}],"predecessor-version":[{"id":3440,"href":"https:\/\/www.albergominerva.it\/fr\/wp-json\/wp\/v2\/pages\/3032\/revisions\/3440"}],"wp:attachment":[{"href":"https:\/\/www.albergominerva.it\/fr\/wp-json\/wp\/v2\/media?parent=3032"}],"curies":[{"name":"wp","href":"https:\/\/api.w.org\/{rel}","templated":true}]}}