{"id":3036,"date":"2019-03-17T22:24:46","date_gmt":"2019-03-17T22:24:46","guid":{"rendered":"https:\/\/albergominerva.it\/fr\/?page_id=3036"},"modified":"2019-07-01T16:23:12","modified_gmt":"2019-07-01T14:23:12","slug":"hotel-siena-pres-de-via-banchi-di-sopra-ou-dormir","status":"publish","type":"page","link":"https:\/\/www.albergominerva.it\/fr\/hotel-siena-pres-de-via-banchi-di-sopra-ou-dormir\/","title":{"rendered":"Hotel Siena Pr\u00e8s de Via Banchi di Sopra O\u00f9 dormir"},"content":{"rendered":"<p><strong> Souhaitez-vous effectuer une r\u00e9servation dans un h\u00f4tel de Sienne situ\u00e9 \u00e0 proximit\u00e9 de la Via Banchi di Sopra? <\/strong><\/p>\n<p><strong> Nous vous proposons ensuite de passer votre s\u00e9jour \u00e0 l&rsquo;h\u00f4tel Minerva <\/strong>, un charmant h\u00f4tel 3 \u00e9toiles situ\u00e9 dans le centre historique de Sienne et \u00e0 une courte distance de la Via Banchi di Sopra.<\/p>\n<p>Dot\u00e9 d\u2019un bar et d\u2019un garage payant, prot\u00e9g\u00e9, avec acc\u00e8s direct \u00e0 l\u2019h\u00f4tel et avec 20 places disponibles, l\u2019h\u00f4tel Minerva abrite 56 chambres climatis\u00e9es, toutes diff\u00e9rentes, avec connexion sans fil et divis\u00e9es en plusieurs parties -\u00e9conomie, standard-\u00e9l\u00e9gant, junior-suite et junior-suite double.<\/p>\n<p>Les <a href=\"http:\/\/albergominerva.it\/camere-economiche-siena-centro\/\"> chambres simples <\/a> sont situ\u00e9es \u00e0 l&rsquo;int\u00e9rieur et sont spacieuses \u00e0 partir de 16 m\u00b2.<\/p>\n<p><a href=\"http:\/\/albergominerva.it\/camere-elegant-siena-centro\/\"> Les chambres \u00e9l\u00e9gantes <\/a> offrent toutes une vue sur le centre historique de Sienne et sont spacieuses \u00e0 partir de 19 m\u00b2.<\/p>\n<p><a href=\"http:\/\/albergominerva.it\/junior-suite-siena-centro\/\"> Les Junior Suites <\/a> offrent toutes une vue sur les basiliques de San Francesco et de Provenzano et ont une superficie de 22 m\u00b2. .<\/p>\n<p><a href=\"http:\/\/albergominerva.it\/junior-suite-matrimon-siena-centro\/\"> Les Junior Suites Junior <\/a> ont une vue sur le centre historique de Sienne, ont une superficie de 19 m\u00b2 et une petite terrasse sur demande.<\/p>\n<p>En cons\u00e9quence, vous aurez la possibilit\u00e9 de choisir parmi plusieurs choix pour votre s\u00e9jour, que ce soit pour votre plaisir ou votre travail, la plupart avec une vue panoramique sur Sienne.<\/p>\n<p><strong> L&rsquo;Hotel Minerva expose ensuite p\u00e9riodiquement une v\u00e9ritable galerie d&rsquo;art contemporain <\/strong> pr\u00e9sentant des \u0153uvres d&rsquo;artistes de Sienne.<\/p>\n<p>Notre h\u00f4tel pr\u00e8s de Via Banchi di Sopra est calme et convient parfaitement aux familles avec enfants. nous avons \u00e9galement des lits disponibles, ainsi que des chauffe-biberons, des st\u00e9rilisateurs et une salle de jeux interne.<\/p>\n<p><strong> Il Minerva se trouve \u00e9galement \u00e0 proximit\u00e9 de deux terrains de jeux et de l\u2019Orto de \u2019Pecci <\/strong>, un magnifique jardin avec des animaux de la ferme.<\/p>\n<p>Le Minerva Hotel constitue \u00e9galement un excellent cadre pour les r\u00e9unions de travail puisqu&rsquo;il est \u00e9quip\u00e9 d&rsquo;une connexion Wi-Fi et d&rsquo;une salle de conf\u00e9rence donnant sur le centre historique de Sienne. Ce dernier a le droit d&rsquo;inclure jusqu&rsquo;\u00e0 40 personnes et propose une t\u00e9l\u00e9vision \u00e0 \u00e9cran LED, un vid\u00e9oprojecteur et un tableau blanc. lumineux et toutes les fonctionnalit\u00e9s les plus importantes.<\/p>\n<p>Du point de vue du petit-d\u00e9jeuner, l\u2019Hotel Minerva propose un petit-d\u00e9jeuner app\u00e9tissant italien, international et avec des confitures naturelles et s\u00e9lectionn\u00e9es.<\/p>\n<p>L&rsquo;h\u00f4tel est situ\u00e9 \u00e0 Sienne, dans la Via Garibaldi, \u00e0 72 <strong> un peu plus de 2 minutes en voiture de la gare et dans un <strong> quartier NON ZTL <\/strong>.<\/strong><\/p>\n<p>Pour passer votre s\u00e9jour dans cet h\u00f4tel \u00e0 Sienne pr\u00e8s de Via Banchi di Sopra, cliquez sur R\u00e9server en haut \u00e0 droite ou appelez le 0577.284474 ou envoyez un courriel \u00e0 info@albergominerva.it.<\/p>\n<p>En appelant ce num\u00e9ro de t\u00e9l\u00e9phone ou en r\u00e9servant sur le site Web, vous r\u00e9aliserez des \u00e9conomies consid\u00e9rables, car nous garantissons toujours le meilleur prix garanti.<\/p>\n","protected":false},"excerpt":{"rendered":"<p>Souhaitez-vous effectuer une r\u00e9servation dans un h\u00f4tel de Sienne situ\u00e9 \u00e0 proximit\u00e9 de la Via Banchi di Sopra? Nous vous<\/p>\n","protected":false},"author":3,"featured_media":0,"parent":0,"menu_order":0,"comment_status":"closed","ping_status":"closed","template":"","meta":{"_acf_changed":false,"footnotes":""},"class_list":["post-3036","page","type-page","status-publish","hentry"],"acf":[],"yoast_head":"<!-- This site is optimized with the Yoast SEO plugin v26.4 - https:\/\/yoast.com\/wordpress\/plugins\/seo\/ -->\n<title>Hotel Siena Pr\u00e8s de Via Banchi di Sopra O\u00f9 dormir - Hotel Minerva Siena<\/title>\n<meta name=\"robots\" content=\"index, follow, max-snippet:-1, max-image-preview:large, max-video-preview:-1\" \/>\n<link rel=\"canonical\" href=\"https:\/\/www.albergominerva.it\/fr\/hotel-siena-pres-de-via-banchi-di-sopra-ou-dormir\/\" \/>\n<meta property=\"og:locale\" content=\"fr_FR\" \/>\n<meta property=\"og:type\" content=\"article\" \/>\n<meta property=\"og:title\" content=\"Hotel Siena Pr\u00e8s de Via Banchi di Sopra O\u00f9 dormir - Hotel Minerva Siena\" \/>\n<meta property=\"og:description\" content=\"Souhaitez-vous effectuer une r\u00e9servation dans un h\u00f4tel de Sienne situ\u00e9 \u00e0 proximit\u00e9 de la Via Banchi di Sopra? Nous vous\" \/>\n<meta property=\"og:url\" content=\"https:\/\/www.albergominerva.it\/fr\/hotel-siena-pres-de-via-banchi-di-sopra-ou-dormir\/\" \/>\n<meta property=\"og:site_name\" content=\"Hotel Minerva Siena\" \/>\n<meta property=\"article:modified_time\" content=\"2019-07-01T14:23:12+00:00\" \/>\n<meta name=\"twitter:card\" content=\"summary_large_image\" \/>\n<meta name=\"twitter:label1\" content=\"Dur\u00e9e de lecture estim\u00e9e\" \/>\n\t<meta name=\"twitter:data1\" content=\"2 minutes\" \/>\n<script type=\"application\/ld+json\" class=\"yoast-schema-graph\">{\"@context\":\"https:\/\/schema.org\",\"@graph\":[{\"@type\":\"WebPage\",\"@id\":\"https:\/\/www.albergominerva.it\/fr\/hotel-siena-pres-de-via-banchi-di-sopra-ou-dormir\/\",\"url\":\"https:\/\/www.albergominerva.it\/fr\/hotel-siena-pres-de-via-banchi-di-sopra-ou-dormir\/\",\"name\":\"Hotel Siena Pr\u00e8s de Via Banchi di Sopra O\u00f9 dormir - Hotel Minerva Siena\",\"isPartOf\":{\"@id\":\"https:\/\/www.albergominerva.it\/fr\/#website\"},\"datePublished\":\"2019-03-17T22:24:46+00:00\",\"dateModified\":\"2019-07-01T14:23:12+00:00\",\"breadcrumb\":{\"@id\":\"https:\/\/www.albergominerva.it\/fr\/hotel-siena-pres-de-via-banchi-di-sopra-ou-dormir\/#breadcrumb\"},\"inLanguage\":\"fr-FR\",\"potentialAction\":[{\"@type\":\"ReadAction\",\"target\":[\"https:\/\/www.albergominerva.it\/fr\/hotel-siena-pres-de-via-banchi-di-sopra-ou-dormir\/\"]}]},{\"@type\":\"BreadcrumbList\",\"@id\":\"https:\/\/www.albergominerva.it\/fr\/hotel-siena-pres-de-via-banchi-di-sopra-ou-dormir\/#breadcrumb\",\"itemListElement\":[{\"@type\":\"ListItem\",\"position\":1,\"name\":\"Home\",\"item\":\"https:\/\/www.albergominerva.it\/fr\/\"},{\"@type\":\"ListItem\",\"position\":2,\"name\":\"Hotel Siena Pr\u00e8s de Via Banchi di Sopra O\u00f9 dormir\"}]},{\"@type\":\"WebSite\",\"@id\":\"https:\/\/www.albergominerva.it\/fr\/#website\",\"url\":\"https:\/\/www.albergominerva.it\/fr\/\",\"name\":\"Hotel Minerva Siena\",\"description\":\"Hotel in Centro Storico a Siena - Toscana - Italy\",\"potentialAction\":[{\"@type\":\"SearchAction\",\"target\":{\"@type\":\"EntryPoint\",\"urlTemplate\":\"https:\/\/www.albergominerva.it\/fr\/?s={search_term_string}\"},\"query-input\":{\"@type\":\"PropertyValueSpecification\",\"valueRequired\":true,\"valueName\":\"search_term_string\"}}],\"inLanguage\":\"fr-FR\"}]}<\/script>\n<!-- \/ Yoast SEO plugin. -->","yoast_head_json":{"title":"Hotel Siena Pr\u00e8s de Via Banchi di Sopra O\u00f9 dormir - Hotel Minerva Siena","robots":{"index":"index","follow":"follow","max-snippet":"max-snippet:-1","max-image-preview":"max-image-preview:large","max-video-preview":"max-video-preview:-1"},"canonical":"https:\/\/www.albergominerva.it\/fr\/hotel-siena-pres-de-via-banchi-di-sopra-ou-dormir\/","og_locale":"fr_FR","og_type":"article","og_title":"Hotel Siena Pr\u00e8s de Via Banchi di Sopra O\u00f9 dormir - Hotel Minerva Siena","og_description":"Souhaitez-vous effectuer une r\u00e9servation dans un h\u00f4tel de Sienne situ\u00e9 \u00e0 proximit\u00e9 de la Via Banchi di Sopra? Nous vous","og_url":"https:\/\/www.albergominerva.it\/fr\/hotel-siena-pres-de-via-banchi-di-sopra-ou-dormir\/","og_site_name":"Hotel Minerva Siena","article_modified_time":"2019-07-01T14:23:12+00:00","twitter_card":"summary_large_image","twitter_misc":{"Dur\u00e9e de lecture estim\u00e9e":"2 minutes"},"schema":{"@context":"https:\/\/schema.org","@graph":[{"@type":"WebPage","@id":"https:\/\/www.albergominerva.it\/fr\/hotel-siena-pres-de-via-banchi-di-sopra-ou-dormir\/","url":"https:\/\/www.albergominerva.it\/fr\/hotel-siena-pres-de-via-banchi-di-sopra-ou-dormir\/","name":"Hotel Siena Pr\u00e8s de Via Banchi di Sopra O\u00f9 dormir - Hotel Minerva Siena","isPartOf":{"@id":"https:\/\/www.albergominerva.it\/fr\/#website"},"datePublished":"2019-03-17T22:24:46+00:00","dateModified":"2019-07-01T14:23:12+00:00","breadcrumb":{"@id":"https:\/\/www.albergominerva.it\/fr\/hotel-siena-pres-de-via-banchi-di-sopra-ou-dormir\/#breadcrumb"},"inLanguage":"fr-FR","potentialAction":[{"@type":"ReadAction","target":["https:\/\/www.albergominerva.it\/fr\/hotel-siena-pres-de-via-banchi-di-sopra-ou-dormir\/"]}]},{"@type":"BreadcrumbList","@id":"https:\/\/www.albergominerva.it\/fr\/hotel-siena-pres-de-via-banchi-di-sopra-ou-dormir\/#breadcrumb","itemListElement":[{"@type":"ListItem","position":1,"name":"Home","item":"https:\/\/www.albergominerva.it\/fr\/"},{"@type":"ListItem","position":2,"name":"Hotel Siena Pr\u00e8s de Via Banchi di Sopra O\u00f9 dormir"}]},{"@type":"WebSite","@id":"https:\/\/www.albergominerva.it\/fr\/#website","url":"https:\/\/www.albergominerva.it\/fr\/","name":"Hotel Minerva Siena","description":"Hotel in Centro Storico a Siena - Toscana - Italy","potentialAction":[{"@type":"SearchAction","target":{"@type":"EntryPoint","urlTemplate":"https:\/\/www.albergominerva.it\/fr\/?s={search_term_string}"},"query-input":{"@type":"PropertyValueSpecification","valueRequired":true,"valueName":"search_term_string"}}],"inLanguage":"fr-FR"}]}},"_links":{"self":[{"href":"https:\/\/www.albergominerva.it\/fr\/wp-json\/wp\/v2\/pages\/3036","targetHints":{"allow":["GET"]}}],"collection":[{"href":"https:\/\/www.albergominerva.it\/fr\/wp-json\/wp\/v2\/pages"}],"about":[{"href":"https:\/\/www.albergominerva.it\/fr\/wp-json\/wp\/v2\/types\/page"}],"author":[{"embeddable":true,"href":"https:\/\/www.albergominerva.it\/fr\/wp-json\/wp\/v2\/users\/3"}],"replies":[{"embeddable":true,"href":"https:\/\/www.albergominerva.it\/fr\/wp-json\/wp\/v2\/comments?post=3036"}],"version-history":[{"count":2,"href":"https:\/\/www.albergominerva.it\/fr\/wp-json\/wp\/v2\/pages\/3036\/revisions"}],"predecessor-version":[{"id":3459,"href":"https:\/\/www.albergominerva.it\/fr\/wp-json\/wp\/v2\/pages\/3036\/revisions\/3459"}],"wp:attachment":[{"href":"https:\/\/www.albergominerva.it\/fr\/wp-json\/wp\/v2\/media?parent=3036"}],"curies":[{"name":"wp","href":"https:\/\/api.w.org\/{rel}","templated":true}]}}