{"id":3037,"date":"2019-03-17T22:22:52","date_gmt":"2019-03-17T22:22:52","guid":{"rendered":"https:\/\/albergominerva.it\/fr\/?page_id=3037"},"modified":"2019-03-17T22:52:45","modified_gmt":"2019-03-17T22:52:45","slug":"hotel-minerva-sienne","status":"publish","type":"page","link":"https:\/\/www.albergominerva.it\/fr\/hotel-minerva-sienne\/","title":{"rendered":"Hotel Minerva Sienne"},"content":{"rendered":"<p>L&rsquo;h\u00f4tel Minerva de Sienne est un h\u00f4tel situ\u00e9 dans le centre historique de Sienne. Il constitue la solution id\u00e9ale si vous souhaitez visiter Sienne et ses environs.<\/p>\n<p>Equip\u00e9 d&rsquo;un bar et d&rsquo;un parking payant, ferm\u00e9, avec acc\u00e8s direct \u00e0 l&rsquo;h\u00f4tel et avec 20 places disponibles, l&rsquo;h\u00f4tel Minerva comprend dans ses chambres int\u00e9rieures 56 chambres climatis\u00e9es, toutes diff\u00e9rentes, avec connexion sans fil et divis\u00e9es en Economy, \u00e9l\u00e9gante-standard, junior-suite et junior-suite double.<\/p>\n<p><a href=\"https:\/\/albergominerva.it\/fr\/que-voir-a-sienne-le-sanctuaire-de-santa-caterina\/\">Le sanctuaire de Santa Caterina<\/a>, <a href=\"https:\/\/albergominerva.it\/fr\/que-voir-a-sienne-pres-de-la-piazza-del-campo-la-loggia-della-mercanzia\/\">la loggia della mercanzia,<\/a>\u00a0<a href=\"https:\/\/albergominerva.it\/fr\/que-faire-a-sienne-un-jour-immediatement-visiter-la-basilique-de-santa-maria-dei-servi\/\">Santa Maria dei Servi<\/a>, <a href=\"https:\/\/albergominerva.it\/fr\/que-voir-a-sienne-absolument-tout-sur-la-magnifique-piazza-del-campo\/\">piazza del campo,\u00a0<\/a><a href=\"https:\/\/albergominerva.it\/fr\/cest-pourquoi-jai-choisi-le-minerva-hotel\/\">centre Sienne<\/a>, <a href=\"https:\/\/albergominerva.it\/fr\/pres-de-la-piazza-del-campo-a-sienne-le-palazzo-chigi-saracini\/\">palazzo chigi saracini<\/a>,\u00a0<a href=\"https:\/\/albergominerva.it\/fr\/hotel-a-sienne-acceptant-les-animaux-hotel-animaux-admis\/\">H\u00f4tel Animaux admis<\/a>,\u00a0<a href=\"https:\/\/albergominerva.it\/fr\/hotel-a-sienne-avec-salle-de-reunion-pour-reunions-daffaires\/\">h\u00f4tel \u00e0 Sienne avec une salle de r\u00e9union<\/a>,\u00a0 <a href=\"https:\/\/albergominerva.it\/fr\/hotel-a-sienne-avec-suite\/\">suite hotel<\/a>, <a href=\"https:\/\/albergominerva.it\/fr\/hotel-a-sienne-dans-le-quartier-universita\/\">quartier Universit\u00e0<\/a>,\u00a0<a href=\"https:\/\/albergominerva.it\/fr\/hotel-a-sienne-pour-etudiants-et-groupes-scolaires\/\">un h\u00f4tel \u00e0 Sienne id\u00e9al pour les \u00e9tudiants et les groupes scolaires<\/a>, <a href=\"https:\/\/albergominerva.it\/fr\/hotel-a-sienne-pres-du-stade-de-football-artemio-franch\/\">stadio Artemio Franchi,<\/a>\u00a0<a href=\"https:\/\/albergominerva.it\/fr\/hotel-a-siena-vicino-piazza-gramsci-fermata-stazione-degli-autobus\/\">un h\u00f4tel \u00e0 Sienne pr\u00e8s de la Piazza Gramsci,\u00a0<\/a><a href=\"https:\/\/albergominerva.it\/fr\/hotel-a-sienne-pres-de-porta-camollia\/\">Porta Camollia<\/a>, <a href=\"https:\/\/albergominerva.it\/fr\/hotel-siena-3-etoiles-centre\/\">centre,<\/a>\u00a0<a href=\"https:\/\/albergominerva.it\/fr\/hotel-sienne-courte-distance-arret-flixbus-piazzale-carlo-rosselli-12\/\">arret Flixbus stop,<\/a>\u00a0<a href=\"https:\/\/albergominerva.it\/fr\/hotel-sienne-a-courte-distance-de-la-piazza-salimbeni-ou-dormir\/\">Piazza Salimbeni,<\/a>\u00a0<a href=\"https:\/\/albergominerva.it\/fr\/hotel-siena-a-courte-distance-de-la-piazza-san-francesco-ou-dormir\/\">Piazza San Francesco<\/a>, <a href=\"https:\/\/albergominerva.it\/fr\/hotel-sienne-a-courte-distance-de-strada-delle-scotte-ou-dormir\/\">Strada delle Scotte<\/a>, <a href=\"https:\/\/albergominerva.it\/fr\/hotel-sienne-a-courte-distance-de-via-della-sapienza-ou-dormir\/\">via della Sapienza,<\/a>\u00a0<a href=\"https:\/\/albergominerva.it\/fr\/hotel-sienne-a-courte-distance-de-via-mattioli-ou-dormir\/\">via Mattioli<\/a>, <a href=\"https:\/\/albergominerva.it\/fr\/hotel-sienne-a-courte-distance-du-baptistere-de-san-giovanni\/\">baptistere de san giovanni<\/a>, <a href=\"https:\/\/albergominerva.it\/fr\/quelles-sont-les-principales-attractions-de-sienne-decouvrons-il-duomo\/\">Il Duomo<\/a>, <a href=\"https:\/\/albergominerva.it\/fr\/quels-sont-les-principaux-pubs-et-clubs-de-sienne\/\">pubs et clubs,<\/a>\u00a0<a href=\"https:\/\/albergominerva.it\/en\/quels-sont-les-meilleurs-restaurants-de-sienne-a-essayer\/\">restaurants,<\/a>\u00a0<a href=\"https:\/\/albergominerva.it\/fr\/quelles-attractions-a-voir-a-sienne-la-merveilleuse-basilique-de-san-francesco\/\">basilique de san Francesco,<\/a>\u00a0<a href=\"https:\/\/albergominerva.it\/fr\/porta-tufi-a-sienne\/\">Porta Tufi<\/a>, <a href=\"https:\/\/albergominerva.it\/fr\/porta-san-marco\/\">Porta San Marco<\/a>, <a href=\"https:\/\/albergominerva.it\/fr\/porta-romana\/\">Porta Romana,<\/a>\u00a0<a href=\"https:\/\/albergominerva.it\/fr\/la-galerie-nationale-de-photos-de-sienne-une-collection-de-peintures-vraiment-magnifiques\/\">Gallerie nationale<\/a>, <a href=\"https:\/\/albergominerva.it\/fr\/les-meilleurs-musees-de-sienne-a-visiter-le-musee-municipal-de-la-piazza-del-campo\/\">piazza del campo,<\/a>\u00a0<a href=\"https:\/\/albergominerva.it\/fr\/la-torre-del-mangia-sur-la-piazza-del-campo\/\">La\u00a0torre del mangia,<\/a>\u00a0<a href=\"https:\/\/albergominerva.it\/fr\/la-sinagoga-di-siena-vicino-piazza-del-campo\/\">Synagogue,\u00a0<\/a><a href=\"https:\/\/albergominerva.it\/fr\/monuments-a-visiter-a-sienne-la-meravigliosa-fontebranda\/\">Fontebranda,<\/a>\u00a0<a href=\"https:\/\/albergominerva.it\/fr\/musees-a-visiter-a-sienne-musee-des-tablettes-biccherna\/\">Musem Biccherna<\/a>,\u00a0<a href=\"https:\/\/albergominerva.it\/fr\/musees-a-visiter-a-sienne-le-magnifique-oratoire-de-la-compagnie-de-san-bernardino\/\">oratoire de la Compagnie de San Bernardino<\/a>,\u00a0<a href=\"https:\/\/albergominerva.it\/fr\/les-musees-siennois-a-ne-pas-manquer-le-musee-diocesain-dart-sacre\/\">mus\u00e9e dioc\u00e9sain d&rsquo;art sacr\u00e9<\/a>, <a href=\"https:\/\/albergominerva.it\/fr\/palais-historiques-de-sienne-sur-la-piazza-del-campo-le-palais-sansedoni\/\">palais Sansedoni,<\/a>\u00a0<a href=\"https:\/\/albergominerva.it\/fr\/porta-camollia-a-sienne-pour-entrer-dans-le-centre-historique\/\">Porta camollia,<\/a>\u00a0<a href=\"https:\/\/albergominerva.it\/fr\/porta-fontebranda\/\">Porttta Fontebranda,<\/a>\u00a0<a href=\"https:\/\/albergominerva.it\/fr\/porta-ovile-a-sienne\/\">Porta ovile,<\/a>\u00a0<a href=\"https:\/\/albergominerva.it\/fr\/hotel-siena-in-zona-tribunale\/\">zona tribunale,<\/a>\u00a0<a href=\"https:\/\/albergominerva.it\/fr\/hotel-siena-dans-le-quartier-de-via-dei-rossi-ou-dormir\/\">via dei rossi,<\/a>\u00a0<a href=\"https:\/\/albergominerva.it\/fr\/hotel-siena-pres-de-banchi-di-sotto-ou-dormir\/\">Banchi di Sotto,<\/a>\u00a0<a href=\"https:\/\/albergominerva.it\/fr\/hotel-siena-pres-de-via-banchi-di-sopra-ou-dormir\/\">Banchi di sopra,<\/a>\u00a0<a href=\"https:\/\/albergominerva.it\/fr\/hotel-siena-per-gruppi\/\">Hotel Siena Pour Groupes<\/a>, <a href=\"https:\/\/albergominerva.it\/fr\/hotel-siena-pres-du-palazzo-tolomei\/\">Palazzo Tolomei,<\/a>\u00a0<a href=\"https:\/\/albergominerva.it\/fr\/hotel-sienne-pres-du-duomo\/\">Duomo Sienne Hotel,<\/a>\u00a0<a href=\"https:\/\/albergominerva.it\/fr\/hotel-siena-pres-du-sanctuaire-de-santa-caterina\/\">Santa Caterina,<\/a>\u00a0<a href=\"https:\/\/albergominerva.it\/fr\/hotel-siena-pres-de-la-gare\/\">La gare,<\/a>\u00a0<a href=\"https:\/\/albergominerva.it\/en\/hotel-siena-pres-du-siege-de-piaggio-via-guccio-di-mannaia-ou-dormir\/\">siege Piaggio,<\/a>\u00a0<a href=\"https:\/\/albergominerva.it\/minerva\/wp-admin\/post.php?post=3056&amp;action=edit&amp;lang=fr\">basilique San Domenico,<\/a>\u00a0<a href=\"https:\/\/albergominerva.it\/fr\/hotel-siena-pres-de-la-basilique-de-san-francesco\/\">basilique San Francesco,<\/a><\/p>\n<p>&nbsp;<\/p>\n<p>L\u2019h\u00f4tel est situ\u00e9 \u00e0 Sienne, dans la Via Garibaldi, \u00e0 72\u00a0<strong>un peu plus de 2 minutes en voiture de la gare et dans un\u00a0quartier NON ZTL\u00a0.<\/strong><\/p>\n<p>Pour passer votre s\u00e9jour dans cet h\u00f4tel \u00e0 Sienne pr\u00e8s de Via Banchi di Sopra, cliquez sur R\u00e9server en haut \u00e0 droite ou appelez le 0577.284474 ou envoyez un courriel \u00e0 info@albergominerva.it.<\/p>\n<p>En appelant ce num\u00e9ro de t\u00e9l\u00e9phone ou en r\u00e9servant sur le site Web, vous r\u00e9aliserez des \u00e9conomies consid\u00e9rables, car nous garantissons toujours le meilleur prix garanti.<\/p>\n<p>&nbsp;<\/p>\n","protected":false},"excerpt":{"rendered":"<p>L&rsquo;h\u00f4tel Minerva de Sienne est un h\u00f4tel situ\u00e9 dans le centre historique de Sienne. Il constitue la solution id\u00e9ale si<\/p>\n","protected":false},"author":3,"featured_media":0,"parent":0,"menu_order":0,"comment_status":"closed","ping_status":"closed","template":"","meta":{"_acf_changed":false,"footnotes":""},"class_list":["post-3037","page","type-page","status-publish","hentry"],"acf":[],"yoast_head":"<!-- This site is optimized with the Yoast SEO plugin v27.4 - https:\/\/yoast.com\/product\/yoast-seo-wordpress\/ -->\n<title>Hotel Minerva Sienne - Hotel Minerva Siena<\/title>\n<meta name=\"robots\" content=\"index, follow, max-snippet:-1, max-image-preview:large, max-video-preview:-1\" \/>\n<link rel=\"canonical\" href=\"https:\/\/www.albergominerva.it\/fr\/hotel-minerva-sienne\/\" \/>\n<meta property=\"og:locale\" content=\"fr_FR\" \/>\n<meta property=\"og:type\" content=\"article\" \/>\n<meta property=\"og:title\" content=\"Hotel Minerva Sienne - Hotel Minerva Siena\" \/>\n<meta property=\"og:description\" content=\"L&rsquo;h\u00f4tel Minerva de Sienne est un h\u00f4tel situ\u00e9 dans le centre historique de Sienne. Il constitue la solution id\u00e9ale si\" \/>\n<meta property=\"og:url\" content=\"https:\/\/www.albergominerva.it\/fr\/hotel-minerva-sienne\/\" \/>\n<meta property=\"og:site_name\" content=\"Hotel Minerva Siena\" \/>\n<meta property=\"article:modified_time\" content=\"2019-03-17T22:52:45+00:00\" \/>\n<meta name=\"twitter:card\" content=\"summary_large_image\" \/>\n<meta name=\"twitter:label1\" content=\"Dur\u00e9e de lecture estim\u00e9e\" \/>\n\t<meta name=\"twitter:data1\" content=\"2 minutes\" \/>\n<script type=\"application\/ld+json\" class=\"yoast-schema-graph\">{\"@context\":\"https:\\\/\\\/schema.org\",\"@graph\":[{\"@type\":\"WebPage\",\"@id\":\"https:\\\/\\\/www.albergominerva.it\\\/fr\\\/hotel-minerva-sienne\\\/\",\"url\":\"https:\\\/\\\/www.albergominerva.it\\\/fr\\\/hotel-minerva-sienne\\\/\",\"name\":\"Hotel Minerva Sienne - Hotel Minerva Siena\",\"isPartOf\":{\"@id\":\"https:\\\/\\\/www.albergominerva.it\\\/fr\\\/#website\"},\"datePublished\":\"2019-03-17T22:22:52+00:00\",\"dateModified\":\"2019-03-17T22:52:45+00:00\",\"breadcrumb\":{\"@id\":\"https:\\\/\\\/www.albergominerva.it\\\/fr\\\/hotel-minerva-sienne\\\/#breadcrumb\"},\"inLanguage\":\"fr-FR\",\"potentialAction\":[{\"@type\":\"ReadAction\",\"target\":[\"https:\\\/\\\/www.albergominerva.it\\\/fr\\\/hotel-minerva-sienne\\\/\"]}]},{\"@type\":\"BreadcrumbList\",\"@id\":\"https:\\\/\\\/www.albergominerva.it\\\/fr\\\/hotel-minerva-sienne\\\/#breadcrumb\",\"itemListElement\":[{\"@type\":\"ListItem\",\"position\":1,\"name\":\"Home\",\"item\":\"https:\\\/\\\/www.albergominerva.it\\\/fr\\\/\"},{\"@type\":\"ListItem\",\"position\":2,\"name\":\"Hotel Minerva Sienne\"}]},{\"@type\":\"WebSite\",\"@id\":\"https:\\\/\\\/www.albergominerva.it\\\/fr\\\/#website\",\"url\":\"https:\\\/\\\/www.albergominerva.it\\\/fr\\\/\",\"name\":\"Hotel Minerva Siena\",\"description\":\"Hotel in Centro Storico a Siena - Toscana - Italy\",\"potentialAction\":[{\"@type\":\"SearchAction\",\"target\":{\"@type\":\"EntryPoint\",\"urlTemplate\":\"https:\\\/\\\/www.albergominerva.it\\\/fr\\\/?s={search_term_string}\"},\"query-input\":{\"@type\":\"PropertyValueSpecification\",\"valueRequired\":true,\"valueName\":\"search_term_string\"}}],\"inLanguage\":\"fr-FR\"}]}<\/script>\n<!-- \/ Yoast SEO plugin. -->","yoast_head_json":{"title":"Hotel Minerva Sienne - Hotel Minerva Siena","robots":{"index":"index","follow":"follow","max-snippet":"max-snippet:-1","max-image-preview":"max-image-preview:large","max-video-preview":"max-video-preview:-1"},"canonical":"https:\/\/www.albergominerva.it\/fr\/hotel-minerva-sienne\/","og_locale":"fr_FR","og_type":"article","og_title":"Hotel Minerva Sienne - Hotel Minerva Siena","og_description":"L&rsquo;h\u00f4tel Minerva de Sienne est un h\u00f4tel situ\u00e9 dans le centre historique de Sienne. Il constitue la solution id\u00e9ale si","og_url":"https:\/\/www.albergominerva.it\/fr\/hotel-minerva-sienne\/","og_site_name":"Hotel Minerva Siena","article_modified_time":"2019-03-17T22:52:45+00:00","twitter_card":"summary_large_image","twitter_misc":{"Dur\u00e9e de lecture estim\u00e9e":"2 minutes"},"schema":{"@context":"https:\/\/schema.org","@graph":[{"@type":"WebPage","@id":"https:\/\/www.albergominerva.it\/fr\/hotel-minerva-sienne\/","url":"https:\/\/www.albergominerva.it\/fr\/hotel-minerva-sienne\/","name":"Hotel Minerva Sienne - Hotel Minerva Siena","isPartOf":{"@id":"https:\/\/www.albergominerva.it\/fr\/#website"},"datePublished":"2019-03-17T22:22:52+00:00","dateModified":"2019-03-17T22:52:45+00:00","breadcrumb":{"@id":"https:\/\/www.albergominerva.it\/fr\/hotel-minerva-sienne\/#breadcrumb"},"inLanguage":"fr-FR","potentialAction":[{"@type":"ReadAction","target":["https:\/\/www.albergominerva.it\/fr\/hotel-minerva-sienne\/"]}]},{"@type":"BreadcrumbList","@id":"https:\/\/www.albergominerva.it\/fr\/hotel-minerva-sienne\/#breadcrumb","itemListElement":[{"@type":"ListItem","position":1,"name":"Home","item":"https:\/\/www.albergominerva.it\/fr\/"},{"@type":"ListItem","position":2,"name":"Hotel Minerva Sienne"}]},{"@type":"WebSite","@id":"https:\/\/www.albergominerva.it\/fr\/#website","url":"https:\/\/www.albergominerva.it\/fr\/","name":"Hotel Minerva Siena","description":"Hotel in Centro Storico a Siena - Toscana - Italy","potentialAction":[{"@type":"SearchAction","target":{"@type":"EntryPoint","urlTemplate":"https:\/\/www.albergominerva.it\/fr\/?s={search_term_string}"},"query-input":{"@type":"PropertyValueSpecification","valueRequired":true,"valueName":"search_term_string"}}],"inLanguage":"fr-FR"}]}},"_links":{"self":[{"href":"https:\/\/www.albergominerva.it\/fr\/wp-json\/wp\/v2\/pages\/3037","targetHints":{"allow":["GET"]}}],"collection":[{"href":"https:\/\/www.albergominerva.it\/fr\/wp-json\/wp\/v2\/pages"}],"about":[{"href":"https:\/\/www.albergominerva.it\/fr\/wp-json\/wp\/v2\/types\/page"}],"author":[{"embeddable":true,"href":"https:\/\/www.albergominerva.it\/fr\/wp-json\/wp\/v2\/users\/3"}],"replies":[{"embeddable":true,"href":"https:\/\/www.albergominerva.it\/fr\/wp-json\/wp\/v2\/comments?post=3037"}],"version-history":[{"count":3,"href":"https:\/\/www.albergominerva.it\/fr\/wp-json\/wp\/v2\/pages\/3037\/revisions"}],"predecessor-version":[{"id":3061,"href":"https:\/\/www.albergominerva.it\/fr\/wp-json\/wp\/v2\/pages\/3037\/revisions\/3061"}],"wp:attachment":[{"href":"https:\/\/www.albergominerva.it\/fr\/wp-json\/wp\/v2\/media?parent=3037"}],"curies":[{"name":"wp","href":"https:\/\/api.w.org\/{rel}","templated":true}]}}