{"id":3045,"date":"2019-03-17T22:31:46","date_gmt":"2019-03-17T22:31:46","guid":{"rendered":"https:\/\/albergominerva.it\/fr\/?page_id=3045"},"modified":"2019-07-01T15:37:41","modified_gmt":"2019-07-01T13:37:41","slug":"hotel-siena-pres-du-palazzo-tolomei","status":"publish","type":"page","link":"https:\/\/www.albergominerva.it\/fr\/hotel-siena-pres-du-palazzo-tolomei\/","title":{"rendered":"Hotel Siena pr\u00e8s du Palazzo Tolomei"},"content":{"rendered":"<p><strong> Vous recherchez un h\u00f4tel \u00e0 Sienne \u00e0 proximit\u00e9 du Palazzo Tolomei? <\/strong><\/p>\n<p><strong> Dans ce cas, nous vous conseillons de r\u00e9server l\u2019Hotel Minerva <\/strong>, un bel h\u00f4tel 3 \u00e9toiles situ\u00e9 dans le centre historique de Sienne et \u00e0 une courte distance du Palazzo Tolomei.<\/p>\n<p>Equip\u00e9 d&rsquo;un bar et d&rsquo;un garage payant, ferm\u00e9, avec entr\u00e9e directe \u00e0 l&rsquo;h\u00f4tel et avec 20 places disponibles, l&rsquo;h\u00f4tel Minerva comprend 56 chambres climatis\u00e9es, toutes diff\u00e9rentes, avec connexion sans fil et qui se divisent en deux cat\u00e9gories: easy-economy , standard-\u00e9l\u00e9gant, junior-suite et junior-suite double.<\/p>\n<p>Les <a href=\"http:\/\/albergominerva.it\/camere-economiche-siena-centro\/\"> chambres simples <\/a> sont situ\u00e9es \u00e0 l&rsquo;int\u00e9rieur et sont spacieuses \u00e0 partir de 16 m\u00b2.<\/p>\n<p>Les <a href=\"http:\/\/albergominerva.it\/camere-elegant-siena-centro\/\"> chambres \u00e9l\u00e9gantes <\/a> offrent toutes une vue sur le centre historique de Sienne et sont spacieuses \u00e0 partir de 19 m\u00b2.<\/p>\n<p>Les <a href=\"http:\/\/albergominerva.it\/junior-suite-siena-centro\/\"> suites junior <\/a> offrent toutes une vue sur les basiliques de San Francesco et de Provenzano et sont spacieuses \u00e0 partir de 22 m\u00b2.<\/p>\n<p><a href=\"http:\/\/albergominerva.it\/junior-suite-matrimon-siena-centro\/\"> Les Junior Suites Junior <\/a> offrent une vue sur le centre historique de Sienne et sont spacieuses \u00e0 partir de 19 m\u00b2. une petite terrasse sur demande.<\/p>\n<p>Vous pourrez donc choisir parmi de nombreuses alternatives pour votre halte pour le plaisir ou les affaires, dont beaucoup offrent une vue panoramique sur Sienne.<\/p>\n<p><strong> L&rsquo;Hotel Minerva pr\u00e9sente ensuite, dans ses salles int\u00e9rieures, une v\u00e9ritable galerie d&rsquo;art contemporain <\/strong> qui propose des \u0153uvres d&rsquo;artistes siennois.<\/p>\n<p>Notre h\u00f4tel situ\u00e9 dans le quartier de Palazzo Tolomei est calme et convient parfaitement aux familles avec enfants. nous avons m\u00eame des lits disponibles, ainsi que des chauffe-biberons, des st\u00e9rilisateurs et une salle de jeux interne.<\/p>\n<p><strong> Il Minerva se trouve \u00e9galement \u00e0 proximit\u00e9 de deux terrains de jeux et de l\u2019Orto de \u2019Pecci <\/strong>, un magnifique jardin avec des animaux de la ferme.<\/p>\n<p>L&rsquo;h\u00f4tel Minerva est \u00e9galement un lieu unique pour les r\u00e9unions de travail car il est \u00e9quip\u00e9 d&rsquo;une connexion Wi-Fi et d&rsquo;une salle de conf\u00e9rence donnant sur le centre-ville historique pouvant accueillir jusqu&rsquo;\u00e0 40 personnes. Il est \u00e9quip\u00e9 d&rsquo;une t\u00e9l\u00e9vision \u00e0 LED, d&rsquo;un vid\u00e9oprojecteur et d&rsquo;un r\u00e9troprojecteur. et toutes les fonctionnalit\u00e9s les plus importantes.<\/p>\n<p>En ce qui concerne le petit-d\u00e9jeuner, l\u2019h\u00f4tel Minerva propose un d\u00e9licieux petit-d\u00e9jeuner italien, international et avec des confitures naturelles et s\u00e9lectionn\u00e9es.<\/p>\n<p>L&rsquo;h\u00f4tel est situ\u00e9 \u00e0 Sienne, dans la Via Garibaldi, \u00e0 72 minutes de la gare et \u00e0 <strong> 2 minutes en voiture et dans un <strong> quartier NON ZTL <\/strong>.<\/strong><\/p>\n<p>Pour faire une r\u00e9servation dans cet h\u00f4tel de Sienne pr\u00e8s du Palazzo Tolomei, cliquez sur R\u00e9server en haut \u00e0 droite ou appelez le 0577.284474 ou envoyez un courriel \u00e0 info@albergominerva.it.<\/p>\n<p>En contactant ce num\u00e9ro de t\u00e9l\u00e9phone ou en r\u00e9servant sur le site, vous pouvez \u00e9conomiser de l&rsquo;argent car nous vous garantissons le meilleur prix garanti \u00e0 tout moment.<\/p>\n","protected":false},"excerpt":{"rendered":"<p>Vous recherchez un h\u00f4tel \u00e0 Sienne \u00e0 proximit\u00e9 du Palazzo Tolomei? Dans ce cas, nous vous conseillons de r\u00e9server l\u2019Hotel<\/p>\n","protected":false},"author":3,"featured_media":0,"parent":0,"menu_order":0,"comment_status":"closed","ping_status":"closed","template":"","meta":{"_acf_changed":false,"footnotes":""},"class_list":["post-3045","page","type-page","status-publish","hentry"],"acf":[],"yoast_head":"<!-- This site is optimized with the Yoast SEO plugin v27.4 - https:\/\/yoast.com\/product\/yoast-seo-wordpress\/ -->\n<title>Hotel Siena pr\u00e8s du Palazzo Tolomei - Hotel Minerva Siena<\/title>\n<meta name=\"robots\" content=\"index, follow, max-snippet:-1, max-image-preview:large, max-video-preview:-1\" \/>\n<link rel=\"canonical\" href=\"https:\/\/www.albergominerva.it\/fr\/hotel-siena-pres-du-palazzo-tolomei\/\" \/>\n<meta property=\"og:locale\" content=\"fr_FR\" \/>\n<meta property=\"og:type\" content=\"article\" \/>\n<meta property=\"og:title\" content=\"Hotel Siena pr\u00e8s du Palazzo Tolomei - Hotel Minerva Siena\" \/>\n<meta property=\"og:description\" content=\"Vous recherchez un h\u00f4tel \u00e0 Sienne \u00e0 proximit\u00e9 du Palazzo Tolomei? Dans ce cas, nous vous conseillons de r\u00e9server l\u2019Hotel\" \/>\n<meta property=\"og:url\" content=\"https:\/\/www.albergominerva.it\/fr\/hotel-siena-pres-du-palazzo-tolomei\/\" \/>\n<meta property=\"og:site_name\" content=\"Hotel Minerva Siena\" \/>\n<meta property=\"article:modified_time\" content=\"2019-07-01T13:37:41+00:00\" \/>\n<meta name=\"twitter:card\" content=\"summary_large_image\" \/>\n<meta name=\"twitter:label1\" content=\"Dur\u00e9e de lecture estim\u00e9e\" \/>\n\t<meta name=\"twitter:data1\" content=\"2 minutes\" \/>\n<script type=\"application\/ld+json\" class=\"yoast-schema-graph\">{\"@context\":\"https:\\\/\\\/schema.org\",\"@graph\":[{\"@type\":\"WebPage\",\"@id\":\"https:\\\/\\\/www.albergominerva.it\\\/fr\\\/hotel-siena-pres-du-palazzo-tolomei\\\/\",\"url\":\"https:\\\/\\\/www.albergominerva.it\\\/fr\\\/hotel-siena-pres-du-palazzo-tolomei\\\/\",\"name\":\"Hotel Siena pr\u00e8s du Palazzo Tolomei - Hotel Minerva Siena\",\"isPartOf\":{\"@id\":\"https:\\\/\\\/www.albergominerva.it\\\/fr\\\/#website\"},\"datePublished\":\"2019-03-17T22:31:46+00:00\",\"dateModified\":\"2019-07-01T13:37:41+00:00\",\"breadcrumb\":{\"@id\":\"https:\\\/\\\/www.albergominerva.it\\\/fr\\\/hotel-siena-pres-du-palazzo-tolomei\\\/#breadcrumb\"},\"inLanguage\":\"fr-FR\",\"potentialAction\":[{\"@type\":\"ReadAction\",\"target\":[\"https:\\\/\\\/www.albergominerva.it\\\/fr\\\/hotel-siena-pres-du-palazzo-tolomei\\\/\"]}]},{\"@type\":\"BreadcrumbList\",\"@id\":\"https:\\\/\\\/www.albergominerva.it\\\/fr\\\/hotel-siena-pres-du-palazzo-tolomei\\\/#breadcrumb\",\"itemListElement\":[{\"@type\":\"ListItem\",\"position\":1,\"name\":\"Home\",\"item\":\"https:\\\/\\\/www.albergominerva.it\\\/fr\\\/\"},{\"@type\":\"ListItem\",\"position\":2,\"name\":\"Hotel Siena pr\u00e8s du Palazzo Tolomei\"}]},{\"@type\":\"WebSite\",\"@id\":\"https:\\\/\\\/www.albergominerva.it\\\/fr\\\/#website\",\"url\":\"https:\\\/\\\/www.albergominerva.it\\\/fr\\\/\",\"name\":\"Hotel Minerva Siena\",\"description\":\"Hotel in Centro Storico a Siena - Toscana - Italy\",\"potentialAction\":[{\"@type\":\"SearchAction\",\"target\":{\"@type\":\"EntryPoint\",\"urlTemplate\":\"https:\\\/\\\/www.albergominerva.it\\\/fr\\\/?s={search_term_string}\"},\"query-input\":{\"@type\":\"PropertyValueSpecification\",\"valueRequired\":true,\"valueName\":\"search_term_string\"}}],\"inLanguage\":\"fr-FR\"}]}<\/script>\n<!-- \/ Yoast SEO plugin. -->","yoast_head_json":{"title":"Hotel Siena pr\u00e8s du Palazzo Tolomei - Hotel Minerva Siena","robots":{"index":"index","follow":"follow","max-snippet":"max-snippet:-1","max-image-preview":"max-image-preview:large","max-video-preview":"max-video-preview:-1"},"canonical":"https:\/\/www.albergominerva.it\/fr\/hotel-siena-pres-du-palazzo-tolomei\/","og_locale":"fr_FR","og_type":"article","og_title":"Hotel Siena pr\u00e8s du Palazzo Tolomei - Hotel Minerva Siena","og_description":"Vous recherchez un h\u00f4tel \u00e0 Sienne \u00e0 proximit\u00e9 du Palazzo Tolomei? Dans ce cas, nous vous conseillons de r\u00e9server l\u2019Hotel","og_url":"https:\/\/www.albergominerva.it\/fr\/hotel-siena-pres-du-palazzo-tolomei\/","og_site_name":"Hotel Minerva Siena","article_modified_time":"2019-07-01T13:37:41+00:00","twitter_card":"summary_large_image","twitter_misc":{"Dur\u00e9e de lecture estim\u00e9e":"2 minutes"},"schema":{"@context":"https:\/\/schema.org","@graph":[{"@type":"WebPage","@id":"https:\/\/www.albergominerva.it\/fr\/hotel-siena-pres-du-palazzo-tolomei\/","url":"https:\/\/www.albergominerva.it\/fr\/hotel-siena-pres-du-palazzo-tolomei\/","name":"Hotel Siena pr\u00e8s du Palazzo Tolomei - Hotel Minerva Siena","isPartOf":{"@id":"https:\/\/www.albergominerva.it\/fr\/#website"},"datePublished":"2019-03-17T22:31:46+00:00","dateModified":"2019-07-01T13:37:41+00:00","breadcrumb":{"@id":"https:\/\/www.albergominerva.it\/fr\/hotel-siena-pres-du-palazzo-tolomei\/#breadcrumb"},"inLanguage":"fr-FR","potentialAction":[{"@type":"ReadAction","target":["https:\/\/www.albergominerva.it\/fr\/hotel-siena-pres-du-palazzo-tolomei\/"]}]},{"@type":"BreadcrumbList","@id":"https:\/\/www.albergominerva.it\/fr\/hotel-siena-pres-du-palazzo-tolomei\/#breadcrumb","itemListElement":[{"@type":"ListItem","position":1,"name":"Home","item":"https:\/\/www.albergominerva.it\/fr\/"},{"@type":"ListItem","position":2,"name":"Hotel Siena pr\u00e8s du Palazzo Tolomei"}]},{"@type":"WebSite","@id":"https:\/\/www.albergominerva.it\/fr\/#website","url":"https:\/\/www.albergominerva.it\/fr\/","name":"Hotel Minerva Siena","description":"Hotel in Centro Storico a Siena - Toscana - Italy","potentialAction":[{"@type":"SearchAction","target":{"@type":"EntryPoint","urlTemplate":"https:\/\/www.albergominerva.it\/fr\/?s={search_term_string}"},"query-input":{"@type":"PropertyValueSpecification","valueRequired":true,"valueName":"search_term_string"}}],"inLanguage":"fr-FR"}]}},"_links":{"self":[{"href":"https:\/\/www.albergominerva.it\/fr\/wp-json\/wp\/v2\/pages\/3045","targetHints":{"allow":["GET"]}}],"collection":[{"href":"https:\/\/www.albergominerva.it\/fr\/wp-json\/wp\/v2\/pages"}],"about":[{"href":"https:\/\/www.albergominerva.it\/fr\/wp-json\/wp\/v2\/types\/page"}],"author":[{"embeddable":true,"href":"https:\/\/www.albergominerva.it\/fr\/wp-json\/wp\/v2\/users\/3"}],"replies":[{"embeddable":true,"href":"https:\/\/www.albergominerva.it\/fr\/wp-json\/wp\/v2\/comments?post=3045"}],"version-history":[{"count":2,"href":"https:\/\/www.albergominerva.it\/fr\/wp-json\/wp\/v2\/pages\/3045\/revisions"}],"predecessor-version":[{"id":3451,"href":"https:\/\/www.albergominerva.it\/fr\/wp-json\/wp\/v2\/pages\/3045\/revisions\/3451"}],"wp:attachment":[{"href":"https:\/\/www.albergominerva.it\/fr\/wp-json\/wp\/v2\/media?parent=3045"}],"curies":[{"name":"wp","href":"https:\/\/api.w.org\/{rel}","templated":true}]}}