{"id":3048,"date":"2019-03-17T22:35:05","date_gmt":"2019-03-17T22:35:05","guid":{"rendered":"https:\/\/albergominerva.it\/fr\/?page_id=3048"},"modified":"2019-03-17T22:35:05","modified_gmt":"2019-03-17T22:35:05","slug":"hotel-sienne-pres-du-duomo","status":"publish","type":"page","link":"https:\/\/www.albergominerva.it\/fr\/hotel-sienne-pres-du-duomo\/","title":{"rendered":"H\u00f4tel Sienne pr\u00e8s du Duomo"},"content":{"rendered":"<p><strong> Vous recherchez un h\u00f4tel \u00e0 Sienne \u00e0 proximit\u00e9 du Duomo? <\/strong><\/p>\n<p><strong> Dans ce cas, nous vous recommandons de r\u00e9server \u00e0 l&rsquo;h\u00f4tel Minerva <\/strong>, un bel h\u00f4tel 3 \u00e9toiles situ\u00e9 dans le centre de Sienne et \u00e0 une courte distance du Duomo.<\/p>\n<p>Equip\u00e9 d&rsquo;un bar et d&rsquo;un garage payant, prot\u00e9g\u00e9, avec entr\u00e9e directe \u00e0 l&rsquo;h\u00f4tel et avec 20 places disponibles, l&rsquo;h\u00f4tel Minerva contient dans ses chambres int\u00e9rieures 56 chambres climatis\u00e9es, toutes diff\u00e9rentes, avec connexion sans fil et qui sont divis\u00e9es dans les cat\u00e9gories easy-economy, elegante-standard, junior-suite et junior-suite double.<\/p>\n<p><a href=\"http:\/\/albergominerva.it\/camere-economiche-siena-centro\/\"> Les Easy rooms <\/a> sont am\u00e9nag\u00e9es dans la partie int\u00e9rieure et ont une superficie \u00e0 partir de 16 m\u00b2.<\/p>\n<p><a href=\"http:\/\/albergominerva.it\/camere-elegant-siena-centro\/\"> Les \u00e9l\u00e9gantes chambres <\/a> offrent toutes une vue sur le centre historique de Sienne et ont une superficie de 19 m\u00b2.<\/p>\n<p>Les <a href=\"http:\/\/albergominerva.it\/junior-suite-siena-centro\/\"> suites junior <\/a> offrent toutes une vue sur les basiliques de San Francesco et de Provenzano et sont spacieuses \u00e0 partir de 22 m\u00b2.<\/p>\n<p><a href=\"http:\/\/albergominerva.it\/junior-suite-matrimon-siena-centro\/\"> Les Junior Suites Junior <\/a> ont une vue sur le centre historique de Sienne, ont une superficie de 19 m\u00b2 et une petite terrasse sur demande.<\/p>\n<p>Ainsi, vous pourrez choisir parmi de nombreuses alternatives pour votre halte, que ce soit pour le plaisir ou pour le travail, dont beaucoup offrent une vue panoramique sur Sienne.<\/p>\n<p><strong> L&rsquo;Hotel Minerva expose ensuite, \u00e0 intervalles r\u00e9guliers, une v\u00e9ritable galerie d&rsquo;art <\/strong> moderne proposant des \u0153uvres de peintres de Sienne.<\/p>\n<p>Notre h\u00f4tel pr\u00e8s du Duomo est calme et convient parfaitement aux parents avec enfants. nous avons \u00e9galement des lits disponibles, ainsi que des chauffe-biberons, des st\u00e9rilisateurs et une salle de jeux interne.<\/p>\n<p><strong> La Minerva est \u00e9galement proche de deux terrains de jeux et de l\u2019Orto de \u2019Pecci <\/strong>, un magnifique jardin avec des animaux de la ferme.<\/p>\n<p>L&rsquo;Hotel Minerva est \u00e9galement un lieu unique pour les r\u00e9unions de travail car il est \u00e9quip\u00e9 d&rsquo;une connexion Wi-Fi et d&rsquo;une salle de conf\u00e9rence donnant sur le centre-ville historique, pouvant accueillir jusqu&rsquo;\u00e0 40 personnes. Il comprend une t\u00e9l\u00e9vision \u00e0 \u00e9cran LED, un vid\u00e9oprojecteur et un tableau blanc. la lumi\u00e8re et tous les \u00e9quipements les plus importants.<\/p>\n<p>Du point de vue du petit-d\u00e9jeuner, l\u2019Hotel Minerva propose un d\u00e9licieux petit-d\u00e9jeuner italien et international compos\u00e9 de confitures naturelles et s\u00e9lectionn\u00e9es.<\/p>\n<p>Vous trouverez l\u2019h\u00f4tel \u00e0 Sienne sur la Via Garibaldi, \u00e0 72 minutes de voiture de la gare et dans un <strong> quartier NON ZTL <\/strong>.<\/p>\n<p>Pour r\u00e9server cet h\u00f4tel \u00e0 Sienne pr\u00e8s du Duomo, cliquez sur R\u00e9server dans le coin sup\u00e9rieur droit ou appelez le 0577.284474 ou envoyez un courriel \u00e0 info@albergominerva.it.<\/p>\n<p>En appelant ce num\u00e9ro de t\u00e9l\u00e9phone ou en r\u00e9servant \u00e0 partir du site, vous pouvez r\u00e9aliser une \u00e9conomie importante, car nous vous garantissons \u00e0 tout moment le meilleur prix garanti.<\/p>\n","protected":false},"excerpt":{"rendered":"<p>Vous recherchez un h\u00f4tel \u00e0 Sienne \u00e0 proximit\u00e9 du Duomo? Dans ce cas, nous vous recommandons de r\u00e9server \u00e0 l&rsquo;h\u00f4tel<\/p>\n","protected":false},"author":3,"featured_media":0,"parent":0,"menu_order":0,"comment_status":"closed","ping_status":"closed","template":"","meta":{"_acf_changed":false,"footnotes":""},"class_list":["post-3048","page","type-page","status-publish","hentry"],"acf":[],"yoast_head":"<!-- This site is optimized with the Yoast SEO plugin v27.4 - https:\/\/yoast.com\/product\/yoast-seo-wordpress\/ -->\n<title>H\u00f4tel Sienne pr\u00e8s du Duomo - Hotel Minerva Siena<\/title>\n<meta name=\"robots\" content=\"index, follow, max-snippet:-1, max-image-preview:large, max-video-preview:-1\" \/>\n<link rel=\"canonical\" href=\"https:\/\/www.albergominerva.it\/fr\/hotel-sienne-pres-du-duomo\/\" \/>\n<meta property=\"og:locale\" content=\"fr_FR\" \/>\n<meta property=\"og:type\" content=\"article\" \/>\n<meta property=\"og:title\" content=\"H\u00f4tel Sienne pr\u00e8s du Duomo - Hotel Minerva Siena\" \/>\n<meta property=\"og:description\" content=\"Vous recherchez un h\u00f4tel \u00e0 Sienne \u00e0 proximit\u00e9 du Duomo? Dans ce cas, nous vous recommandons de r\u00e9server \u00e0 l&rsquo;h\u00f4tel\" \/>\n<meta property=\"og:url\" content=\"https:\/\/www.albergominerva.it\/fr\/hotel-sienne-pres-du-duomo\/\" \/>\n<meta property=\"og:site_name\" content=\"Hotel Minerva Siena\" \/>\n<meta name=\"twitter:card\" content=\"summary_large_image\" \/>\n<meta name=\"twitter:label1\" content=\"Dur\u00e9e de lecture estim\u00e9e\" \/>\n\t<meta name=\"twitter:data1\" content=\"2 minutes\" \/>\n<script type=\"application\/ld+json\" class=\"yoast-schema-graph\">{\"@context\":\"https:\\\/\\\/schema.org\",\"@graph\":[{\"@type\":\"WebPage\",\"@id\":\"https:\\\/\\\/www.albergominerva.it\\\/fr\\\/hotel-sienne-pres-du-duomo\\\/\",\"url\":\"https:\\\/\\\/www.albergominerva.it\\\/fr\\\/hotel-sienne-pres-du-duomo\\\/\",\"name\":\"H\u00f4tel Sienne pr\u00e8s du Duomo - Hotel Minerva Siena\",\"isPartOf\":{\"@id\":\"https:\\\/\\\/www.albergominerva.it\\\/fr\\\/#website\"},\"datePublished\":\"2019-03-17T22:35:05+00:00\",\"breadcrumb\":{\"@id\":\"https:\\\/\\\/www.albergominerva.it\\\/fr\\\/hotel-sienne-pres-du-duomo\\\/#breadcrumb\"},\"inLanguage\":\"fr-FR\",\"potentialAction\":[{\"@type\":\"ReadAction\",\"target\":[\"https:\\\/\\\/www.albergominerva.it\\\/fr\\\/hotel-sienne-pres-du-duomo\\\/\"]}]},{\"@type\":\"BreadcrumbList\",\"@id\":\"https:\\\/\\\/www.albergominerva.it\\\/fr\\\/hotel-sienne-pres-du-duomo\\\/#breadcrumb\",\"itemListElement\":[{\"@type\":\"ListItem\",\"position\":1,\"name\":\"Home\",\"item\":\"https:\\\/\\\/www.albergominerva.it\\\/fr\\\/\"},{\"@type\":\"ListItem\",\"position\":2,\"name\":\"H\u00f4tel Sienne pr\u00e8s du Duomo\"}]},{\"@type\":\"WebSite\",\"@id\":\"https:\\\/\\\/www.albergominerva.it\\\/fr\\\/#website\",\"url\":\"https:\\\/\\\/www.albergominerva.it\\\/fr\\\/\",\"name\":\"Hotel Minerva Siena\",\"description\":\"Hotel in Centro Storico a Siena - Toscana - Italy\",\"potentialAction\":[{\"@type\":\"SearchAction\",\"target\":{\"@type\":\"EntryPoint\",\"urlTemplate\":\"https:\\\/\\\/www.albergominerva.it\\\/fr\\\/?s={search_term_string}\"},\"query-input\":{\"@type\":\"PropertyValueSpecification\",\"valueRequired\":true,\"valueName\":\"search_term_string\"}}],\"inLanguage\":\"fr-FR\"}]}<\/script>\n<!-- \/ Yoast SEO plugin. -->","yoast_head_json":{"title":"H\u00f4tel Sienne pr\u00e8s du Duomo - Hotel Minerva Siena","robots":{"index":"index","follow":"follow","max-snippet":"max-snippet:-1","max-image-preview":"max-image-preview:large","max-video-preview":"max-video-preview:-1"},"canonical":"https:\/\/www.albergominerva.it\/fr\/hotel-sienne-pres-du-duomo\/","og_locale":"fr_FR","og_type":"article","og_title":"H\u00f4tel Sienne pr\u00e8s du Duomo - Hotel Minerva Siena","og_description":"Vous recherchez un h\u00f4tel \u00e0 Sienne \u00e0 proximit\u00e9 du Duomo? Dans ce cas, nous vous recommandons de r\u00e9server \u00e0 l&rsquo;h\u00f4tel","og_url":"https:\/\/www.albergominerva.it\/fr\/hotel-sienne-pres-du-duomo\/","og_site_name":"Hotel Minerva Siena","twitter_card":"summary_large_image","twitter_misc":{"Dur\u00e9e de lecture estim\u00e9e":"2 minutes"},"schema":{"@context":"https:\/\/schema.org","@graph":[{"@type":"WebPage","@id":"https:\/\/www.albergominerva.it\/fr\/hotel-sienne-pres-du-duomo\/","url":"https:\/\/www.albergominerva.it\/fr\/hotel-sienne-pres-du-duomo\/","name":"H\u00f4tel Sienne pr\u00e8s du Duomo - Hotel Minerva Siena","isPartOf":{"@id":"https:\/\/www.albergominerva.it\/fr\/#website"},"datePublished":"2019-03-17T22:35:05+00:00","breadcrumb":{"@id":"https:\/\/www.albergominerva.it\/fr\/hotel-sienne-pres-du-duomo\/#breadcrumb"},"inLanguage":"fr-FR","potentialAction":[{"@type":"ReadAction","target":["https:\/\/www.albergominerva.it\/fr\/hotel-sienne-pres-du-duomo\/"]}]},{"@type":"BreadcrumbList","@id":"https:\/\/www.albergominerva.it\/fr\/hotel-sienne-pres-du-duomo\/#breadcrumb","itemListElement":[{"@type":"ListItem","position":1,"name":"Home","item":"https:\/\/www.albergominerva.it\/fr\/"},{"@type":"ListItem","position":2,"name":"H\u00f4tel Sienne pr\u00e8s du Duomo"}]},{"@type":"WebSite","@id":"https:\/\/www.albergominerva.it\/fr\/#website","url":"https:\/\/www.albergominerva.it\/fr\/","name":"Hotel Minerva Siena","description":"Hotel in Centro Storico a Siena - Toscana - Italy","potentialAction":[{"@type":"SearchAction","target":{"@type":"EntryPoint","urlTemplate":"https:\/\/www.albergominerva.it\/fr\/?s={search_term_string}"},"query-input":{"@type":"PropertyValueSpecification","valueRequired":true,"valueName":"search_term_string"}}],"inLanguage":"fr-FR"}]}},"_links":{"self":[{"href":"https:\/\/www.albergominerva.it\/fr\/wp-json\/wp\/v2\/pages\/3048","targetHints":{"allow":["GET"]}}],"collection":[{"href":"https:\/\/www.albergominerva.it\/fr\/wp-json\/wp\/v2\/pages"}],"about":[{"href":"https:\/\/www.albergominerva.it\/fr\/wp-json\/wp\/v2\/types\/page"}],"author":[{"embeddable":true,"href":"https:\/\/www.albergominerva.it\/fr\/wp-json\/wp\/v2\/users\/3"}],"replies":[{"embeddable":true,"href":"https:\/\/www.albergominerva.it\/fr\/wp-json\/wp\/v2\/comments?post=3048"}],"version-history":[{"count":1,"href":"https:\/\/www.albergominerva.it\/fr\/wp-json\/wp\/v2\/pages\/3048\/revisions"}],"predecessor-version":[{"id":3049,"href":"https:\/\/www.albergominerva.it\/fr\/wp-json\/wp\/v2\/pages\/3048\/revisions\/3049"}],"wp:attachment":[{"href":"https:\/\/www.albergominerva.it\/fr\/wp-json\/wp\/v2\/media?parent=3048"}],"curies":[{"name":"wp","href":"https:\/\/api.w.org\/{rel}","templated":true}]}}