{"id":3050,"date":"2019-03-17T22:38:19","date_gmt":"2019-03-17T22:38:19","guid":{"rendered":"https:\/\/albergominerva.it\/fr\/?page_id=3050"},"modified":"2019-03-17T22:38:19","modified_gmt":"2019-03-17T22:38:19","slug":"hotel-siena-pres-du-sanctuaire-de-santa-caterina","status":"publish","type":"page","link":"https:\/\/www.albergominerva.it\/fr\/hotel-siena-pres-du-sanctuaire-de-santa-caterina\/","title":{"rendered":"Hotel Siena pr\u00e8s du sanctuaire de Santa Caterina"},"content":{"rendered":"<p>Voulez-vous r\u00e9server un h\u00f4tel pr\u00e8s de Santa Caterina \u00e0 Sienne?<\/p>\n<p><strong> Nous vous sugg\u00e9rons de r\u00e9server \u00e0 l&rsquo;h\u00f4tel Minerva <\/strong>, un charmant h\u00f4tel 3 \u00e9toiles situ\u00e9 dans le centre historique de Sienne et \u00e0 quelques pas du sanctuaire de Santa Caterina.<\/p>\n<p>Equip\u00e9 d&rsquo;un bar et d&rsquo;un garage payant, prot\u00e9g\u00e9, avec un acc\u00e8s direct \u00e0 l&rsquo;h\u00f4tel et avec 20 places disponibles, l&rsquo;h\u00f4tel Minerva comprend dans ses chambres int\u00e9rieures 56 chambres climatis\u00e9es, toutes diff\u00e9rentes, avec wifi et sont divis\u00e9es en \u00e9l\u00e9gantes &#8211; Standard, junior suite et junior suite.<\/p>\n<p>Les <a href=\"http:\/\/albergominerva.it\/camere-economiche-siena-centro\/\"> chambres simples <\/a> sont situ\u00e9es \u00e0 l&rsquo;int\u00e9rieur et sont spacieuses \u00e0 partir de 16 m\u00b2.<\/p>\n<p><a href=\"http:\/\/albergominerva.it\/camere-elegant-siena-centro\/\"> Les chambres \u00e9l\u00e9gantes <\/a> offrent toutes une vue sur le centre historique de Sienne et ont une superficie de 19 m\u00b2.<\/p>\n<p>Les <a href=\"http:\/\/albergominerva.it\/junior-suite-siena-centro\/\"> suites junior <\/a> offrent toutes une vue sur les basiliques de San Francesco et de Provenzano et sont spacieuses \u00e0 partir de 22 m\u00b2.<\/p>\n<p><a href=\"http:\/\/albergominerva.it\/junior-suite-matrimon-siena-centro\/\"> Les Junior Suites Junior <\/a> offrent une vue sur le centre historique de Sienne. Elles sont spacieuses \u00e0 partir de 19 m\u00b2 et une petite terrasse sur demande.<\/p>\n<p>Vous pourrez donc choisir parmi de nombreuses solutions pour votre s\u00e9jour, que ce soit pour le plaisir ou pour le travail, beaucoup d&rsquo;entre elles offrant une vue panoramique sur Sienne.<\/p>\n<p><strong> L&rsquo;Hotel Minerva pr\u00e9sente ensuite \u00e0 l&rsquo;int\u00e9rieur une v\u00e9ritable galerie d&rsquo;art contemporain <\/strong> pr\u00e9sentant des \u0153uvres de peintres siennois.<\/p>\n<p>Notre h\u00f4tel pr\u00e8s du sanctuaire de Santa Caterina est calme et convient parfaitement aux parents avec enfants. nous avons \u00e9galement des lits disponibles, ainsi que des chauffe-biberons, des st\u00e9rilisateurs et une salle de jeux interne.<\/p>\n<p><strong> Il Minerva se trouve \u00e9galement \u00e0 proximit\u00e9 de deux terrains de jeux et de l\u2019Orto de \u2019Pecci <\/strong>, un magnifique jardin avec des animaux de la ferme.<\/p>\n<p>L&rsquo;Hotel Minerva constitue \u00e9galement un excellent cadre pour les r\u00e9unions de travail, car il est \u00e9quip\u00e9 d&rsquo;une connexion sans fil et d&rsquo;une salle de conf\u00e9rence donnant sur le centre historique de Sienne, pouvant accueillir jusqu&rsquo;\u00e0 40 personnes. Il est \u00e9quip\u00e9 d&rsquo;une t\u00e9l\u00e9vision \u00e0 LED, d&rsquo;un vid\u00e9oprojecteur, d&rsquo;un tableau noir. la lumi\u00e8re et toutes les caract\u00e9ristiques principales.<\/p>\n<p>En ce qui concerne le petit-d\u00e9jeuner, l\u2019Hotel Minerva sert un d\u00e9licieux petit-d\u00e9jeuner italien et international avec des confitures authentiques et s\u00e9lectionn\u00e9es.<\/p>\n<p>L&rsquo;h\u00f4tel est situ\u00e9 \u00e0 Sienne, dans la Via Garibaldi, \u00e0 72 <strong> un peu plus de 2 minutes en voiture de la gare et dans un <strong> quartier NON ZTL <\/strong>.<\/p>\n<p>Pour faire une r\u00e9servation dans cet h\u00f4tel de Sienne pr\u00e8s du sanctuaire de Santa Caterina, cliquez sur R\u00e9server en haut \u00e0 droite ou appelez le 0577.284474 ou envoyez un courriel \u00e0 info@albergominerva.it.<\/p>\n<p>En appelant ce num\u00e9ro de t\u00e9l\u00e9phone ou en r\u00e9servant sur le site Web, vous pourrez r\u00e9aliser une \u00e9conomie importante, car nous garantissons toujours le meilleur prix garanti.<\/p>\n","protected":false},"excerpt":{"rendered":"<p>Voulez-vous r\u00e9server un h\u00f4tel pr\u00e8s de Santa Caterina \u00e0 Sienne? Nous vous sugg\u00e9rons de r\u00e9server \u00e0 l&rsquo;h\u00f4tel Minerva , un<\/p>\n","protected":false},"author":3,"featured_media":0,"parent":0,"menu_order":0,"comment_status":"closed","ping_status":"closed","template":"","meta":{"_acf_changed":false,"footnotes":""},"class_list":["post-3050","page","type-page","status-publish","hentry"],"acf":[],"yoast_head":"<!-- This site is optimized with the Yoast SEO plugin v27.4 - https:\/\/yoast.com\/product\/yoast-seo-wordpress\/ -->\n<title>Hotel Siena pr\u00e8s du sanctuaire de Santa Caterina - Hotel Minerva Siena<\/title>\n<meta name=\"robots\" content=\"index, follow, max-snippet:-1, max-image-preview:large, max-video-preview:-1\" \/>\n<link rel=\"canonical\" href=\"https:\/\/www.albergominerva.it\/fr\/hotel-siena-pres-du-sanctuaire-de-santa-caterina\/\" \/>\n<meta property=\"og:locale\" content=\"fr_FR\" \/>\n<meta property=\"og:type\" content=\"article\" \/>\n<meta property=\"og:title\" content=\"Hotel Siena pr\u00e8s du sanctuaire de Santa Caterina - Hotel Minerva Siena\" \/>\n<meta property=\"og:description\" content=\"Voulez-vous r\u00e9server un h\u00f4tel pr\u00e8s de Santa Caterina \u00e0 Sienne? Nous vous sugg\u00e9rons de r\u00e9server \u00e0 l&rsquo;h\u00f4tel Minerva , un\" \/>\n<meta property=\"og:url\" content=\"https:\/\/www.albergominerva.it\/fr\/hotel-siena-pres-du-sanctuaire-de-santa-caterina\/\" \/>\n<meta property=\"og:site_name\" content=\"Hotel Minerva Siena\" \/>\n<meta name=\"twitter:card\" content=\"summary_large_image\" \/>\n<meta name=\"twitter:label1\" content=\"Dur\u00e9e de lecture estim\u00e9e\" \/>\n\t<meta name=\"twitter:data1\" content=\"2 minutes\" \/>\n<script type=\"application\/ld+json\" class=\"yoast-schema-graph\">{\"@context\":\"https:\\\/\\\/schema.org\",\"@graph\":[{\"@type\":\"WebPage\",\"@id\":\"https:\\\/\\\/www.albergominerva.it\\\/fr\\\/hotel-siena-pres-du-sanctuaire-de-santa-caterina\\\/\",\"url\":\"https:\\\/\\\/www.albergominerva.it\\\/fr\\\/hotel-siena-pres-du-sanctuaire-de-santa-caterina\\\/\",\"name\":\"Hotel Siena pr\u00e8s du sanctuaire de Santa Caterina - Hotel Minerva Siena\",\"isPartOf\":{\"@id\":\"https:\\\/\\\/www.albergominerva.it\\\/fr\\\/#website\"},\"datePublished\":\"2019-03-17T22:38:19+00:00\",\"breadcrumb\":{\"@id\":\"https:\\\/\\\/www.albergominerva.it\\\/fr\\\/hotel-siena-pres-du-sanctuaire-de-santa-caterina\\\/#breadcrumb\"},\"inLanguage\":\"fr-FR\",\"potentialAction\":[{\"@type\":\"ReadAction\",\"target\":[\"https:\\\/\\\/www.albergominerva.it\\\/fr\\\/hotel-siena-pres-du-sanctuaire-de-santa-caterina\\\/\"]}]},{\"@type\":\"BreadcrumbList\",\"@id\":\"https:\\\/\\\/www.albergominerva.it\\\/fr\\\/hotel-siena-pres-du-sanctuaire-de-santa-caterina\\\/#breadcrumb\",\"itemListElement\":[{\"@type\":\"ListItem\",\"position\":1,\"name\":\"Home\",\"item\":\"https:\\\/\\\/www.albergominerva.it\\\/fr\\\/\"},{\"@type\":\"ListItem\",\"position\":2,\"name\":\"Hotel Siena pr\u00e8s du sanctuaire de Santa Caterina\"}]},{\"@type\":\"WebSite\",\"@id\":\"https:\\\/\\\/www.albergominerva.it\\\/fr\\\/#website\",\"url\":\"https:\\\/\\\/www.albergominerva.it\\\/fr\\\/\",\"name\":\"Hotel Minerva Siena\",\"description\":\"Hotel in Centro Storico a Siena - Toscana - Italy\",\"potentialAction\":[{\"@type\":\"SearchAction\",\"target\":{\"@type\":\"EntryPoint\",\"urlTemplate\":\"https:\\\/\\\/www.albergominerva.it\\\/fr\\\/?s={search_term_string}\"},\"query-input\":{\"@type\":\"PropertyValueSpecification\",\"valueRequired\":true,\"valueName\":\"search_term_string\"}}],\"inLanguage\":\"fr-FR\"}]}<\/script>\n<!-- \/ Yoast SEO plugin. -->","yoast_head_json":{"title":"Hotel Siena pr\u00e8s du sanctuaire de Santa Caterina - Hotel Minerva Siena","robots":{"index":"index","follow":"follow","max-snippet":"max-snippet:-1","max-image-preview":"max-image-preview:large","max-video-preview":"max-video-preview:-1"},"canonical":"https:\/\/www.albergominerva.it\/fr\/hotel-siena-pres-du-sanctuaire-de-santa-caterina\/","og_locale":"fr_FR","og_type":"article","og_title":"Hotel Siena pr\u00e8s du sanctuaire de Santa Caterina - Hotel Minerva Siena","og_description":"Voulez-vous r\u00e9server un h\u00f4tel pr\u00e8s de Santa Caterina \u00e0 Sienne? Nous vous sugg\u00e9rons de r\u00e9server \u00e0 l&rsquo;h\u00f4tel Minerva , un","og_url":"https:\/\/www.albergominerva.it\/fr\/hotel-siena-pres-du-sanctuaire-de-santa-caterina\/","og_site_name":"Hotel Minerva Siena","twitter_card":"summary_large_image","twitter_misc":{"Dur\u00e9e de lecture estim\u00e9e":"2 minutes"},"schema":{"@context":"https:\/\/schema.org","@graph":[{"@type":"WebPage","@id":"https:\/\/www.albergominerva.it\/fr\/hotel-siena-pres-du-sanctuaire-de-santa-caterina\/","url":"https:\/\/www.albergominerva.it\/fr\/hotel-siena-pres-du-sanctuaire-de-santa-caterina\/","name":"Hotel Siena pr\u00e8s du sanctuaire de Santa Caterina - Hotel Minerva Siena","isPartOf":{"@id":"https:\/\/www.albergominerva.it\/fr\/#website"},"datePublished":"2019-03-17T22:38:19+00:00","breadcrumb":{"@id":"https:\/\/www.albergominerva.it\/fr\/hotel-siena-pres-du-sanctuaire-de-santa-caterina\/#breadcrumb"},"inLanguage":"fr-FR","potentialAction":[{"@type":"ReadAction","target":["https:\/\/www.albergominerva.it\/fr\/hotel-siena-pres-du-sanctuaire-de-santa-caterina\/"]}]},{"@type":"BreadcrumbList","@id":"https:\/\/www.albergominerva.it\/fr\/hotel-siena-pres-du-sanctuaire-de-santa-caterina\/#breadcrumb","itemListElement":[{"@type":"ListItem","position":1,"name":"Home","item":"https:\/\/www.albergominerva.it\/fr\/"},{"@type":"ListItem","position":2,"name":"Hotel Siena pr\u00e8s du sanctuaire de Santa Caterina"}]},{"@type":"WebSite","@id":"https:\/\/www.albergominerva.it\/fr\/#website","url":"https:\/\/www.albergominerva.it\/fr\/","name":"Hotel Minerva Siena","description":"Hotel in Centro Storico a Siena - Toscana - Italy","potentialAction":[{"@type":"SearchAction","target":{"@type":"EntryPoint","urlTemplate":"https:\/\/www.albergominerva.it\/fr\/?s={search_term_string}"},"query-input":{"@type":"PropertyValueSpecification","valueRequired":true,"valueName":"search_term_string"}}],"inLanguage":"fr-FR"}]}},"_links":{"self":[{"href":"https:\/\/www.albergominerva.it\/fr\/wp-json\/wp\/v2\/pages\/3050","targetHints":{"allow":["GET"]}}],"collection":[{"href":"https:\/\/www.albergominerva.it\/fr\/wp-json\/wp\/v2\/pages"}],"about":[{"href":"https:\/\/www.albergominerva.it\/fr\/wp-json\/wp\/v2\/types\/page"}],"author":[{"embeddable":true,"href":"https:\/\/www.albergominerva.it\/fr\/wp-json\/wp\/v2\/users\/3"}],"replies":[{"embeddable":true,"href":"https:\/\/www.albergominerva.it\/fr\/wp-json\/wp\/v2\/comments?post=3050"}],"version-history":[{"count":1,"href":"https:\/\/www.albergominerva.it\/fr\/wp-json\/wp\/v2\/pages\/3050\/revisions"}],"predecessor-version":[{"id":3051,"href":"https:\/\/www.albergominerva.it\/fr\/wp-json\/wp\/v2\/pages\/3050\/revisions\/3051"}],"wp:attachment":[{"href":"https:\/\/www.albergominerva.it\/fr\/wp-json\/wp\/v2\/media?parent=3050"}],"curies":[{"name":"wp","href":"https:\/\/api.w.org\/{rel}","templated":true}]}}