{"id":3052,"date":"2019-03-17T22:41:23","date_gmt":"2019-03-17T22:41:23","guid":{"rendered":"https:\/\/albergominerva.it\/fr\/?page_id=3052"},"modified":"2019-07-01T16:18:38","modified_gmt":"2019-07-01T14:18:38","slug":"hotel-siena-pres-de-la-gare","status":"publish","type":"page","link":"https:\/\/www.albergominerva.it\/fr\/hotel-siena-pres-de-la-gare\/","title":{"rendered":"Hotel Siena pr\u00e8s de la gare"},"content":{"rendered":"<p><strong> Vous cherchez un h\u00f4tel \u00e0 Sienne pr\u00e8s de la gare? <\/strong><\/p>\n<p><strong> Dans ce cas, nous vous recommandons de r\u00e9server \u00e0 l&rsquo;h\u00f4tel Minerva <\/strong>, un magnifique h\u00f4tel 3 \u00e9toiles situ\u00e9 dans le centre de Sienne et \u00e0 quelques pas de la gare.<\/p>\n<p>Equip\u00e9 d&rsquo;un bar et d&rsquo;un parking payant, prot\u00e9g\u00e9, avec entr\u00e9e directe \u00e0 l&rsquo;h\u00f4tel et avec 20 places disponibles, l&rsquo;h\u00f4tel Minerva contient 56 chambres climatis\u00e9es, toutes diff\u00e9rentes, avec connexion sans fil et qui sont divis\u00e9es en simples -\u00e9conomie, standard-\u00e9l\u00e9gant, junior-suite et junior-suite double.<\/p>\n<p>Les <a href=\"http:\/\/albergominerva.it\/camere-economiche-siena-centro\/\"> Easy Rooms <\/a> sont situ\u00e9es \u00e0 l&rsquo;int\u00e9rieur et ont une superficie de 16 m\u00b2.<\/p>\n<p><a href=\"http:\/\/albergominerva.it\/camere-elegant-siena-centro\/\"> Les chambres \u00e9l\u00e9gantes <\/a> offrent toutes une vue sur le centre historique de Sienne et ont une superficie de 19 m\u00b2.<\/p>\n<p>Les <a href=\"http:\/\/albergominerva.it\/junior-suite-siena-centro\/\"> suites junior <\/a> ont toutes vue sur les basiliques de San Francesco et de Provenzano et ont une superficie de 22 m\u00b2.<\/p>\n<p><a href=\"http:\/\/albergominerva.it\/junior-suite-matrimon-siena-centro\/\"> Les Junior Suites Junior <\/a> offrent une vue sur le centre historique de Sienne et sont spacieuses \u00e0 partir de 19 m\u00b2. une petite terrasse sur demande.<\/p>\n<p>Vous pourrez alors choisir parmi de nombreuses alternatives pour votre s\u00e9jour de loisir ou de travail, dont beaucoup offrent une vue panoramique sur Sienne.<\/p>\n<p><strong> L&rsquo;Hotel Minerva expose ensuite syst\u00e9matiquement, dans ses salles int\u00e9rieures, une v\u00e9ritable galerie d&rsquo;art <\/strong> moderne pr\u00e9sentant des \u0153uvres de peintres siennois.<\/p>\n<p>Notre h\u00f4tel \u00e0 une courte distance de la voie ferr\u00e9e, la gare est calme et est id\u00e9al pour les parents avec enfants; nous avons \u00e9galement des lits disponibles, ainsi que des chauffe-biberons, des st\u00e9rilisateurs et une salle de jeux interne.<\/p>\n<p><strong> Il Minerva est \u00e9galement proche de deux terrains de jeux et de l\u2019Orto de \u2019Pecci <\/strong>, un magnifique jardin avec des animaux de la ferme.<\/p>\n<p>L\u2019h\u00f4tel Minerva est \u00e9galement un lieu id\u00e9al pour les r\u00e9unions d\u2019affaires car il est \u00e9quip\u00e9 d\u2019une connexion sans fil et d\u2019une salle de r\u00e9union donnant sur le centre historique de Sienne, pouvant accueillir jusqu\u2019\u00e0 40 personnes. Il est dot\u00e9 de combien les meilleures dotations.<\/p>\n<p>En ce qui concerne le petit-d\u00e9jeuner, l\u2019Hotel Minerva propose un d\u00e9licieux petit-d\u00e9jeuner italien et international avec des confitures de qualit\u00e9.<\/p>\n<p>Pour faire une r\u00e9servation dans cet h\u00f4tel de Sienne pr\u00e8s de la voie ferr\u00e9e, cliquez sur le train en haut \u00e0 droite ou appelez le 0577.284474 ou envoyez un courriel \u00e0 info@albergominerva.it.<\/p>\n<p>En appelant ce num\u00e9ro de t\u00e9l\u00e9phone ou en r\u00e9servant \u00e0 partir du site, vous pourrez r\u00e9aliser des \u00e9conomies importantes, car nous garantissons toujours le meilleur prix garanti.<\/p>\n","protected":false},"excerpt":{"rendered":"<p>Vous cherchez un h\u00f4tel \u00e0 Sienne pr\u00e8s de la gare? Dans ce cas, nous vous recommandons de r\u00e9server \u00e0 l&rsquo;h\u00f4tel<\/p>\n","protected":false},"author":3,"featured_media":0,"parent":0,"menu_order":0,"comment_status":"closed","ping_status":"closed","template":"","meta":{"_acf_changed":false,"footnotes":""},"class_list":["post-3052","page","type-page","status-publish","hentry"],"acf":[],"yoast_head":"<!-- This site is optimized with the Yoast SEO plugin v27.4 - https:\/\/yoast.com\/product\/yoast-seo-wordpress\/ -->\n<title>Hotel Siena pr\u00e8s de la gare - Hotel Minerva Siena<\/title>\n<meta name=\"robots\" content=\"index, follow, max-snippet:-1, max-image-preview:large, max-video-preview:-1\" \/>\n<link rel=\"canonical\" href=\"https:\/\/www.albergominerva.it\/fr\/hotel-siena-pres-de-la-gare\/\" \/>\n<meta property=\"og:locale\" content=\"fr_FR\" \/>\n<meta property=\"og:type\" content=\"article\" \/>\n<meta property=\"og:title\" content=\"Hotel Siena pr\u00e8s de la gare - Hotel Minerva Siena\" \/>\n<meta property=\"og:description\" content=\"Vous cherchez un h\u00f4tel \u00e0 Sienne pr\u00e8s de la gare? Dans ce cas, nous vous recommandons de r\u00e9server \u00e0 l&rsquo;h\u00f4tel\" \/>\n<meta property=\"og:url\" content=\"https:\/\/www.albergominerva.it\/fr\/hotel-siena-pres-de-la-gare\/\" \/>\n<meta property=\"og:site_name\" content=\"Hotel Minerva Siena\" \/>\n<meta property=\"article:modified_time\" content=\"2019-07-01T14:18:38+00:00\" \/>\n<meta name=\"twitter:card\" content=\"summary_large_image\" \/>\n<meta name=\"twitter:label1\" content=\"Dur\u00e9e de lecture estim\u00e9e\" \/>\n\t<meta name=\"twitter:data1\" content=\"2 minutes\" \/>\n<script type=\"application\/ld+json\" class=\"yoast-schema-graph\">{\"@context\":\"https:\\\/\\\/schema.org\",\"@graph\":[{\"@type\":\"WebPage\",\"@id\":\"https:\\\/\\\/www.albergominerva.it\\\/fr\\\/hotel-siena-pres-de-la-gare\\\/\",\"url\":\"https:\\\/\\\/www.albergominerva.it\\\/fr\\\/hotel-siena-pres-de-la-gare\\\/\",\"name\":\"Hotel Siena pr\u00e8s de la gare - Hotel Minerva Siena\",\"isPartOf\":{\"@id\":\"https:\\\/\\\/www.albergominerva.it\\\/fr\\\/#website\"},\"datePublished\":\"2019-03-17T22:41:23+00:00\",\"dateModified\":\"2019-07-01T14:18:38+00:00\",\"breadcrumb\":{\"@id\":\"https:\\\/\\\/www.albergominerva.it\\\/fr\\\/hotel-siena-pres-de-la-gare\\\/#breadcrumb\"},\"inLanguage\":\"fr-FR\",\"potentialAction\":[{\"@type\":\"ReadAction\",\"target\":[\"https:\\\/\\\/www.albergominerva.it\\\/fr\\\/hotel-siena-pres-de-la-gare\\\/\"]}]},{\"@type\":\"BreadcrumbList\",\"@id\":\"https:\\\/\\\/www.albergominerva.it\\\/fr\\\/hotel-siena-pres-de-la-gare\\\/#breadcrumb\",\"itemListElement\":[{\"@type\":\"ListItem\",\"position\":1,\"name\":\"Home\",\"item\":\"https:\\\/\\\/www.albergominerva.it\\\/fr\\\/\"},{\"@type\":\"ListItem\",\"position\":2,\"name\":\"Hotel Siena pr\u00e8s de la gare\"}]},{\"@type\":\"WebSite\",\"@id\":\"https:\\\/\\\/www.albergominerva.it\\\/fr\\\/#website\",\"url\":\"https:\\\/\\\/www.albergominerva.it\\\/fr\\\/\",\"name\":\"Hotel Minerva Siena\",\"description\":\"Hotel in Centro Storico a Siena - Toscana - Italy\",\"potentialAction\":[{\"@type\":\"SearchAction\",\"target\":{\"@type\":\"EntryPoint\",\"urlTemplate\":\"https:\\\/\\\/www.albergominerva.it\\\/fr\\\/?s={search_term_string}\"},\"query-input\":{\"@type\":\"PropertyValueSpecification\",\"valueRequired\":true,\"valueName\":\"search_term_string\"}}],\"inLanguage\":\"fr-FR\"}]}<\/script>\n<!-- \/ Yoast SEO plugin. -->","yoast_head_json":{"title":"Hotel Siena pr\u00e8s de la gare - Hotel Minerva Siena","robots":{"index":"index","follow":"follow","max-snippet":"max-snippet:-1","max-image-preview":"max-image-preview:large","max-video-preview":"max-video-preview:-1"},"canonical":"https:\/\/www.albergominerva.it\/fr\/hotel-siena-pres-de-la-gare\/","og_locale":"fr_FR","og_type":"article","og_title":"Hotel Siena pr\u00e8s de la gare - Hotel Minerva Siena","og_description":"Vous cherchez un h\u00f4tel \u00e0 Sienne pr\u00e8s de la gare? Dans ce cas, nous vous recommandons de r\u00e9server \u00e0 l&rsquo;h\u00f4tel","og_url":"https:\/\/www.albergominerva.it\/fr\/hotel-siena-pres-de-la-gare\/","og_site_name":"Hotel Minerva Siena","article_modified_time":"2019-07-01T14:18:38+00:00","twitter_card":"summary_large_image","twitter_misc":{"Dur\u00e9e de lecture estim\u00e9e":"2 minutes"},"schema":{"@context":"https:\/\/schema.org","@graph":[{"@type":"WebPage","@id":"https:\/\/www.albergominerva.it\/fr\/hotel-siena-pres-de-la-gare\/","url":"https:\/\/www.albergominerva.it\/fr\/hotel-siena-pres-de-la-gare\/","name":"Hotel Siena pr\u00e8s de la gare - Hotel Minerva Siena","isPartOf":{"@id":"https:\/\/www.albergominerva.it\/fr\/#website"},"datePublished":"2019-03-17T22:41:23+00:00","dateModified":"2019-07-01T14:18:38+00:00","breadcrumb":{"@id":"https:\/\/www.albergominerva.it\/fr\/hotel-siena-pres-de-la-gare\/#breadcrumb"},"inLanguage":"fr-FR","potentialAction":[{"@type":"ReadAction","target":["https:\/\/www.albergominerva.it\/fr\/hotel-siena-pres-de-la-gare\/"]}]},{"@type":"BreadcrumbList","@id":"https:\/\/www.albergominerva.it\/fr\/hotel-siena-pres-de-la-gare\/#breadcrumb","itemListElement":[{"@type":"ListItem","position":1,"name":"Home","item":"https:\/\/www.albergominerva.it\/fr\/"},{"@type":"ListItem","position":2,"name":"Hotel Siena pr\u00e8s de la gare"}]},{"@type":"WebSite","@id":"https:\/\/www.albergominerva.it\/fr\/#website","url":"https:\/\/www.albergominerva.it\/fr\/","name":"Hotel Minerva Siena","description":"Hotel in Centro Storico a Siena - Toscana - Italy","potentialAction":[{"@type":"SearchAction","target":{"@type":"EntryPoint","urlTemplate":"https:\/\/www.albergominerva.it\/fr\/?s={search_term_string}"},"query-input":{"@type":"PropertyValueSpecification","valueRequired":true,"valueName":"search_term_string"}}],"inLanguage":"fr-FR"}]}},"_links":{"self":[{"href":"https:\/\/www.albergominerva.it\/fr\/wp-json\/wp\/v2\/pages\/3052","targetHints":{"allow":["GET"]}}],"collection":[{"href":"https:\/\/www.albergominerva.it\/fr\/wp-json\/wp\/v2\/pages"}],"about":[{"href":"https:\/\/www.albergominerva.it\/fr\/wp-json\/wp\/v2\/types\/page"}],"author":[{"embeddable":true,"href":"https:\/\/www.albergominerva.it\/fr\/wp-json\/wp\/v2\/users\/3"}],"replies":[{"embeddable":true,"href":"https:\/\/www.albergominerva.it\/fr\/wp-json\/wp\/v2\/comments?post=3052"}],"version-history":[{"count":2,"href":"https:\/\/www.albergominerva.it\/fr\/wp-json\/wp\/v2\/pages\/3052\/revisions"}],"predecessor-version":[{"id":3456,"href":"https:\/\/www.albergominerva.it\/fr\/wp-json\/wp\/v2\/pages\/3052\/revisions\/3456"}],"wp:attachment":[{"href":"https:\/\/www.albergominerva.it\/fr\/wp-json\/wp\/v2\/media?parent=3052"}],"curies":[{"name":"wp","href":"https:\/\/api.w.org\/{rel}","templated":true}]}}