{"id":3058,"date":"2019-03-17T22:49:58","date_gmt":"2019-03-17T22:49:58","guid":{"rendered":"https:\/\/albergominerva.it\/fr\/?page_id=3058"},"modified":"2019-07-01T15:35:25","modified_gmt":"2019-07-01T13:35:25","slug":"hotel-siena-pres-de-la-basilique-de-san-francesco","status":"publish","type":"page","link":"https:\/\/www.albergominerva.it\/fr\/hotel-siena-pres-de-la-basilique-de-san-francesco\/","title":{"rendered":"Hotel Siena pr\u00e8s de la basilique de San Francesco"},"content":{"rendered":"<h2 data-tadv-p=\"keep\">Hotel Siena pr\u00e8s de la basilique de San Francesco<\/h2>\n<p><iframe loading=\"lazy\" style=\"border: 0;\" src=\"https:\/\/www.google.com\/maps\/embed?pb=!1m28!1m12!1m3!1d2902.555919224982!2d11.329861465330282!3d43.32355487913395!2m3!1f0!2f0!3f0!3m2!1i1024!2i768!4f13.1!4m13!3e2!4m5!1s0x132a2cc7df55564d%3A0xbb55bddd311ac99b!2sHOTEL+MINERVA%2C+Via+Giuseppe+Garibaldi%2C+Siena%2C+Province+of+Siena!3m2!1d43.324607!2d11.331828!4m5!1s0x132a2cc715151a8b%3A0x186c7c0f9812cb46!2sBasilica+di+San+Francesco%2C+Piazza+San+Francesco%2C+Siena%2C+Province+of+Siena!3m2!1d43.3222789!2d11.334600199999999!5e0!3m2!1sen!2sit!4v1524740710238\" width=\"600\" height=\"450\" frameborder=\"0\" allowfullscreen=\"allowfullscreen\"><\/iframe><\/p>\n<p><strong> Vous cherchez un h\u00f4tel \u00e0 Sienne dans la r\u00e9gion de la basilique Saint-Fran\u00e7ois? <!-- strong--><\/strong><\/p>\n<p><strong> Dans ce cas, nous vous sugg\u00e9rons de r\u00e9server l\u2019Hotel Minerva <!-- strong-->, un magnifique h\u00f4tel 3 \u00e9toiles situ\u00e9 dans le centre de Sienne et \u00e0 quelques pas de la basilique Saint-Fran\u00e7ois.<\/strong><\/p>\n<p>Equip\u00e9 d&rsquo;un bar et d&rsquo;un parking payant, ferm\u00e9, avec acc\u00e8s direct \u00e0 l&rsquo;h\u00f4tel et avec 20 places disponibles, l&rsquo;h\u00f4tel Minerva comprend dans ses chambres int\u00e9rieures 56 chambres climatis\u00e9es, toutes diff\u00e9rentes, avec connexion sans fil et divis\u00e9es en Economy, \u00e9l\u00e9gante-standard, junior-suite et junior-suite double.<\/p>\n<p>Les <a href=\"http:\/\/albergominerva.it\/camere-economiche-siena-centro\/\"> simples chambres <\/a> sont am\u00e9nag\u00e9es \u00e0 l&rsquo;int\u00e9rieur et sont spacieuses \u00e0 partir de 16 m\u00b2.<\/p>\n<p><a href=\"http:\/\/albergominerva.it\/camere-elegant-siena-centro\/\"> Les chambres \u00e9l\u00e9gantes <\/a> offrent toutes une vue sur le centre historique de Sienne et ont une superficie de 19 m\u00b2.<\/p>\n<p><a href=\"http:\/\/albergominerva.it\/junior-suite-siena-centro\/\"> Les Junior Suites <\/a> offrent toutes une vue sur les basiliques de San Francesco et de Provenzano et ont une superficie de 22 m\u00b2.<\/p>\n<p><a href=\"http:\/\/albergominerva.it\/junior-suite-matrimon-siena-centro\/\"> Les Junior Suites Junior <\/a> offrent une vue sur le centre historique de Sienne et sont spacieuses \u00e0 partir de 19 m\u00b2. une petite terrasse sur demande.<\/p>\n<p>Vous pouvez ensuite choisir parmi de nombreuses alternatives pour votre arr\u00eat pour le plaisir ou pour le travail, beaucoup d&rsquo;entre elles offrant une vue panoramique sur Sienne.<\/p>\n<p><strong> L&rsquo;Hotel Minerva pr\u00e9sente ensuite syst\u00e9matiquement, dans ses pi\u00e8ces int\u00e9rieures, une v\u00e9ritable galerie d&rsquo;art <!-- strong--> moderne pr\u00e9sentant des \u0153uvres de peintres siennois.<\/strong><\/p>\n<p>Notre h\u00f4tel pr\u00e8s de la basilique Saint-Fran\u00e7ois est calme et convient parfaitement aux familles avec enfants. nous avons \u00e9galement des lits disponibles, ainsi que des chauffe-biberons, des st\u00e9rilisateurs et une salle de jeux interne.<\/p>\n<p><strong> La Minerva se trouve \u00e9galement \u00e0 proximit\u00e9 de deux terrains de jeux et de l\u2019Orto de \u2019Pecci <!-- strong-->, un magnifique jardin avec des animaux de la ferme.<\/strong><\/p>\n<p>L\u2019h\u00f4tel Minerva est \u00e9galement un excellent emplacement pour les r\u00e9unions d\u2019affaires car il est \u00e9quip\u00e9 d\u2019une connexion sans fil et d\u2019une salle de r\u00e9union donnant sur le centre historique de Sienne, qui a le droit d\u2019accueillir jusqu\u2019\u00e0 40 personnes. Il est dot\u00e9 d\u2019une t\u00e9l\u00e9vision \u00e0 \u00e9cran LED, d\u2019un vid\u00e9oprojecteur, tout le meilleur \u00e9quipement.<\/p>\n<p>En ce qui concerne le petit-d\u00e9jeuner, l\u2019Hotel Minerva sert un d\u00e9licieux petit-d\u00e9jeuner italien et international compos\u00e9 de confitures naturelles et de qualit\u00e9.<\/p>\n<p>Vous trouverez l\u2019h\u00f4tel \u00e0 Sienne, Via Garibaldi, \u00e0 moins de 2 minutes en voiture de la gare et \u00e0 <strong> une zone non-ZTL <!-- strong--> <!-- strong-->.<\/strong><\/p>\n<p>Pour r\u00e9server cet h\u00f4tel \u00e0 Sienne pr\u00e8s de la basilique Saint-Fran\u00e7ois, cliquez sur R\u00e9server en haut \u00e0 droite ou appelez le 0577.284474 ou envoyez un courriel \u00e0 info@albergominerva.it.<\/p>\n<p>En contactant ce num\u00e9ro de t\u00e9l\u00e9phone ou en r\u00e9servant sur le site, vous pourrez \u00e9conomiser de l&rsquo;argent, car nous vous garantissons \u00e0 chaque fois le meilleur prix garanti.<\/p>\n","protected":false},"excerpt":{"rendered":"<p>Hotel Siena pr\u00e8s de la basilique de San Francesco Vous cherchez un h\u00f4tel \u00e0 Sienne dans la r\u00e9gion de la<\/p>\n","protected":false},"author":3,"featured_media":0,"parent":0,"menu_order":0,"comment_status":"closed","ping_status":"closed","template":"","meta":{"_acf_changed":false,"footnotes":""},"class_list":["post-3058","page","type-page","status-publish","hentry"],"acf":[],"yoast_head":"<!-- This site is optimized with the Yoast SEO plugin v27.4 - https:\/\/yoast.com\/product\/yoast-seo-wordpress\/ -->\n<title>Hotel Siena pr\u00e8s de la basilique de San Francesco - Hotel Minerva Siena<\/title>\n<meta name=\"robots\" content=\"index, follow, max-snippet:-1, max-image-preview:large, max-video-preview:-1\" \/>\n<link rel=\"canonical\" href=\"https:\/\/www.albergominerva.it\/fr\/hotel-siena-pres-de-la-basilique-de-san-francesco\/\" \/>\n<meta property=\"og:locale\" content=\"fr_FR\" \/>\n<meta property=\"og:type\" content=\"article\" \/>\n<meta property=\"og:title\" content=\"Hotel Siena pr\u00e8s de la basilique de San Francesco - Hotel Minerva Siena\" \/>\n<meta property=\"og:description\" content=\"Hotel Siena pr\u00e8s de la basilique de San Francesco Vous cherchez un h\u00f4tel \u00e0 Sienne dans la r\u00e9gion de la\" \/>\n<meta property=\"og:url\" content=\"https:\/\/www.albergominerva.it\/fr\/hotel-siena-pres-de-la-basilique-de-san-francesco\/\" \/>\n<meta property=\"og:site_name\" content=\"Hotel Minerva Siena\" \/>\n<meta property=\"article:modified_time\" content=\"2019-07-01T13:35:25+00:00\" \/>\n<meta name=\"twitter:card\" content=\"summary_large_image\" \/>\n<meta name=\"twitter:label1\" content=\"Dur\u00e9e de lecture estim\u00e9e\" \/>\n\t<meta name=\"twitter:data1\" content=\"2 minutes\" \/>\n<script type=\"application\/ld+json\" class=\"yoast-schema-graph\">{\"@context\":\"https:\\\/\\\/schema.org\",\"@graph\":[{\"@type\":\"WebPage\",\"@id\":\"https:\\\/\\\/www.albergominerva.it\\\/fr\\\/hotel-siena-pres-de-la-basilique-de-san-francesco\\\/\",\"url\":\"https:\\\/\\\/www.albergominerva.it\\\/fr\\\/hotel-siena-pres-de-la-basilique-de-san-francesco\\\/\",\"name\":\"Hotel Siena pr\u00e8s de la basilique de San Francesco - Hotel Minerva Siena\",\"isPartOf\":{\"@id\":\"https:\\\/\\\/www.albergominerva.it\\\/fr\\\/#website\"},\"datePublished\":\"2019-03-17T22:49:58+00:00\",\"dateModified\":\"2019-07-01T13:35:25+00:00\",\"breadcrumb\":{\"@id\":\"https:\\\/\\\/www.albergominerva.it\\\/fr\\\/hotel-siena-pres-de-la-basilique-de-san-francesco\\\/#breadcrumb\"},\"inLanguage\":\"fr-FR\",\"potentialAction\":[{\"@type\":\"ReadAction\",\"target\":[\"https:\\\/\\\/www.albergominerva.it\\\/fr\\\/hotel-siena-pres-de-la-basilique-de-san-francesco\\\/\"]}]},{\"@type\":\"BreadcrumbList\",\"@id\":\"https:\\\/\\\/www.albergominerva.it\\\/fr\\\/hotel-siena-pres-de-la-basilique-de-san-francesco\\\/#breadcrumb\",\"itemListElement\":[{\"@type\":\"ListItem\",\"position\":1,\"name\":\"Home\",\"item\":\"https:\\\/\\\/www.albergominerva.it\\\/fr\\\/\"},{\"@type\":\"ListItem\",\"position\":2,\"name\":\"Hotel Siena pr\u00e8s de la basilique de San Francesco\"}]},{\"@type\":\"WebSite\",\"@id\":\"https:\\\/\\\/www.albergominerva.it\\\/fr\\\/#website\",\"url\":\"https:\\\/\\\/www.albergominerva.it\\\/fr\\\/\",\"name\":\"Hotel Minerva Siena\",\"description\":\"Hotel in Centro Storico a Siena - Toscana - Italy\",\"potentialAction\":[{\"@type\":\"SearchAction\",\"target\":{\"@type\":\"EntryPoint\",\"urlTemplate\":\"https:\\\/\\\/www.albergominerva.it\\\/fr\\\/?s={search_term_string}\"},\"query-input\":{\"@type\":\"PropertyValueSpecification\",\"valueRequired\":true,\"valueName\":\"search_term_string\"}}],\"inLanguage\":\"fr-FR\"}]}<\/script>\n<!-- \/ Yoast SEO plugin. -->","yoast_head_json":{"title":"Hotel Siena pr\u00e8s de la basilique de San Francesco - Hotel Minerva Siena","robots":{"index":"index","follow":"follow","max-snippet":"max-snippet:-1","max-image-preview":"max-image-preview:large","max-video-preview":"max-video-preview:-1"},"canonical":"https:\/\/www.albergominerva.it\/fr\/hotel-siena-pres-de-la-basilique-de-san-francesco\/","og_locale":"fr_FR","og_type":"article","og_title":"Hotel Siena pr\u00e8s de la basilique de San Francesco - Hotel Minerva Siena","og_description":"Hotel Siena pr\u00e8s de la basilique de San Francesco Vous cherchez un h\u00f4tel \u00e0 Sienne dans la r\u00e9gion de la","og_url":"https:\/\/www.albergominerva.it\/fr\/hotel-siena-pres-de-la-basilique-de-san-francesco\/","og_site_name":"Hotel Minerva Siena","article_modified_time":"2019-07-01T13:35:25+00:00","twitter_card":"summary_large_image","twitter_misc":{"Dur\u00e9e de lecture estim\u00e9e":"2 minutes"},"schema":{"@context":"https:\/\/schema.org","@graph":[{"@type":"WebPage","@id":"https:\/\/www.albergominerva.it\/fr\/hotel-siena-pres-de-la-basilique-de-san-francesco\/","url":"https:\/\/www.albergominerva.it\/fr\/hotel-siena-pres-de-la-basilique-de-san-francesco\/","name":"Hotel Siena pr\u00e8s de la basilique de San Francesco - Hotel Minerva Siena","isPartOf":{"@id":"https:\/\/www.albergominerva.it\/fr\/#website"},"datePublished":"2019-03-17T22:49:58+00:00","dateModified":"2019-07-01T13:35:25+00:00","breadcrumb":{"@id":"https:\/\/www.albergominerva.it\/fr\/hotel-siena-pres-de-la-basilique-de-san-francesco\/#breadcrumb"},"inLanguage":"fr-FR","potentialAction":[{"@type":"ReadAction","target":["https:\/\/www.albergominerva.it\/fr\/hotel-siena-pres-de-la-basilique-de-san-francesco\/"]}]},{"@type":"BreadcrumbList","@id":"https:\/\/www.albergominerva.it\/fr\/hotel-siena-pres-de-la-basilique-de-san-francesco\/#breadcrumb","itemListElement":[{"@type":"ListItem","position":1,"name":"Home","item":"https:\/\/www.albergominerva.it\/fr\/"},{"@type":"ListItem","position":2,"name":"Hotel Siena pr\u00e8s de la basilique de San Francesco"}]},{"@type":"WebSite","@id":"https:\/\/www.albergominerva.it\/fr\/#website","url":"https:\/\/www.albergominerva.it\/fr\/","name":"Hotel Minerva Siena","description":"Hotel in Centro Storico a Siena - Toscana - Italy","potentialAction":[{"@type":"SearchAction","target":{"@type":"EntryPoint","urlTemplate":"https:\/\/www.albergominerva.it\/fr\/?s={search_term_string}"},"query-input":{"@type":"PropertyValueSpecification","valueRequired":true,"valueName":"search_term_string"}}],"inLanguage":"fr-FR"}]}},"_links":{"self":[{"href":"https:\/\/www.albergominerva.it\/fr\/wp-json\/wp\/v2\/pages\/3058","targetHints":{"allow":["GET"]}}],"collection":[{"href":"https:\/\/www.albergominerva.it\/fr\/wp-json\/wp\/v2\/pages"}],"about":[{"href":"https:\/\/www.albergominerva.it\/fr\/wp-json\/wp\/v2\/types\/page"}],"author":[{"embeddable":true,"href":"https:\/\/www.albergominerva.it\/fr\/wp-json\/wp\/v2\/users\/3"}],"replies":[{"embeddable":true,"href":"https:\/\/www.albergominerva.it\/fr\/wp-json\/wp\/v2\/comments?post=3058"}],"version-history":[{"count":3,"href":"https:\/\/www.albergominerva.it\/fr\/wp-json\/wp\/v2\/pages\/3058\/revisions"}],"predecessor-version":[{"id":3449,"href":"https:\/\/www.albergominerva.it\/fr\/wp-json\/wp\/v2\/pages\/3058\/revisions\/3449"}],"wp:attachment":[{"href":"https:\/\/www.albergominerva.it\/fr\/wp-json\/wp\/v2\/media?parent=3058"}],"curies":[{"name":"wp","href":"https:\/\/api.w.org\/{rel}","templated":true}]}}