{"id":6335,"date":"2019-09-02T17:00:30","date_gmt":"2019-09-02T15:00:30","guid":{"rendered":"https:\/\/www.albergominerva.it\/struttura-hotel-minerva\/"},"modified":"2025-11-13T12:55:06","modified_gmt":"2025-11-13T11:55:06","slug":"hotel-minerva-structure","status":"publish","type":"page","link":"https:\/\/www.albergominerva.it\/fr\/hotel-minerva-structure\/","title":{"rendered":"Hotel Minerva"},"content":{"rendered":"<div class=\"wpb-content-wrapper\"><p>[vc_row el_class=\u00a0\u00bbhotel-minerva-row\u00a0\u00bb woodmart_css_id=\u00a0\u00bb68e776c4db35e\u00a0\u00bb responsive_spacing=\u00a0\u00bbeyJwYXJhbV90eXBlIjoid29vZG1hcnRfcmVzcG9uc2l2ZV9zcGFjaW5nIiwic2VsZWN0b3JfaWQiOiI2OGU3NzZjNGRiMzVlIiwic2hvcnRjb2RlIjoidmNfcm93IiwiZGF0YSI6eyJ0YWJsZXQiOnt9LCJtb2JpbGUiOnt9fX0=\u00a0\u00bb mobile_bg_img_hidden=\u00a0\u00bbno\u00a0\u00bb tablet_bg_img_hidden=\u00a0\u00bbno\u00a0\u00bb woodmart_parallax=\u00a0\u00bb0&Prime; woodmart_gradient_switch=\u00a0\u00bbno\u00a0\u00bb woodmart_box_shadow=\u00a0\u00bbno\u00a0\u00bb wd_z_index=\u00a0\u00bbno\u00a0\u00bb woodmart_disable_overflow=\u00a0\u00bb0&Prime; row_reverse_mobile=\u00a0\u00bb0&Prime; row_reverse_tablet=\u00a0\u00bb0&Prime;][vc_column width=\u00a0\u00bb2\/3&Prime;][vc_column_text css=\u00a0\u00bb\u00a0\u00bb woodmart_inline=\u00a0\u00bbno\u00a0\u00bb text_larger=\u00a0\u00bbno\u00a0\u00bb]<\/p>\n<h1>Confort, d\u00e9tente et hospitalit\u00e9 \u00e0 quelques pas du centre historique de Sienne pour un s\u00e9jour confortable, id\u00e9al pour les familles, les groupes et les voyageurs d\u2019affaires.<\/h1>\n<p>[\/vc_column_text][\/vc_column][vc_column width=\u00a0\u00bb1\/3&Prime;][vc_column_text css=\u00a0\u00bb\u00a0\u00bb woodmart_inline=\u00a0\u00bbno\u00a0\u00bb text_larger=\u00a0\u00bbno\u00a0\u00bb]<\/p>\n<p>L\u2019h\u00f4tel Minerva est un h\u00f4tel trois \u00e9toiles situ\u00e9 au nord de la zone pi\u00e9tonne du centre historique de Sienne, \u00e0 l\u2019int\u00e9rieur des remparts de la ville. De l\u00e0, il domine la partie m\u00e9di\u00e9vale de la ville, dans l\u2019un des quartiers les plus anciens et plus pr\u00e9cis\u00e9ment dans le quartier de la Contrada della Lupa.<\/p>\n<p>L\u2019h\u00f4tel dispose d\u2019un parking couvert et surveill\u00e9 pratique et vous permet de visiter la ville sans avoir \u00e0 vous soucier de votre voiture. <strong>L\u2019h\u00f4tel est dot\u00e9 d\u2019un ascenseur.<\/strong><\/p>\n<p>[\/vc_column_text][\/vc_column][\/vc_row][vc_row equal_height=\u00a0\u00bbyes\u00a0\u00bb content_placement=\u00a0\u00bbmiddle\u00a0\u00bb el_class=\u00a0\u00bbhotel-siena-tuscany-experiences hotel-minerva-row\u00a0\u00bb woodmart_css_id=\u00a0\u00bb68e776d5b657b\u00a0\u00bb responsive_spacing=\u00a0\u00bbeyJwYXJhbV90eXBlIjoid29vZG1hcnRfcmVzcG9uc2l2ZV9zcGFjaW5nIiwic2VsZWN0b3JfaWQiOiI2OGU3NzZkNWI2NTdiIiwic2hvcnRjb2RlIjoidmNfcm93IiwiZGF0YSI6eyJ0YWJsZXQiOnt9LCJtb2JpbGUiOnt9fX0=\u00a0\u00bb mobile_bg_img_hidden=\u00a0\u00bbno\u00a0\u00bb tablet_bg_img_hidden=\u00a0\u00bbno\u00a0\u00bb woodmart_parallax=\u00a0\u00bb0&Prime; woodmart_gradient_switch=\u00a0\u00bbno\u00a0\u00bb woodmart_box_shadow=\u00a0\u00bbno\u00a0\u00bb wd_z_index=\u00a0\u00bbno\u00a0\u00bb woodmart_disable_overflow=\u00a0\u00bb0&Prime; row_reverse_mobile=\u00a0\u00bb0&Prime; row_reverse_tablet=\u00a0\u00bb0&Prime;][vc_column width=\u00a0\u00bb1\/2&Prime;][vc_video link=\u00a0\u00bbhttps:\/\/www.youtube.com\/watch?v=sW_azvOiODs\u00a0\u00bb css=\u00a0\u00bb.vc_custom_1759999507055{margin-bottom: 0px !important;}\u00a0\u00bb woodmart_css_id=\u00a0\u00bb68e7760d09a2e\u00a0\u00bb image_poster_switch=\u00a0\u00bbno\u00a0\u00bb][\/vc_column][vc_column width=\u00a0\u00bb1\/2&Prime; el_class=\u00a0\u00bbcl-experiences-siena\u00a0\u00bb woodmart_css_id=\u00a0\u00bb68d619e981add\u00a0\u00bb parallax_scroll=\u00a0\u00bbno\u00a0\u00bb woodmart_sticky_column=\u00a0\u00bbfalse\u00a0\u00bb wd_collapsible_content_switcher=\u00a0\u00bbno\u00a0\u00bb wd_column_role_offcanvas_desktop=\u00a0\u00bbno\u00a0\u00bb wd_column_role_offcanvas_tablet=\u00a0\u00bbno\u00a0\u00bb wd_column_role_offcanvas_mobile=\u00a0\u00bbno\u00a0\u00bb wd_column_role_content_desktop=\u00a0\u00bbno\u00a0\u00bb wd_column_role_content_tablet=\u00a0\u00bbno\u00a0\u00bb wd_column_role_content_mobile=\u00a0\u00bbno\u00a0\u00bb mobile_bg_img_hidden=\u00a0\u00bbno\u00a0\u00bb tablet_bg_img_hidden=\u00a0\u00bbno\u00a0\u00bb woodmart_parallax=\u00a0\u00bb0&Prime; woodmart_box_shadow=\u00a0\u00bbno\u00a0\u00bb responsive_spacing=\u00a0\u00bbeyJwYXJhbV90eXBlIjoid29vZG1hcnRfcmVzcG9uc2l2ZV9zcGFjaW5nIiwic2VsZWN0b3JfaWQiOiI2OGQ2MTllOTgxYWRkIiwic2hvcnRjb2RlIjoidmNfY29sdW1uIiwiZGF0YSI6eyJ0YWJsZXQiOnt9LCJtb2JpbGUiOnt9fX0=\u00a0\u00bb mobile_reset_margin=\u00a0\u00bbno\u00a0\u00bb tablet_reset_margin=\u00a0\u00bbno\u00a0\u00bb wd_z_index=\u00a0\u00bbno\u00a0\u00bb][vc_column_text css_animation=\u00a0\u00bbfadeIn\u00a0\u00bb css=\u00a0\u00bb\u00a0\u00bb woodmart_inline=\u00a0\u00bbno\u00a0\u00bb text_larger=\u00a0\u00bbno\u00a0\u00bb]<\/p>\n<h4>L\u2019h\u00f4tel est situ\u00e9 \u00e0 seulement quelques minutes \u00e0 pied de la Piazza del Campo, le coeur du centreville historique o\u00f9 vous pourrez admirer la magnifique Fonte Gaia, le magnifique Palazzo Pubblico et tous les b\u00e2timents historiques situ\u00e9s \u00e0 l\u2019ombre de la Torre del Mangia.<\/h4>\n<p>Sienne est connue dans le monde entier comme la ville du Palio, mais aussi pour ses traditions ancestrales, telles que les miracles de Sainte Catherine et de Saint Bernard Tolomei, son art, sa culture, sa gastronomie et son vin.<br \/>\nNotre h\u00f4tel dispose de 56 chambres et offre \u00e0 nos clients le choix entre 4 types diff\u00e9rents: Easy, Standard \u00c9l\u00e9gant, Chambre Sup\u00e9rieure et Suite Junior.<br \/>\nParmi nos services, nous proposons \u00e0 nos clients un parking surveill\u00e9 \u00e9quip\u00e9 d\u2019un syst\u00e8me de vid\u00e9osurveillance ainsi qu\u2019une salle de r\u00e9union pouvant accueillir jusqu\u2019\u00e0 50 personnes pour des \u00e9v\u00e9nements professionnels, des r\u00e9unions et des formations.<\/p>\n<p>[\/vc_column_text][\/vc_column][\/vc_row][vc_row equal_height=\u00a0\u00bbyes\u00a0\u00bb content_placement=\u00a0\u00bbmiddle\u00a0\u00bb el_class=\u00a0\u00bbhotel-minerva-row\u00a0\u00bb woodmart_css_id=\u00a0\u00bb68e77cb1858ce\u00a0\u00bb responsive_spacing=\u00a0\u00bbeyJwYXJhbV90eXBlIjoid29vZG1hcnRfcmVzcG9uc2l2ZV9zcGFjaW5nIiwic2VsZWN0b3JfaWQiOiI2OGU3N2NiMTg1OGNlIiwic2hvcnRjb2RlIjoidmNfcm93IiwiZGF0YSI6eyJ0YWJsZXQiOnt9LCJtb2JpbGUiOnt9fX0=\u00a0\u00bb mobile_bg_img_hidden=\u00a0\u00bbno\u00a0\u00bb tablet_bg_img_hidden=\u00a0\u00bbno\u00a0\u00bb woodmart_parallax=\u00a0\u00bb0&Prime; woodmart_gradient_switch=\u00a0\u00bbno\u00a0\u00bb woodmart_box_shadow=\u00a0\u00bbno\u00a0\u00bb wd_z_index=\u00a0\u00bbno\u00a0\u00bb woodmart_disable_overflow=\u00a0\u00bb0&Prime; row_reverse_mobile=\u00a0\u00bb0&Prime; row_reverse_tablet=\u00a0\u00bb0&Prime;][vc_column width=\u00a0\u00bb1\/3&Prime;][vc_column_text css=\u00a0\u00bb\u00a0\u00bb woodmart_inline=\u00a0\u00bbno\u00a0\u00bb text_larger=\u00a0\u00bbno\u00a0\u00bb]<\/p>\n<p>L\u2019Hotel Minerva constitue un cadre id\u00e9al pour les voyages d\u2019affaires mais \u00e9galement pour ceux qui r\u00eavent de vacances pour d\u00e9couvrir Sienne et les plus belles villes de la Toscane. Notre phare est l\u2019accueil chaleureux et le service client d\u00e9di\u00e9.<br \/>\nH\u00f4tel Minerva est une solution id\u00e9ale aussi pour ceux qui veulent faire des excursions \u00e0 deux roues, cyclistes et motocyclistes ou simplement pour la randonn\u00e9e urbaine.<br \/>\nL\u2019h\u00f4tel est un lieu de s\u00e9jour id\u00e9al, m\u00eame pour les familles avec enfants, car vous pourrez trouver des espaces \u00e9quip\u00e9s pour le divertissement des enfants.<\/p>\n<p><strong>Les animaux sont les bienvenus.<\/strong><\/p>\n<p>Qu\u2019est-ce que vous attendez? R\u00e9servez d\u00e8s maintenant votre s\u00e9jour \u00e0 l\u2019h\u00f4tel Minerva \u00e0 Sienne.<\/p>\n<p>[\/vc_column_text][\/vc_column][vc_column width=\u00a0\u00bb2\/3&Prime;][vc_single_image image=\u00a0\u00bb20791&Prime; img_size=\u00a0\u00bbfull\u00a0\u00bb css_animation=\u00a0\u00bbfadeIn\u00a0\u00bb css=\u00a0\u00bb\u00a0\u00bb parallax_scroll=\u00a0\u00bbno\u00a0\u00bb woodmart_inline=\u00a0\u00bbno\u00a0\u00bb][\/vc_column][\/vc_row]<\/p>\n<\/div>","protected":false},"excerpt":{"rendered":"<p>[vc_row el_class=\u00a0\u00bbhotel-minerva-row\u00a0\u00bb woodmart_css_id=\u00a0\u00bb68e776c4db35e\u00a0\u00bb responsive_spacing=\u00a0\u00bbeyJwYXJhbV90eXBlIjoid29vZG1hcnRfcmVzcG9uc2l2ZV9zcGFjaW5nIiwic2VsZWN0b3JfaWQiOiI2OGU3NzZjNGRiMzVlIiwic2hvcnRjb2RlIjoidmNfcm93IiwiZGF0YSI6eyJ0YWJsZXQiOnt9LCJtb2JpbGUiOnt9fX0=\u00a0\u00bb mobile_bg_img_hidden=\u00a0\u00bbno\u00a0\u00bb tablet_bg_img_hidden=\u00a0\u00bbno\u00a0\u00bb woodmart_parallax=\u00a0\u00bb0&Prime; woodmart_gradient_switch=\u00a0\u00bbno\u00a0\u00bb woodmart_box_shadow=\u00a0\u00bbno\u00a0\u00bb wd_z_index=\u00a0\u00bbno\u00a0\u00bb woodmart_disable_overflow=\u00a0\u00bb0&Prime; row_reverse_mobile=\u00a0\u00bb0&Prime; row_reverse_tablet=\u00a0\u00bb0&Prime;][vc_column width=\u00a0\u00bb2\/3&Prime;][vc_column_text css=\u00a0\u00bb\u00a0\u00bb woodmart_inline=\u00a0\u00bbno\u00a0\u00bb text_larger=\u00a0\u00bbno\u00a0\u00bb] Confort, d\u00e9tente et<\/p>\n","protected":false},"author":1,"featured_media":3355,"parent":0,"menu_order":0,"comment_status":"closed","ping_status":"closed","template":"","meta":{"_acf_changed":false,"footnotes":""},"class_list":["post-6335","page","type-page","status-publish","has-post-thumbnail","hentry"],"acf":[],"yoast_head":"<!-- This site is optimized with the Yoast SEO plugin v27.4 - https:\/\/yoast.com\/product\/yoast-seo-wordpress\/ -->\n<title>Hotel Minerva - Hotel Minerva Siena<\/title>\n<meta name=\"robots\" content=\"index, follow, max-snippet:-1, max-image-preview:large, max-video-preview:-1\" \/>\n<link rel=\"canonical\" href=\"https:\/\/www.albergominerva.it\/fr\/hotel-minerva-structure\/\" \/>\n<meta property=\"og:locale\" content=\"fr_FR\" \/>\n<meta property=\"og:type\" content=\"article\" \/>\n<meta property=\"og:title\" content=\"Hotel Minerva - Hotel Minerva Siena\" \/>\n<meta property=\"og:description\" content=\"[vc_row el_class=\u00a0\u00bbhotel-minerva-row\u00a0\u00bb woodmart_css_id=\u00a0\u00bb68e776c4db35e\u00a0\u00bb responsive_spacing=\u00a0\u00bbeyJwYXJhbV90eXBlIjoid29vZG1hcnRfcmVzcG9uc2l2ZV9zcGFjaW5nIiwic2VsZWN0b3JfaWQiOiI2OGU3NzZjNGRiMzVlIiwic2hvcnRjb2RlIjoidmNfcm93IiwiZGF0YSI6eyJ0YWJsZXQiOnt9LCJtb2JpbGUiOnt9fX0=\u00a0\u00bb mobile_bg_img_hidden=\u00a0\u00bbno\u00a0\u00bb tablet_bg_img_hidden=\u00a0\u00bbno\u00a0\u00bb woodmart_parallax=\u00a0\u00bb0&Prime; woodmart_gradient_switch=\u00a0\u00bbno\u00a0\u00bb woodmart_box_shadow=\u00a0\u00bbno\u00a0\u00bb wd_z_index=\u00a0\u00bbno\u00a0\u00bb woodmart_disable_overflow=\u00a0\u00bb0&Prime; row_reverse_mobile=\u00a0\u00bb0&Prime; row_reverse_tablet=\u00a0\u00bb0&Prime;][vc_column width=\u00a0\u00bb2\/3&Prime;][vc_column_text css=\u00a0\u00bb\u00a0\u00bb woodmart_inline=\u00a0\u00bbno\u00a0\u00bb text_larger=\u00a0\u00bbno\u00a0\u00bb] Confort, d\u00e9tente et\" \/>\n<meta property=\"og:url\" content=\"https:\/\/www.albergominerva.it\/fr\/hotel-minerva-structure\/\" \/>\n<meta property=\"og:site_name\" content=\"Hotel Minerva Siena\" \/>\n<meta property=\"article:modified_time\" content=\"2025-11-13T11:55:06+00:00\" \/>\n<meta property=\"og:image\" content=\"https:\/\/www.albergominerva.it\/wp-content\/uploads\/2019\/06\/header-hotelminerva.jpg\" \/>\n\t<meta property=\"og:image:width\" content=\"1920\" \/>\n\t<meta property=\"og:image:height\" content=\"1000\" \/>\n\t<meta property=\"og:image:type\" content=\"image\/jpeg\" \/>\n<meta name=\"twitter:card\" content=\"summary_large_image\" \/>\n<meta name=\"twitter:label1\" content=\"Dur\u00e9e de lecture estim\u00e9e\" \/>\n\t<meta name=\"twitter:data1\" content=\"4 minutes\" \/>\n<script type=\"application\/ld+json\" class=\"yoast-schema-graph\">{\"@context\":\"https:\\\/\\\/schema.org\",\"@graph\":[{\"@type\":\"WebPage\",\"@id\":\"https:\\\/\\\/www.albergominerva.it\\\/fr\\\/hotel-minerva-structure\\\/\",\"url\":\"https:\\\/\\\/www.albergominerva.it\\\/fr\\\/hotel-minerva-structure\\\/\",\"name\":\"Hotel Minerva - Hotel Minerva Siena\",\"isPartOf\":{\"@id\":\"https:\\\/\\\/www.albergominerva.it\\\/fr\\\/#website\"},\"primaryImageOfPage\":{\"@id\":\"https:\\\/\\\/www.albergominerva.it\\\/fr\\\/hotel-minerva-structure\\\/#primaryimage\"},\"image\":{\"@id\":\"https:\\\/\\\/www.albergominerva.it\\\/fr\\\/hotel-minerva-structure\\\/#primaryimage\"},\"thumbnailUrl\":\"https:\\\/\\\/www.albergominerva.it\\\/wp-content\\\/uploads\\\/2019\\\/06\\\/header-hotelminerva.jpg\",\"datePublished\":\"2019-09-02T15:00:30+00:00\",\"dateModified\":\"2025-11-13T11:55:06+00:00\",\"breadcrumb\":{\"@id\":\"https:\\\/\\\/www.albergominerva.it\\\/fr\\\/hotel-minerva-structure\\\/#breadcrumb\"},\"inLanguage\":\"fr-FR\",\"potentialAction\":[{\"@type\":\"ReadAction\",\"target\":[\"https:\\\/\\\/www.albergominerva.it\\\/fr\\\/hotel-minerva-structure\\\/\"]}]},{\"@type\":\"ImageObject\",\"inLanguage\":\"fr-FR\",\"@id\":\"https:\\\/\\\/www.albergominerva.it\\\/fr\\\/hotel-minerva-structure\\\/#primaryimage\",\"url\":\"https:\\\/\\\/www.albergominerva.it\\\/wp-content\\\/uploads\\\/2019\\\/06\\\/header-hotelminerva.jpg\",\"contentUrl\":\"https:\\\/\\\/www.albergominerva.it\\\/wp-content\\\/uploads\\\/2019\\\/06\\\/header-hotelminerva.jpg\",\"width\":1920,\"height\":1000},{\"@type\":\"BreadcrumbList\",\"@id\":\"https:\\\/\\\/www.albergominerva.it\\\/fr\\\/hotel-minerva-structure\\\/#breadcrumb\",\"itemListElement\":[{\"@type\":\"ListItem\",\"position\":1,\"name\":\"Home\",\"item\":\"https:\\\/\\\/www.albergominerva.it\\\/fr\\\/\"},{\"@type\":\"ListItem\",\"position\":2,\"name\":\"H\u00f4tel Minerva structure\"}]},{\"@type\":\"WebSite\",\"@id\":\"https:\\\/\\\/www.albergominerva.it\\\/fr\\\/#website\",\"url\":\"https:\\\/\\\/www.albergominerva.it\\\/fr\\\/\",\"name\":\"Hotel Minerva Siena\",\"description\":\"Hotel in Centro Storico a Siena - Toscana - Italy\",\"potentialAction\":[{\"@type\":\"SearchAction\",\"target\":{\"@type\":\"EntryPoint\",\"urlTemplate\":\"https:\\\/\\\/www.albergominerva.it\\\/fr\\\/?s={search_term_string}\"},\"query-input\":{\"@type\":\"PropertyValueSpecification\",\"valueRequired\":true,\"valueName\":\"search_term_string\"}}],\"inLanguage\":\"fr-FR\"}]}<\/script>\n<!-- \/ Yoast SEO plugin. -->","yoast_head_json":{"title":"Hotel Minerva - Hotel Minerva Siena","robots":{"index":"index","follow":"follow","max-snippet":"max-snippet:-1","max-image-preview":"max-image-preview:large","max-video-preview":"max-video-preview:-1"},"canonical":"https:\/\/www.albergominerva.it\/fr\/hotel-minerva-structure\/","og_locale":"fr_FR","og_type":"article","og_title":"Hotel Minerva - Hotel Minerva Siena","og_description":"[vc_row el_class=\u00a0\u00bbhotel-minerva-row\u00a0\u00bb woodmart_css_id=\u00a0\u00bb68e776c4db35e\u00a0\u00bb responsive_spacing=\u00a0\u00bbeyJwYXJhbV90eXBlIjoid29vZG1hcnRfcmVzcG9uc2l2ZV9zcGFjaW5nIiwic2VsZWN0b3JfaWQiOiI2OGU3NzZjNGRiMzVlIiwic2hvcnRjb2RlIjoidmNfcm93IiwiZGF0YSI6eyJ0YWJsZXQiOnt9LCJtb2JpbGUiOnt9fX0=\u00a0\u00bb mobile_bg_img_hidden=\u00a0\u00bbno\u00a0\u00bb tablet_bg_img_hidden=\u00a0\u00bbno\u00a0\u00bb woodmart_parallax=\u00a0\u00bb0&Prime; woodmart_gradient_switch=\u00a0\u00bbno\u00a0\u00bb woodmart_box_shadow=\u00a0\u00bbno\u00a0\u00bb wd_z_index=\u00a0\u00bbno\u00a0\u00bb woodmart_disable_overflow=\u00a0\u00bb0&Prime; row_reverse_mobile=\u00a0\u00bb0&Prime; row_reverse_tablet=\u00a0\u00bb0&Prime;][vc_column width=\u00a0\u00bb2\/3&Prime;][vc_column_text css=\u00a0\u00bb\u00a0\u00bb woodmart_inline=\u00a0\u00bbno\u00a0\u00bb text_larger=\u00a0\u00bbno\u00a0\u00bb] Confort, d\u00e9tente et","og_url":"https:\/\/www.albergominerva.it\/fr\/hotel-minerva-structure\/","og_site_name":"Hotel Minerva Siena","article_modified_time":"2025-11-13T11:55:06+00:00","og_image":[{"width":1920,"height":1000,"url":"https:\/\/www.albergominerva.it\/wp-content\/uploads\/2019\/06\/header-hotelminerva.jpg","type":"image\/jpeg"}],"twitter_card":"summary_large_image","twitter_misc":{"Dur\u00e9e de lecture estim\u00e9e":"4 minutes"},"schema":{"@context":"https:\/\/schema.org","@graph":[{"@type":"WebPage","@id":"https:\/\/www.albergominerva.it\/fr\/hotel-minerva-structure\/","url":"https:\/\/www.albergominerva.it\/fr\/hotel-minerva-structure\/","name":"Hotel Minerva - Hotel Minerva Siena","isPartOf":{"@id":"https:\/\/www.albergominerva.it\/fr\/#website"},"primaryImageOfPage":{"@id":"https:\/\/www.albergominerva.it\/fr\/hotel-minerva-structure\/#primaryimage"},"image":{"@id":"https:\/\/www.albergominerva.it\/fr\/hotel-minerva-structure\/#primaryimage"},"thumbnailUrl":"https:\/\/www.albergominerva.it\/wp-content\/uploads\/2019\/06\/header-hotelminerva.jpg","datePublished":"2019-09-02T15:00:30+00:00","dateModified":"2025-11-13T11:55:06+00:00","breadcrumb":{"@id":"https:\/\/www.albergominerva.it\/fr\/hotel-minerva-structure\/#breadcrumb"},"inLanguage":"fr-FR","potentialAction":[{"@type":"ReadAction","target":["https:\/\/www.albergominerva.it\/fr\/hotel-minerva-structure\/"]}]},{"@type":"ImageObject","inLanguage":"fr-FR","@id":"https:\/\/www.albergominerva.it\/fr\/hotel-minerva-structure\/#primaryimage","url":"https:\/\/www.albergominerva.it\/wp-content\/uploads\/2019\/06\/header-hotelminerva.jpg","contentUrl":"https:\/\/www.albergominerva.it\/wp-content\/uploads\/2019\/06\/header-hotelminerva.jpg","width":1920,"height":1000},{"@type":"BreadcrumbList","@id":"https:\/\/www.albergominerva.it\/fr\/hotel-minerva-structure\/#breadcrumb","itemListElement":[{"@type":"ListItem","position":1,"name":"Home","item":"https:\/\/www.albergominerva.it\/fr\/"},{"@type":"ListItem","position":2,"name":"H\u00f4tel Minerva structure"}]},{"@type":"WebSite","@id":"https:\/\/www.albergominerva.it\/fr\/#website","url":"https:\/\/www.albergominerva.it\/fr\/","name":"Hotel Minerva Siena","description":"Hotel in Centro Storico a Siena - Toscana - Italy","potentialAction":[{"@type":"SearchAction","target":{"@type":"EntryPoint","urlTemplate":"https:\/\/www.albergominerva.it\/fr\/?s={search_term_string}"},"query-input":{"@type":"PropertyValueSpecification","valueRequired":true,"valueName":"search_term_string"}}],"inLanguage":"fr-FR"}]}},"_links":{"self":[{"href":"https:\/\/www.albergominerva.it\/fr\/wp-json\/wp\/v2\/pages\/6335","targetHints":{"allow":["GET"]}}],"collection":[{"href":"https:\/\/www.albergominerva.it\/fr\/wp-json\/wp\/v2\/pages"}],"about":[{"href":"https:\/\/www.albergominerva.it\/fr\/wp-json\/wp\/v2\/types\/page"}],"author":[{"embeddable":true,"href":"https:\/\/www.albergominerva.it\/fr\/wp-json\/wp\/v2\/users\/1"}],"replies":[{"embeddable":true,"href":"https:\/\/www.albergominerva.it\/fr\/wp-json\/wp\/v2\/comments?post=6335"}],"version-history":[{"count":8,"href":"https:\/\/www.albergominerva.it\/fr\/wp-json\/wp\/v2\/pages\/6335\/revisions"}],"predecessor-version":[{"id":21222,"href":"https:\/\/www.albergominerva.it\/fr\/wp-json\/wp\/v2\/pages\/6335\/revisions\/21222"}],"wp:featuredmedia":[{"embeddable":true,"href":"https:\/\/www.albergominerva.it\/fr\/wp-json\/wp\/v2\/media\/3355"}],"wp:attachment":[{"href":"https:\/\/www.albergominerva.it\/fr\/wp-json\/wp\/v2\/media?parent=6335"}],"curies":[{"name":"wp","href":"https:\/\/api.w.org\/{rel}","templated":true}]}}