{"id":6338,"date":"2019-09-02T17:16:02","date_gmt":"2019-09-02T15:16:02","guid":{"rendered":"https:\/\/www.albergominerva.it\/siena-e-dintorni\/"},"modified":"2025-11-13T09:37:40","modified_gmt":"2025-11-13T08:37:40","slug":"sienne-et-ses-environs","status":"publish","type":"page","link":"https:\/\/www.albergominerva.it\/fr\/sienne-et-ses-environs\/","title":{"rendered":"Sienne et ses environs"},"content":{"rendered":"\n<h2 class=\"wp-block-heading\">Sienne \u00e9tait un centre important du pouvoir m\u00e9di\u00e9val. M\u00eame aujourd&rsquo;hui, nous pouvons appr\u00e9cier son extraordinaire beaut\u00e9.<\/h2>\n\n\n\n<p>Sienne est un concentr\u00e9 d&rsquo;art et d&rsquo;histoire, de culture et de traditions. Son centre historique est devenu une partie du patrimoine mondial de l&rsquo;UNESCO.<\/p>\n\n\n\n<p>Sienne est c\u00e9l\u00e8bre dans le monde entier pour son Palio, la course \u00e9questre entre les Contrade de la ville qui a lieu deux fois par an sur la Piazza del Campo. L&rsquo;Hotel Minerva est situ\u00e9 dans la Contrada della Lupa.<br>La Piazza del Campo est consid\u00e9r\u00e9e comme le plus grand b\u00e2timent m\u00e9di\u00e9val jamais construit de l&rsquo;histoire. Vous pourrez y admirer sa forme typique de coquille et les beaux monuments qui l&rsquo;entourent, tels que La Torre del Mangia, le Palazzo Pubblico, la Fonte Gaia.<\/p>\n\n\n\n<p>Si vous passez un s\u00e9jour \u00e0 Sienne \u00e0 l\u2019h\u00f4tel Minerva, n&rsquo;oubliez pas de visiter le Duomo, la Loggia della Mercanzia avec ses statues datant du XVIe si\u00e8cle, le Palazzo Salimbeni, un \u00e9difice de la Renaissance du XIIIe si\u00e8cle, la forteresse de M\u00e9dicis, un b\u00e2timent imposant de 1561 command\u00e9 par Cosimo Je de &lsquo;Medici et Palazzo Tolomei pour n&rsquo;en nommer que quelques-uns.<\/p>\n\n\n\n<p>Dans les environs de Sienne, vous trouverez un nombre infini de destinations possibles pour vos excursions. San Gimignano, Monteriggioni, Colle Val D&rsquo;Elsa, la Valle d&rsquo;Orcia jusqu&rsquo;\u00e0 Pise et Florence, o\u00f9 vous pourrez suivre des itin\u00e9raires historiques et culturels, gastronomiques et viticoles parmi les vins de toutes les vari\u00e9t\u00e9s de Chianti, Brunello di Montalcino et Vernaccia de San Gimignano.<\/p>\n\n\n\n<p><strong>Venez d\u00e9couvrir la Toscane.<\/strong><\/p>\n","protected":false},"excerpt":{"rendered":"<p>Sienne \u00e9tait un centre important du pouvoir m\u00e9di\u00e9val. M\u00eame aujourd&rsquo;hui, nous pouvons appr\u00e9cier son extraordinaire beaut\u00e9. Sienne est un concentr\u00e9<\/p>\n","protected":false},"author":1,"featured_media":8640,"parent":0,"menu_order":0,"comment_status":"closed","ping_status":"closed","template":"","meta":{"_acf_changed":false,"footnotes":""},"class_list":["post-6338","page","type-page","status-publish","has-post-thumbnail","hentry"],"acf":[],"yoast_head":"<!-- This site is optimized with the Yoast SEO plugin v26.4 - https:\/\/yoast.com\/wordpress\/plugins\/seo\/ -->\n<title>Sienne et ses environs - Hotel Minerva Siena<\/title>\n<meta name=\"robots\" content=\"index, follow, max-snippet:-1, max-image-preview:large, max-video-preview:-1\" \/>\n<link rel=\"canonical\" href=\"https:\/\/www.albergominerva.it\/fr\/sienne-et-ses-environs\/\" \/>\n<meta property=\"og:locale\" content=\"fr_FR\" \/>\n<meta property=\"og:type\" content=\"article\" \/>\n<meta property=\"og:title\" content=\"Sienne et ses environs - Hotel Minerva Siena\" \/>\n<meta property=\"og:description\" content=\"Sienne \u00e9tait un centre important du pouvoir m\u00e9di\u00e9val. M\u00eame aujourd&rsquo;hui, nous pouvons appr\u00e9cier son extraordinaire beaut\u00e9. Sienne est un concentr\u00e9\" \/>\n<meta property=\"og:url\" content=\"https:\/\/www.albergominerva.it\/fr\/sienne-et-ses-environs\/\" \/>\n<meta property=\"og:site_name\" content=\"Hotel Minerva Siena\" \/>\n<meta property=\"article:modified_time\" content=\"2025-11-13T08:37:40+00:00\" \/>\n<meta property=\"og:image\" content=\"https:\/\/www.albergominerva.it\/wp-content\/uploads\/2021\/04\/panorama-siena-dintorni.jpg\" \/>\n\t<meta property=\"og:image:width\" content=\"1920\" \/>\n\t<meta property=\"og:image:height\" content=\"1000\" \/>\n\t<meta property=\"og:image:type\" content=\"image\/jpeg\" \/>\n<meta name=\"twitter:card\" content=\"summary_large_image\" \/>\n<meta name=\"twitter:label1\" content=\"Dur\u00e9e de lecture estim\u00e9e\" \/>\n\t<meta name=\"twitter:data1\" content=\"1 minute\" \/>\n<script type=\"application\/ld+json\" class=\"yoast-schema-graph\">{\"@context\":\"https:\/\/schema.org\",\"@graph\":[{\"@type\":\"WebPage\",\"@id\":\"https:\/\/www.albergominerva.it\/fr\/sienne-et-ses-environs\/\",\"url\":\"https:\/\/www.albergominerva.it\/fr\/sienne-et-ses-environs\/\",\"name\":\"Sienne et ses environs - Hotel Minerva Siena\",\"isPartOf\":{\"@id\":\"https:\/\/www.albergominerva.it\/fr\/#website\"},\"primaryImageOfPage\":{\"@id\":\"https:\/\/www.albergominerva.it\/fr\/sienne-et-ses-environs\/#primaryimage\"},\"image\":{\"@id\":\"https:\/\/www.albergominerva.it\/fr\/sienne-et-ses-environs\/#primaryimage\"},\"thumbnailUrl\":\"https:\/\/www.albergominerva.it\/wp-content\/uploads\/2021\/04\/panorama-siena-dintorni.jpg\",\"datePublished\":\"2019-09-02T15:16:02+00:00\",\"dateModified\":\"2025-11-13T08:37:40+00:00\",\"breadcrumb\":{\"@id\":\"https:\/\/www.albergominerva.it\/fr\/sienne-et-ses-environs\/#breadcrumb\"},\"inLanguage\":\"fr-FR\",\"potentialAction\":[{\"@type\":\"ReadAction\",\"target\":[\"https:\/\/www.albergominerva.it\/fr\/sienne-et-ses-environs\/\"]}]},{\"@type\":\"ImageObject\",\"inLanguage\":\"fr-FR\",\"@id\":\"https:\/\/www.albergominerva.it\/fr\/sienne-et-ses-environs\/#primaryimage\",\"url\":\"https:\/\/www.albergominerva.it\/wp-content\/uploads\/2021\/04\/panorama-siena-dintorni.jpg\",\"contentUrl\":\"https:\/\/www.albergominerva.it\/wp-content\/uploads\/2021\/04\/panorama-siena-dintorni.jpg\",\"width\":1920,\"height\":1000},{\"@type\":\"BreadcrumbList\",\"@id\":\"https:\/\/www.albergominerva.it\/fr\/sienne-et-ses-environs\/#breadcrumb\",\"itemListElement\":[{\"@type\":\"ListItem\",\"position\":1,\"name\":\"Home\",\"item\":\"https:\/\/www.albergominerva.it\/fr\/\"},{\"@type\":\"ListItem\",\"position\":2,\"name\":\"Sienne et ses environs\"}]},{\"@type\":\"WebSite\",\"@id\":\"https:\/\/www.albergominerva.it\/fr\/#website\",\"url\":\"https:\/\/www.albergominerva.it\/fr\/\",\"name\":\"Hotel Minerva Siena\",\"description\":\"Hotel in Centro Storico a Siena - Toscana - Italy\",\"potentialAction\":[{\"@type\":\"SearchAction\",\"target\":{\"@type\":\"EntryPoint\",\"urlTemplate\":\"https:\/\/www.albergominerva.it\/fr\/?s={search_term_string}\"},\"query-input\":{\"@type\":\"PropertyValueSpecification\",\"valueRequired\":true,\"valueName\":\"search_term_string\"}}],\"inLanguage\":\"fr-FR\"}]}<\/script>\n<!-- \/ Yoast SEO plugin. -->","yoast_head_json":{"title":"Sienne et ses environs - Hotel Minerva Siena","robots":{"index":"index","follow":"follow","max-snippet":"max-snippet:-1","max-image-preview":"max-image-preview:large","max-video-preview":"max-video-preview:-1"},"canonical":"https:\/\/www.albergominerva.it\/fr\/sienne-et-ses-environs\/","og_locale":"fr_FR","og_type":"article","og_title":"Sienne et ses environs - Hotel Minerva Siena","og_description":"Sienne \u00e9tait un centre important du pouvoir m\u00e9di\u00e9val. M\u00eame aujourd&rsquo;hui, nous pouvons appr\u00e9cier son extraordinaire beaut\u00e9. Sienne est un concentr\u00e9","og_url":"https:\/\/www.albergominerva.it\/fr\/sienne-et-ses-environs\/","og_site_name":"Hotel Minerva Siena","article_modified_time":"2025-11-13T08:37:40+00:00","og_image":[{"width":1920,"height":1000,"url":"https:\/\/www.albergominerva.it\/wp-content\/uploads\/2021\/04\/panorama-siena-dintorni.jpg","type":"image\/jpeg"}],"twitter_card":"summary_large_image","twitter_misc":{"Dur\u00e9e de lecture estim\u00e9e":"1 minute"},"schema":{"@context":"https:\/\/schema.org","@graph":[{"@type":"WebPage","@id":"https:\/\/www.albergominerva.it\/fr\/sienne-et-ses-environs\/","url":"https:\/\/www.albergominerva.it\/fr\/sienne-et-ses-environs\/","name":"Sienne et ses environs - Hotel Minerva Siena","isPartOf":{"@id":"https:\/\/www.albergominerva.it\/fr\/#website"},"primaryImageOfPage":{"@id":"https:\/\/www.albergominerva.it\/fr\/sienne-et-ses-environs\/#primaryimage"},"image":{"@id":"https:\/\/www.albergominerva.it\/fr\/sienne-et-ses-environs\/#primaryimage"},"thumbnailUrl":"https:\/\/www.albergominerva.it\/wp-content\/uploads\/2021\/04\/panorama-siena-dintorni.jpg","datePublished":"2019-09-02T15:16:02+00:00","dateModified":"2025-11-13T08:37:40+00:00","breadcrumb":{"@id":"https:\/\/www.albergominerva.it\/fr\/sienne-et-ses-environs\/#breadcrumb"},"inLanguage":"fr-FR","potentialAction":[{"@type":"ReadAction","target":["https:\/\/www.albergominerva.it\/fr\/sienne-et-ses-environs\/"]}]},{"@type":"ImageObject","inLanguage":"fr-FR","@id":"https:\/\/www.albergominerva.it\/fr\/sienne-et-ses-environs\/#primaryimage","url":"https:\/\/www.albergominerva.it\/wp-content\/uploads\/2021\/04\/panorama-siena-dintorni.jpg","contentUrl":"https:\/\/www.albergominerva.it\/wp-content\/uploads\/2021\/04\/panorama-siena-dintorni.jpg","width":1920,"height":1000},{"@type":"BreadcrumbList","@id":"https:\/\/www.albergominerva.it\/fr\/sienne-et-ses-environs\/#breadcrumb","itemListElement":[{"@type":"ListItem","position":1,"name":"Home","item":"https:\/\/www.albergominerva.it\/fr\/"},{"@type":"ListItem","position":2,"name":"Sienne et ses environs"}]},{"@type":"WebSite","@id":"https:\/\/www.albergominerva.it\/fr\/#website","url":"https:\/\/www.albergominerva.it\/fr\/","name":"Hotel Minerva Siena","description":"Hotel in Centro Storico a Siena - Toscana - Italy","potentialAction":[{"@type":"SearchAction","target":{"@type":"EntryPoint","urlTemplate":"https:\/\/www.albergominerva.it\/fr\/?s={search_term_string}"},"query-input":{"@type":"PropertyValueSpecification","valueRequired":true,"valueName":"search_term_string"}}],"inLanguage":"fr-FR"}]}},"_links":{"self":[{"href":"https:\/\/www.albergominerva.it\/fr\/wp-json\/wp\/v2\/pages\/6338","targetHints":{"allow":["GET"]}}],"collection":[{"href":"https:\/\/www.albergominerva.it\/fr\/wp-json\/wp\/v2\/pages"}],"about":[{"href":"https:\/\/www.albergominerva.it\/fr\/wp-json\/wp\/v2\/types\/page"}],"author":[{"embeddable":true,"href":"https:\/\/www.albergominerva.it\/fr\/wp-json\/wp\/v2\/users\/1"}],"replies":[{"embeddable":true,"href":"https:\/\/www.albergominerva.it\/fr\/wp-json\/wp\/v2\/comments?post=6338"}],"version-history":[{"count":3,"href":"https:\/\/www.albergominerva.it\/fr\/wp-json\/wp\/v2\/pages\/6338\/revisions"}],"predecessor-version":[{"id":6342,"href":"https:\/\/www.albergominerva.it\/fr\/wp-json\/wp\/v2\/pages\/6338\/revisions\/6342"}],"wp:featuredmedia":[{"embeddable":true,"href":"https:\/\/www.albergominerva.it\/fr\/wp-json\/wp\/v2\/media\/8640"}],"wp:attachment":[{"href":"https:\/\/www.albergominerva.it\/fr\/wp-json\/wp\/v2\/media?parent=6338"}],"curies":[{"name":"wp","href":"https:\/\/api.w.org\/{rel}","templated":true}]}}