{"id":10862,"date":"2023-08-18T07:24:19","date_gmt":"2023-08-18T05:24:19","guid":{"rendered":"https:\/\/www.albergominerva.it\/?page_id=10862"},"modified":"2023-08-18T07:24:20","modified_gmt":"2023-08-18T05:24:20","slug":"aqui-estao-alguns-dos-mais-conhecidos-e-famosos-drappelloni-bandeiras-do-palio-na-historia-de-siena","status":"publish","type":"page","link":"https:\/\/www.albergominerva.it\/pt-br\/aqui-estao-alguns-dos-mais-conhecidos-e-famosos-drappelloni-bandeiras-do-palio-na-historia-de-siena\/","title":{"rendered":"Aqui est\u00e3o alguns dos mais conhecidos e famosos &#8220;drappelloni&#8221; (bandeiras do Palio) na hist\u00f3ria de Siena:"},"content":{"rendered":"\n<p><strong>O Drappellone de Salvador Dal\u00ec em 1958: <\/strong>Este drappellone, criado pelo famoso artista surrealista Salvador Dal\u00ec, \u00e9 um dos mais ic\u00f4nicos na hist\u00f3ria do Palio. Ele apresenta uma representa\u00e7\u00e3o on\u00edrica e extravagante de Siena.<\/p>\n\n\n\n<p><strong>O Drappellone de Tano Festa em 1992:<\/strong> O artista contempor\u00e2neo Tano Festa criou um drappellone com design ousado e moderno em 1992. Seu estilo \u00fanico e inovador chamou muita aten\u00e7\u00e3o.<\/p>\n\n\n\n<p><strong>O Drappellone de Pietro Annigoni em 1970: <\/strong>O artista florentino Pietro Annigoni, conhecido por seus retratos, elaborou um drappellone com uma cena dram\u00e1tica e detalhada em 1970.<\/p>\n\n\n\n<p><strong>O Drappellone de Achille Funi em 1996: <\/strong>Achille Funi projetou um drappellone reminiscente da arte renascentista, apresentando uma cena que celebra a hist\u00f3ria e as tradi\u00e7\u00f5es de Siena.<\/p>\n\n\n\n<p><strong>O Drappellone de Aligi Sassu em 1983: <\/strong>Aligi Sassu, famoso por seu estilo figurativo e animado, criou um drappellone em 1983 que captura a energia e a emo\u00e7\u00e3o do Palio.<\/p>\n\n\n\n<p><strong>O Drappellone de Agostino Arrivabene em 2019:<\/strong> O artista Agostino Arrivabene criou um drappellone em 2019 com um estilo evocativo e simb\u00f3lico, retratando uma vis\u00e3o surreal de Siena.<\/p>\n\n\n\n<p><strong>O Drappellone de Giuseppe Gallo em 1990: <\/strong>Giuseppe Gallo criou um drappellone em 1990 que captura a atmosfera medieval de Siena com uma cena detalhada e intricada.<\/p>\n\n\n\n<p><strong>O Drappellone de Domenico Purificato em 2004: <\/strong>Este drappellone apresenta um estilo pict\u00f3rico cl\u00e1ssico e representa uma cena emblem\u00e1tica de Siena, incluindo o Duomo e a Torre del Mangia.<\/p>\n\n\n\n<p><strong>O Drappellone de Alessandro Rinaldi em 2016: <\/strong>O drappellone de Alessandro Rinaldi em 2016 combina elementos tradicionais com um estilo contempor\u00e2neo, retratando a paix\u00e3o e a for\u00e7a do Palio.<\/p>\n\n\n\n<p><strong>O Drappellone de Renato Guttuso em 2002: <\/strong>O drappellone de Renato Guttuso \u00e9 um exemplo de arte moderna, mostrando uma representa\u00e7\u00e3o vibrante e colorida de Siena.<\/p>\n\n\n\n<p>Cada drappellone \u00e9 uma obra de arte \u00fanica que reflete a vis\u00e3o e o estilo do artista, enquanto captura a ess\u00eancia e a hist\u00f3ria da cidade de Siena. Eles s\u00e3o tesouros valorizados da arte e cultura sienense.<\/p>\n","protected":false},"excerpt":{"rendered":"<p>O Drappellone de Salvador Dal\u00ec em 1958: Este drappellone, criado pelo famoso artista surrealista Salvador Dal\u00ec, \u00e9 um dos mais<\/p>\n","protected":false},"author":3,"featured_media":0,"parent":0,"menu_order":0,"comment_status":"closed","ping_status":"closed","template":"","meta":{"_acf_changed":false,"footnotes":""},"class_list":["post-10862","page","type-page","status-publish","hentry"],"acf":[],"yoast_head":"<!-- This site is optimized with the Yoast SEO plugin v27.4 - https:\/\/yoast.com\/product\/yoast-seo-wordpress\/ -->\n<title>Aqui est\u00e3o alguns dos mais conhecidos e famosos &quot;drappelloni&quot; (bandeiras do Palio) na hist\u00f3ria de Siena: - Hotel Minerva Siena<\/title>\n<meta name=\"robots\" content=\"index, follow, max-snippet:-1, max-image-preview:large, max-video-preview:-1\" \/>\n<link rel=\"canonical\" href=\"https:\/\/www.albergominerva.it\/pt-br\/aqui-estao-alguns-dos-mais-conhecidos-e-famosos-drappelloni-bandeiras-do-palio-na-historia-de-siena\/\" \/>\n<meta property=\"og:locale\" content=\"pt_BR\" \/>\n<meta property=\"og:type\" content=\"article\" \/>\n<meta property=\"og:title\" content=\"Aqui est\u00e3o alguns dos mais conhecidos e famosos &quot;drappelloni&quot; (bandeiras do Palio) na hist\u00f3ria de Siena: - Hotel Minerva Siena\" \/>\n<meta property=\"og:description\" content=\"O Drappellone de Salvador Dal\u00ec em 1958: Este drappellone, criado pelo famoso artista surrealista Salvador Dal\u00ec, \u00e9 um dos mais\" \/>\n<meta property=\"og:url\" content=\"https:\/\/www.albergominerva.it\/pt-br\/aqui-estao-alguns-dos-mais-conhecidos-e-famosos-drappelloni-bandeiras-do-palio-na-historia-de-siena\/\" \/>\n<meta property=\"og:site_name\" content=\"Hotel Minerva Siena\" \/>\n<meta property=\"article:modified_time\" content=\"2023-08-18T05:24:20+00:00\" \/>\n<meta name=\"twitter:card\" content=\"summary_large_image\" \/>\n<meta name=\"twitter:label1\" content=\"Est. tempo de leitura\" \/>\n\t<meta name=\"twitter:data1\" content=\"2 minutos\" \/>\n<script type=\"application\/ld+json\" class=\"yoast-schema-graph\">{\"@context\":\"https:\\\/\\\/schema.org\",\"@graph\":[{\"@type\":\"WebPage\",\"@id\":\"https:\\\/\\\/www.albergominerva.it\\\/pt-br\\\/aqui-estao-alguns-dos-mais-conhecidos-e-famosos-drappelloni-bandeiras-do-palio-na-historia-de-siena\\\/\",\"url\":\"https:\\\/\\\/www.albergominerva.it\\\/pt-br\\\/aqui-estao-alguns-dos-mais-conhecidos-e-famosos-drappelloni-bandeiras-do-palio-na-historia-de-siena\\\/\",\"name\":\"Aqui est\u00e3o alguns dos mais conhecidos e famosos \\\"drappelloni\\\" (bandeiras do Palio) na hist\u00f3ria de Siena: - Hotel Minerva Siena\",\"isPartOf\":{\"@id\":\"https:\\\/\\\/www.albergominerva.it\\\/pt-br\\\/#website\"},\"datePublished\":\"2023-08-18T05:24:19+00:00\",\"dateModified\":\"2023-08-18T05:24:20+00:00\",\"breadcrumb\":{\"@id\":\"https:\\\/\\\/www.albergominerva.it\\\/pt-br\\\/aqui-estao-alguns-dos-mais-conhecidos-e-famosos-drappelloni-bandeiras-do-palio-na-historia-de-siena\\\/#breadcrumb\"},\"inLanguage\":\"pt-BR\",\"potentialAction\":[{\"@type\":\"ReadAction\",\"target\":[\"https:\\\/\\\/www.albergominerva.it\\\/pt-br\\\/aqui-estao-alguns-dos-mais-conhecidos-e-famosos-drappelloni-bandeiras-do-palio-na-historia-de-siena\\\/\"]}]},{\"@type\":\"BreadcrumbList\",\"@id\":\"https:\\\/\\\/www.albergominerva.it\\\/pt-br\\\/aqui-estao-alguns-dos-mais-conhecidos-e-famosos-drappelloni-bandeiras-do-palio-na-historia-de-siena\\\/#breadcrumb\",\"itemListElement\":[{\"@type\":\"ListItem\",\"position\":1,\"name\":\"Home\",\"item\":\"https:\\\/\\\/www.albergominerva.it\\\/pt-br\\\/\"},{\"@type\":\"ListItem\",\"position\":2,\"name\":\"Aqui est\u00e3o alguns dos mais conhecidos e famosos &#8220;drappelloni&#8221; (bandeiras do Palio) na hist\u00f3ria de Siena:\"}]},{\"@type\":\"WebSite\",\"@id\":\"https:\\\/\\\/www.albergominerva.it\\\/pt-br\\\/#website\",\"url\":\"https:\\\/\\\/www.albergominerva.it\\\/pt-br\\\/\",\"name\":\"Hotel Minerva Siena\",\"description\":\"Hotel in Centro Storico a Siena - Toscana - Italy\",\"potentialAction\":[{\"@type\":\"SearchAction\",\"target\":{\"@type\":\"EntryPoint\",\"urlTemplate\":\"https:\\\/\\\/www.albergominerva.it\\\/pt-br\\\/?s={search_term_string}\"},\"query-input\":{\"@type\":\"PropertyValueSpecification\",\"valueRequired\":true,\"valueName\":\"search_term_string\"}}],\"inLanguage\":\"pt-BR\"}]}<\/script>\n<!-- \/ Yoast SEO plugin. -->","yoast_head_json":{"title":"Aqui est\u00e3o alguns dos mais conhecidos e famosos \"drappelloni\" (bandeiras do Palio) na hist\u00f3ria de Siena: - Hotel Minerva Siena","robots":{"index":"index","follow":"follow","max-snippet":"max-snippet:-1","max-image-preview":"max-image-preview:large","max-video-preview":"max-video-preview:-1"},"canonical":"https:\/\/www.albergominerva.it\/pt-br\/aqui-estao-alguns-dos-mais-conhecidos-e-famosos-drappelloni-bandeiras-do-palio-na-historia-de-siena\/","og_locale":"pt_BR","og_type":"article","og_title":"Aqui est\u00e3o alguns dos mais conhecidos e famosos \"drappelloni\" (bandeiras do Palio) na hist\u00f3ria de Siena: - Hotel Minerva Siena","og_description":"O Drappellone de Salvador Dal\u00ec em 1958: Este drappellone, criado pelo famoso artista surrealista Salvador Dal\u00ec, \u00e9 um dos mais","og_url":"https:\/\/www.albergominerva.it\/pt-br\/aqui-estao-alguns-dos-mais-conhecidos-e-famosos-drappelloni-bandeiras-do-palio-na-historia-de-siena\/","og_site_name":"Hotel Minerva Siena","article_modified_time":"2023-08-18T05:24:20+00:00","twitter_card":"summary_large_image","twitter_misc":{"Est. tempo de leitura":"2 minutos"},"schema":{"@context":"https:\/\/schema.org","@graph":[{"@type":"WebPage","@id":"https:\/\/www.albergominerva.it\/pt-br\/aqui-estao-alguns-dos-mais-conhecidos-e-famosos-drappelloni-bandeiras-do-palio-na-historia-de-siena\/","url":"https:\/\/www.albergominerva.it\/pt-br\/aqui-estao-alguns-dos-mais-conhecidos-e-famosos-drappelloni-bandeiras-do-palio-na-historia-de-siena\/","name":"Aqui est\u00e3o alguns dos mais conhecidos e famosos \"drappelloni\" (bandeiras do Palio) na hist\u00f3ria de Siena: - Hotel Minerva Siena","isPartOf":{"@id":"https:\/\/www.albergominerva.it\/pt-br\/#website"},"datePublished":"2023-08-18T05:24:19+00:00","dateModified":"2023-08-18T05:24:20+00:00","breadcrumb":{"@id":"https:\/\/www.albergominerva.it\/pt-br\/aqui-estao-alguns-dos-mais-conhecidos-e-famosos-drappelloni-bandeiras-do-palio-na-historia-de-siena\/#breadcrumb"},"inLanguage":"pt-BR","potentialAction":[{"@type":"ReadAction","target":["https:\/\/www.albergominerva.it\/pt-br\/aqui-estao-alguns-dos-mais-conhecidos-e-famosos-drappelloni-bandeiras-do-palio-na-historia-de-siena\/"]}]},{"@type":"BreadcrumbList","@id":"https:\/\/www.albergominerva.it\/pt-br\/aqui-estao-alguns-dos-mais-conhecidos-e-famosos-drappelloni-bandeiras-do-palio-na-historia-de-siena\/#breadcrumb","itemListElement":[{"@type":"ListItem","position":1,"name":"Home","item":"https:\/\/www.albergominerva.it\/pt-br\/"},{"@type":"ListItem","position":2,"name":"Aqui est\u00e3o alguns dos mais conhecidos e famosos &#8220;drappelloni&#8221; (bandeiras do Palio) na hist\u00f3ria de Siena:"}]},{"@type":"WebSite","@id":"https:\/\/www.albergominerva.it\/pt-br\/#website","url":"https:\/\/www.albergominerva.it\/pt-br\/","name":"Hotel Minerva Siena","description":"Hotel in Centro Storico a Siena - Toscana - Italy","potentialAction":[{"@type":"SearchAction","target":{"@type":"EntryPoint","urlTemplate":"https:\/\/www.albergominerva.it\/pt-br\/?s={search_term_string}"},"query-input":{"@type":"PropertyValueSpecification","valueRequired":true,"valueName":"search_term_string"}}],"inLanguage":"pt-BR"}]}},"_links":{"self":[{"href":"https:\/\/www.albergominerva.it\/pt-br\/wp-json\/wp\/v2\/pages\/10862","targetHints":{"allow":["GET"]}}],"collection":[{"href":"https:\/\/www.albergominerva.it\/pt-br\/wp-json\/wp\/v2\/pages"}],"about":[{"href":"https:\/\/www.albergominerva.it\/pt-br\/wp-json\/wp\/v2\/types\/page"}],"author":[{"embeddable":true,"href":"https:\/\/www.albergominerva.it\/pt-br\/wp-json\/wp\/v2\/users\/3"}],"replies":[{"embeddable":true,"href":"https:\/\/www.albergominerva.it\/pt-br\/wp-json\/wp\/v2\/comments?post=10862"}],"version-history":[{"count":1,"href":"https:\/\/www.albergominerva.it\/pt-br\/wp-json\/wp\/v2\/pages\/10862\/revisions"}],"predecessor-version":[{"id":10863,"href":"https:\/\/www.albergominerva.it\/pt-br\/wp-json\/wp\/v2\/pages\/10862\/revisions\/10863"}],"wp:attachment":[{"href":"https:\/\/www.albergominerva.it\/pt-br\/wp-json\/wp\/v2\/media?parent=10862"}],"curies":[{"name":"wp","href":"https:\/\/api.w.org\/{rel}","templated":true}]}}