{"id":1115,"date":"2016-02-18T11:34:16","date_gmt":"2016-02-18T11:34:16","guid":{"rendered":"http:\/\/albergominerva.it\/minerva\/pt-br\/hotel-business-siena-centro\/"},"modified":"2025-11-13T09:41:52","modified_gmt":"2025-11-13T08:41:52","slug":"hotel-business-siena-centro","status":"publish","type":"page","link":"https:\/\/www.albergominerva.it\/pt-br\/hotel-business-siena-centro\/","title":{"rendered":"HOTEL EXECUTIVO EM SIENA"},"content":{"rendered":"<h2><strong>Hotel executivo no centro de Siena<\/strong><\/h2>\n<p>Sala equipada para encontros e reuni\u00f5es de neg\u00f3cios.<br \/>\nO Hotel Minerva de Siena fica perto da Piazza del Campo, tem uma sala de reuni\u00f5es com vista para os bairros hist\u00f3ricos de Siena e pode hospedar at\u00e9 50 pessoas.<br \/>\nEquipado com equipamentos t\u00e9cnicos espec\u00edficos (tela para proje\u00e7\u00f5es, TV, projetor de v\u00eddeo, sistema de \u00e1udio e microfones, wi-fi gratuito), a sala \u00e9 ideal para eventos de neg\u00f3cios, como reuni\u00f5es, apresenta\u00e7\u00f5es, semin\u00e1rios e confer\u00eancias.<\/p>\n<p>Equipamentos:<\/p>\n<ul>\n<li>TV LED<\/li>\n<li>Equipamento de videoconfer\u00eancia<\/li>\n<li>Projetor<\/li>\n<li>ADSL e Conex\u00e3o internet wi-fi<\/li>\n<\/ul>\n","protected":false},"excerpt":{"rendered":"<p>Hotel executivo no centro de Siena Sala equipada para encontros e reuni\u00f5es de neg\u00f3cios. O Hotel Minerva de Siena fica<\/p>\n","protected":false},"author":1,"featured_media":3319,"parent":0,"menu_order":0,"comment_status":"closed","ping_status":"closed","template":"","meta":{"_acf_changed":false,"footnotes":""},"class_list":["post-1115","page","type-page","status-publish","has-post-thumbnail","hentry"],"acf":[],"yoast_head":"<!-- This site is optimized with the Yoast SEO plugin v26.4 - https:\/\/yoast.com\/wordpress\/plugins\/seo\/ -->\n<title>Hotel Business Siena Centro Hist\u00f3rico - Melhor Pre\u00e7o Garantido<\/title>\n<meta name=\"description\" content=\"Sala de reuni\u00e3o ampla. Garagem Segura. Localiza\u00e7\u00e3o Estrat\u00e9gica. Reserva o seu Hotel no Centro de Siena. Melhor Pre\u00e7o Garantido.\" \/>\n<meta name=\"robots\" content=\"index, follow, max-snippet:-1, max-image-preview:large, max-video-preview:-1\" \/>\n<link rel=\"canonical\" href=\"https:\/\/www.albergominerva.it\/pt-br\/hotel-business-siena-centro\/\" \/>\n<meta property=\"og:locale\" content=\"pt_BR\" \/>\n<meta property=\"og:type\" content=\"article\" \/>\n<meta property=\"og:title\" content=\"Hotel Business Siena Centro Hist\u00f3rico - Melhor Pre\u00e7o Garantido\" \/>\n<meta property=\"og:description\" content=\"Sala de reuni\u00e3o ampla. Garagem Segura. Localiza\u00e7\u00e3o Estrat\u00e9gica. Reserva o seu Hotel no Centro de Siena. Melhor Pre\u00e7o Garantido.\" \/>\n<meta property=\"og:url\" content=\"https:\/\/www.albergominerva.it\/pt-br\/hotel-business-siena-centro\/\" \/>\n<meta property=\"og:site_name\" content=\"Hotel Minerva Siena\" \/>\n<meta property=\"article:modified_time\" content=\"2025-11-13T08:41:52+00:00\" \/>\n<meta name=\"twitter:card\" content=\"summary_large_image\" \/>\n<meta name=\"twitter:label1\" content=\"Est. tempo de leitura\" \/>\n\t<meta name=\"twitter:data1\" content=\"1 minuto\" \/>\n<script type=\"application\/ld+json\" class=\"yoast-schema-graph\">{\"@context\":\"https:\/\/schema.org\",\"@graph\":[{\"@type\":\"WebPage\",\"@id\":\"https:\/\/www.albergominerva.it\/pt-br\/hotel-business-siena-centro\/\",\"url\":\"https:\/\/www.albergominerva.it\/pt-br\/hotel-business-siena-centro\/\",\"name\":\"Hotel Business Siena Centro Hist\u00f3rico - Melhor Pre\u00e7o Garantido\",\"isPartOf\":{\"@id\":\"https:\/\/www.albergominerva.it\/pt-br\/#website\"},\"primaryImageOfPage\":{\"@id\":\"https:\/\/www.albergominerva.it\/pt-br\/hotel-business-siena-centro\/#primaryimage\"},\"image\":{\"@id\":\"https:\/\/www.albergominerva.it\/pt-br\/hotel-business-siena-centro\/#primaryimage\"},\"thumbnailUrl\":\"https:\/\/www.albergominerva.it\/wp-content\/uploads\/2019\/06\/header-business.jpg\",\"datePublished\":\"2016-02-18T11:34:16+00:00\",\"dateModified\":\"2025-11-13T08:41:52+00:00\",\"description\":\"Sala de reuni\u00e3o ampla. Garagem Segura. Localiza\u00e7\u00e3o Estrat\u00e9gica. Reserva o seu Hotel no Centro de Siena. Melhor Pre\u00e7o Garantido.\",\"breadcrumb\":{\"@id\":\"https:\/\/www.albergominerva.it\/pt-br\/hotel-business-siena-centro\/#breadcrumb\"},\"inLanguage\":\"pt-BR\",\"potentialAction\":[{\"@type\":\"ReadAction\",\"target\":[\"https:\/\/www.albergominerva.it\/pt-br\/hotel-business-siena-centro\/\"]}]},{\"@type\":\"ImageObject\",\"inLanguage\":\"pt-BR\",\"@id\":\"https:\/\/www.albergominerva.it\/pt-br\/hotel-business-siena-centro\/#primaryimage\",\"url\":\"https:\/\/www.albergominerva.it\/wp-content\/uploads\/2019\/06\/header-business.jpg\",\"contentUrl\":\"https:\/\/www.albergominerva.it\/wp-content\/uploads\/2019\/06\/header-business.jpg\",\"width\":1920,\"height\":1000},{\"@type\":\"BreadcrumbList\",\"@id\":\"https:\/\/www.albergominerva.it\/pt-br\/hotel-business-siena-centro\/#breadcrumb\",\"itemListElement\":[{\"@type\":\"ListItem\",\"position\":1,\"name\":\"Home\",\"item\":\"https:\/\/www.albergominerva.it\/pt-br\/\"},{\"@type\":\"ListItem\",\"position\":2,\"name\":\"HOTEL EXECUTIVO EM SIENA\"}]},{\"@type\":\"WebSite\",\"@id\":\"https:\/\/www.albergominerva.it\/pt-br\/#website\",\"url\":\"https:\/\/www.albergominerva.it\/pt-br\/\",\"name\":\"Hotel Minerva Siena\",\"description\":\"Hotel in Centro Storico a Siena - Toscana - Italy\",\"potentialAction\":[{\"@type\":\"SearchAction\",\"target\":{\"@type\":\"EntryPoint\",\"urlTemplate\":\"https:\/\/www.albergominerva.it\/pt-br\/?s={search_term_string}\"},\"query-input\":{\"@type\":\"PropertyValueSpecification\",\"valueRequired\":true,\"valueName\":\"search_term_string\"}}],\"inLanguage\":\"pt-BR\"}]}<\/script>\n<!-- \/ Yoast SEO plugin. -->","yoast_head_json":{"title":"Hotel Business Siena Centro Hist\u00f3rico - Melhor Pre\u00e7o Garantido","description":"Sala de reuni\u00e3o ampla. Garagem Segura. Localiza\u00e7\u00e3o Estrat\u00e9gica. Reserva o seu Hotel no Centro de Siena. Melhor Pre\u00e7o Garantido.","robots":{"index":"index","follow":"follow","max-snippet":"max-snippet:-1","max-image-preview":"max-image-preview:large","max-video-preview":"max-video-preview:-1"},"canonical":"https:\/\/www.albergominerva.it\/pt-br\/hotel-business-siena-centro\/","og_locale":"pt_BR","og_type":"article","og_title":"Hotel Business Siena Centro Hist\u00f3rico - Melhor Pre\u00e7o Garantido","og_description":"Sala de reuni\u00e3o ampla. Garagem Segura. Localiza\u00e7\u00e3o Estrat\u00e9gica. Reserva o seu Hotel no Centro de Siena. Melhor Pre\u00e7o Garantido.","og_url":"https:\/\/www.albergominerva.it\/pt-br\/hotel-business-siena-centro\/","og_site_name":"Hotel Minerva Siena","article_modified_time":"2025-11-13T08:41:52+00:00","twitter_card":"summary_large_image","twitter_misc":{"Est. tempo de leitura":"1 minuto"},"schema":{"@context":"https:\/\/schema.org","@graph":[{"@type":"WebPage","@id":"https:\/\/www.albergominerva.it\/pt-br\/hotel-business-siena-centro\/","url":"https:\/\/www.albergominerva.it\/pt-br\/hotel-business-siena-centro\/","name":"Hotel Business Siena Centro Hist\u00f3rico - Melhor Pre\u00e7o Garantido","isPartOf":{"@id":"https:\/\/www.albergominerva.it\/pt-br\/#website"},"primaryImageOfPage":{"@id":"https:\/\/www.albergominerva.it\/pt-br\/hotel-business-siena-centro\/#primaryimage"},"image":{"@id":"https:\/\/www.albergominerva.it\/pt-br\/hotel-business-siena-centro\/#primaryimage"},"thumbnailUrl":"https:\/\/www.albergominerva.it\/wp-content\/uploads\/2019\/06\/header-business.jpg","datePublished":"2016-02-18T11:34:16+00:00","dateModified":"2025-11-13T08:41:52+00:00","description":"Sala de reuni\u00e3o ampla. Garagem Segura. Localiza\u00e7\u00e3o Estrat\u00e9gica. Reserva o seu Hotel no Centro de Siena. Melhor Pre\u00e7o Garantido.","breadcrumb":{"@id":"https:\/\/www.albergominerva.it\/pt-br\/hotel-business-siena-centro\/#breadcrumb"},"inLanguage":"pt-BR","potentialAction":[{"@type":"ReadAction","target":["https:\/\/www.albergominerva.it\/pt-br\/hotel-business-siena-centro\/"]}]},{"@type":"ImageObject","inLanguage":"pt-BR","@id":"https:\/\/www.albergominerva.it\/pt-br\/hotel-business-siena-centro\/#primaryimage","url":"https:\/\/www.albergominerva.it\/wp-content\/uploads\/2019\/06\/header-business.jpg","contentUrl":"https:\/\/www.albergominerva.it\/wp-content\/uploads\/2019\/06\/header-business.jpg","width":1920,"height":1000},{"@type":"BreadcrumbList","@id":"https:\/\/www.albergominerva.it\/pt-br\/hotel-business-siena-centro\/#breadcrumb","itemListElement":[{"@type":"ListItem","position":1,"name":"Home","item":"https:\/\/www.albergominerva.it\/pt-br\/"},{"@type":"ListItem","position":2,"name":"HOTEL EXECUTIVO EM SIENA"}]},{"@type":"WebSite","@id":"https:\/\/www.albergominerva.it\/pt-br\/#website","url":"https:\/\/www.albergominerva.it\/pt-br\/","name":"Hotel Minerva Siena","description":"Hotel in Centro Storico a Siena - Toscana - Italy","potentialAction":[{"@type":"SearchAction","target":{"@type":"EntryPoint","urlTemplate":"https:\/\/www.albergominerva.it\/pt-br\/?s={search_term_string}"},"query-input":{"@type":"PropertyValueSpecification","valueRequired":true,"valueName":"search_term_string"}}],"inLanguage":"pt-BR"}]}},"_links":{"self":[{"href":"https:\/\/www.albergominerva.it\/pt-br\/wp-json\/wp\/v2\/pages\/1115","targetHints":{"allow":["GET"]}}],"collection":[{"href":"https:\/\/www.albergominerva.it\/pt-br\/wp-json\/wp\/v2\/pages"}],"about":[{"href":"https:\/\/www.albergominerva.it\/pt-br\/wp-json\/wp\/v2\/types\/page"}],"author":[{"embeddable":true,"href":"https:\/\/www.albergominerva.it\/pt-br\/wp-json\/wp\/v2\/users\/1"}],"replies":[{"embeddable":true,"href":"https:\/\/www.albergominerva.it\/pt-br\/wp-json\/wp\/v2\/comments?post=1115"}],"version-history":[{"count":7,"href":"https:\/\/www.albergominerva.it\/pt-br\/wp-json\/wp\/v2\/pages\/1115\/revisions"}],"predecessor-version":[{"id":6772,"href":"https:\/\/www.albergominerva.it\/pt-br\/wp-json\/wp\/v2\/pages\/1115\/revisions\/6772"}],"wp:featuredmedia":[{"embeddable":true,"href":"https:\/\/www.albergominerva.it\/pt-br\/wp-json\/wp\/v2\/media\/3319"}],"wp:attachment":[{"href":"https:\/\/www.albergominerva.it\/pt-br\/wp-json\/wp\/v2\/media?parent=1115"}],"curies":[{"name":"wp","href":"https:\/\/api.w.org\/{rel}","templated":true}]}}