{"id":1118,"date":"2016-02-16T09:52:29","date_gmt":"2016-02-16T09:52:29","guid":{"rendered":"http:\/\/albergominerva.it\/minerva\/pt-br\/hotel-famiglie-bambini-siena-centro\/"},"modified":"2025-11-13T10:38:13","modified_gmt":"2025-11-13T09:38:13","slug":"hotel-familias-criancas-siena-centro","status":"publish","type":"page","link":"https:\/\/www.albergominerva.it\/pt-br\/hotel-familias-criancas-siena-centro\/","title":{"rendered":"Fam\u00edlias"},"content":{"rendered":"\r\n<h1 class=\"wp-block-heading\">FERIAS PARA FAM\u00cdLIAS EM SIENA<\/h1>\r\n\r\n\r\n<h2>Al\u00e9m disso, o hotel \u00e9 muito perto de dois parques infantis onde as crian\u00e7as poder\u00e3o passar tempo brincando nos carross\u00e9is ou em escorregadeiras.<\/h2>\r\n<p>L\u2019Orto de\u2019 Pecci, uma pequena zona rural a poucos metros da Piazza del Campo, \u00e9 um &#8220;tesouro verde&#8221; que at\u00e9 muitos Sienenses desconhecem a antiga e fascinante hist\u00f3ria: um &#8220;peda\u00e7o da cidade&#8221;, que viveu no s\u00e9culo XIV, morreu por causa da peste e foi atravessada por aqueles condenados que passavam sob \u201cPorta Giustizia\u201d para ser executados.<\/p>\r\n<p>Durante todo o ano o munic\u00edpio organiza atividades espec\u00edficas para os pequenos turistas; e terremos o prazer em sugeri-las durante a sua estadia. Nas proximidades do hotel existem tamb\u00e9m alguns espa\u00e7os onde organizam programas e brincadeiras para que pais e filhos se divirtam juntos.<\/p>\r\n\r\nSe voc\u00ea deseja visitar Siena com sua fam\u00edlia, aqui voc\u00ea pode encontrar todas as ofertas para <a href=\"https:\/\/www.albergominerva.it\/pt-br\/ofertas-de-hoteis-em-siena-para-a-passagem-de-ano-de-2025\/\">a V\u00e9spera de Ano Novo de 2025<\/a>, <a href=\"https:\/\/www.albergominerva.it\/pt-br\/ofertas-de-hoteis-em-siena-para-abril-de-2025\/\">abril de 2025<\/a>, <a href=\"https:\/\/www.albergominerva.it\/pt-br\/ofertas-de-hoteis-em-siena-para-agosto-de-2025\/\">agosto de 2025<\/a>, <a href=\"https:\/\/www.albergominerva.it\/pt-br\/ofertas-de-hoteis-em-siena-para-setembro-de-2025\/\">setembro de 2025<\/a>, <a href=\"https:\/\/www.albergominerva.it\/pt-br\/ofertas-de-hoteis-em-siena-para-outubro-de-2025\/\">outubro de 2025<\/a>, <a href=\"https:\/\/www.albergominerva.it\/pt-br\/ofertas-de-hoteis-em-siena-para-novembro-de-2025\/\">novembro de 2025<\/a>, <a href=\"https:\/\/www.albergominerva.it\/pt-br\/ofertas-de-hoteis-em-siena-para-maio-de-2025\/\">maio de 2025<\/a>, <a href=\"https:\/\/www.albergominerva.it\/pt-br\/ofertas-de-hoteis-em-siena-para-o-palio-di-siena-em-16-de-agosto-de-2025\/\">para o Palio di Siena em 16 de agosto de 2025<\/a>, <a href=\"https:\/\/www.albergominerva.it\/pt-br\/ofertas-de-hoteis-em-siena-para-janeiro-de-2025\/\">janeiro de 2025<\/a>, <a href=\"https:\/\/www.albergominerva.it\/pt-br\/ofertas-de-hoteis-em-siena-para-dezembro-de-2025\/\">dezembro de 2025<\/a>, <a href=\"https:\/\/www.albergominerva.it\/pt-br\/ofertas-de-hoteis-em-siena-para-fevereiro-de-2025\/\">fevereiro de 2025<\/a>, <a href=\"https:\/\/www.albergominerva.it\/pt-br\/ofertas-de-hoteis-em-siena-para-junho-de-2025\/\">junho de 2025<\/a>, <a href=\"https:\/\/www.albergominerva.it\/pt-br\/ofertas-de-hoteis-em-siena-para-1o-de-novembro-de-2025-dia-dos-santos\/\">1\u00ba de novembro de 2025, Dia de Todos os Santos<\/a>, <a href=\"https:\/\/www.albergominerva.it\/pt-br\/ofertas-de-hoteis-em-siena-para-8-de-dezembro-de-2025-dia-da-imaculada-conceicao\/\">o Palio di Siena em 2 de julho de 2025, 8 de dezembro de 2025, Dia da Imaculada Concei\u00e7\u00e3o<\/a>, <a href=\"https:\/\/www.albergominerva.it\/pt-br\/ofertas-de-hoteis-em-siena-para-julho-de-2025\/\">julho de 2025<\/a>, <a href=\"https:\/\/www.albergominerva.it\/pt-br\/ofertas-de-hoteis-em-siena-para-marco-de-2025\/\">mar\u00e7o de 2025<\/a>, <a href=\"https:\/\/www.albergominerva.it\/pt-br\/ofertas-de-hoteis-em-siena-para-o-natal-de-2025\/\">Natal de 2025<\/a>, <a href=\"https:\/\/www.albergominerva.it\/pt-br\/ofertas-de-hoteis-em-siena-para-a-pascoa-de-2025\/\">P\u00e1scoa de 2025<\/a>.","protected":false},"excerpt":{"rendered":"<p>FERIAS PARA FAM\u00cdLIAS EM SIENA Al\u00e9m disso, o hotel \u00e9 muito perto de dois parques infantis onde as crian\u00e7as poder\u00e3o<\/p>\n","protected":false},"author":1,"featured_media":3331,"parent":0,"menu_order":0,"comment_status":"closed","ping_status":"closed","template":"","meta":{"_acf_changed":false,"footnotes":""},"class_list":["post-1118","page","type-page","status-publish","has-post-thumbnail","hentry"],"acf":[],"yoast_head":"<!-- This site is optimized with the Yoast SEO plugin v26.4 - https:\/\/yoast.com\/wordpress\/plugins\/seo\/ -->\n<title>Hotel Para Fam\u00edlias Com Crian\u00e7as Siena Centro - Melhor Pre\u00e7o<\/title>\n<meta name=\"description\" content=\"Hotel Para Fam\u00edlias Com Crian\u00e7as no Centro de Siena. Garagem Segura. Localiza\u00e7\u00e3o Estrat\u00e9gica. Reserva o seu Hotel: Melhor Pre\u00e7o Garantido.\" \/>\n<meta name=\"robots\" content=\"index, follow, max-snippet:-1, max-image-preview:large, max-video-preview:-1\" \/>\n<link rel=\"canonical\" href=\"https:\/\/www.albergominerva.it\/pt-br\/hotel-familias-criancas-siena-centro\/\" \/>\n<meta property=\"og:locale\" content=\"pt_BR\" \/>\n<meta property=\"og:type\" content=\"article\" \/>\n<meta property=\"og:title\" content=\"Hotel Para Fam\u00edlias Com Crian\u00e7as Siena Centro - Melhor Pre\u00e7o\" \/>\n<meta property=\"og:description\" content=\"Hotel Para Fam\u00edlias Com Crian\u00e7as no Centro de Siena. Garagem Segura. Localiza\u00e7\u00e3o Estrat\u00e9gica. Reserva o seu Hotel: Melhor Pre\u00e7o Garantido.\" \/>\n<meta property=\"og:url\" content=\"https:\/\/www.albergominerva.it\/pt-br\/hotel-familias-criancas-siena-centro\/\" \/>\n<meta property=\"og:site_name\" content=\"Hotel Minerva Siena\" \/>\n<meta property=\"article:modified_time\" content=\"2025-11-13T09:38:13+00:00\" \/>\n<meta property=\"og:image\" content=\"https:\/\/www.albergominerva.it\/wp-content\/uploads\/2019\/06\/header-famiglie.jpg\" \/>\n\t<meta property=\"og:image:width\" content=\"1920\" \/>\n\t<meta property=\"og:image:height\" content=\"1000\" \/>\n\t<meta property=\"og:image:type\" content=\"image\/jpeg\" \/>\n<meta name=\"twitter:card\" content=\"summary_large_image\" \/>\n<meta name=\"twitter:label1\" content=\"Est. tempo de leitura\" \/>\n\t<meta name=\"twitter:data1\" content=\"1 minuto\" \/>\n<script type=\"application\/ld+json\" class=\"yoast-schema-graph\">{\"@context\":\"https:\/\/schema.org\",\"@graph\":[{\"@type\":\"WebPage\",\"@id\":\"https:\/\/www.albergominerva.it\/pt-br\/hotel-familias-criancas-siena-centro\/\",\"url\":\"https:\/\/www.albergominerva.it\/pt-br\/hotel-familias-criancas-siena-centro\/\",\"name\":\"Hotel Para Fam\u00edlias Com Crian\u00e7as Siena Centro - Melhor Pre\u00e7o\",\"isPartOf\":{\"@id\":\"https:\/\/www.albergominerva.it\/pt-br\/#website\"},\"primaryImageOfPage\":{\"@id\":\"https:\/\/www.albergominerva.it\/pt-br\/hotel-familias-criancas-siena-centro\/#primaryimage\"},\"image\":{\"@id\":\"https:\/\/www.albergominerva.it\/pt-br\/hotel-familias-criancas-siena-centro\/#primaryimage\"},\"thumbnailUrl\":\"https:\/\/www.albergominerva.it\/wp-content\/uploads\/2019\/06\/header-famiglie.jpg\",\"datePublished\":\"2016-02-16T09:52:29+00:00\",\"dateModified\":\"2025-11-13T09:38:13+00:00\",\"description\":\"Hotel Para Fam\u00edlias Com Crian\u00e7as no Centro de Siena. Garagem Segura. Localiza\u00e7\u00e3o Estrat\u00e9gica. Reserva o seu Hotel: Melhor Pre\u00e7o Garantido.\",\"breadcrumb\":{\"@id\":\"https:\/\/www.albergominerva.it\/pt-br\/hotel-familias-criancas-siena-centro\/#breadcrumb\"},\"inLanguage\":\"pt-BR\",\"potentialAction\":[{\"@type\":\"ReadAction\",\"target\":[\"https:\/\/www.albergominerva.it\/pt-br\/hotel-familias-criancas-siena-centro\/\"]}]},{\"@type\":\"ImageObject\",\"inLanguage\":\"pt-BR\",\"@id\":\"https:\/\/www.albergominerva.it\/pt-br\/hotel-familias-criancas-siena-centro\/#primaryimage\",\"url\":\"https:\/\/www.albergominerva.it\/wp-content\/uploads\/2019\/06\/header-famiglie.jpg\",\"contentUrl\":\"https:\/\/www.albergominerva.it\/wp-content\/uploads\/2019\/06\/header-famiglie.jpg\",\"width\":1920,\"height\":1000},{\"@type\":\"BreadcrumbList\",\"@id\":\"https:\/\/www.albergominerva.it\/pt-br\/hotel-familias-criancas-siena-centro\/#breadcrumb\",\"itemListElement\":[{\"@type\":\"ListItem\",\"position\":1,\"name\":\"Home\",\"item\":\"https:\/\/www.albergominerva.it\/pt-br\/\"},{\"@type\":\"ListItem\",\"position\":2,\"name\":\"Fam\u00edlias\"}]},{\"@type\":\"WebSite\",\"@id\":\"https:\/\/www.albergominerva.it\/pt-br\/#website\",\"url\":\"https:\/\/www.albergominerva.it\/pt-br\/\",\"name\":\"Hotel Minerva Siena\",\"description\":\"Hotel in Centro Storico a Siena - Toscana - Italy\",\"potentialAction\":[{\"@type\":\"SearchAction\",\"target\":{\"@type\":\"EntryPoint\",\"urlTemplate\":\"https:\/\/www.albergominerva.it\/pt-br\/?s={search_term_string}\"},\"query-input\":{\"@type\":\"PropertyValueSpecification\",\"valueRequired\":true,\"valueName\":\"search_term_string\"}}],\"inLanguage\":\"pt-BR\"}]}<\/script>\n<!-- \/ Yoast SEO plugin. -->","yoast_head_json":{"title":"Hotel Para Fam\u00edlias Com Crian\u00e7as Siena Centro - Melhor Pre\u00e7o","description":"Hotel Para Fam\u00edlias Com Crian\u00e7as no Centro de Siena. Garagem Segura. Localiza\u00e7\u00e3o Estrat\u00e9gica. Reserva o seu Hotel: Melhor Pre\u00e7o Garantido.","robots":{"index":"index","follow":"follow","max-snippet":"max-snippet:-1","max-image-preview":"max-image-preview:large","max-video-preview":"max-video-preview:-1"},"canonical":"https:\/\/www.albergominerva.it\/pt-br\/hotel-familias-criancas-siena-centro\/","og_locale":"pt_BR","og_type":"article","og_title":"Hotel Para Fam\u00edlias Com Crian\u00e7as Siena Centro - Melhor Pre\u00e7o","og_description":"Hotel Para Fam\u00edlias Com Crian\u00e7as no Centro de Siena. Garagem Segura. Localiza\u00e7\u00e3o Estrat\u00e9gica. Reserva o seu Hotel: Melhor Pre\u00e7o Garantido.","og_url":"https:\/\/www.albergominerva.it\/pt-br\/hotel-familias-criancas-siena-centro\/","og_site_name":"Hotel Minerva Siena","article_modified_time":"2025-11-13T09:38:13+00:00","og_image":[{"width":1920,"height":1000,"url":"https:\/\/www.albergominerva.it\/wp-content\/uploads\/2019\/06\/header-famiglie.jpg","type":"image\/jpeg"}],"twitter_card":"summary_large_image","twitter_misc":{"Est. tempo de leitura":"1 minuto"},"schema":{"@context":"https:\/\/schema.org","@graph":[{"@type":"WebPage","@id":"https:\/\/www.albergominerva.it\/pt-br\/hotel-familias-criancas-siena-centro\/","url":"https:\/\/www.albergominerva.it\/pt-br\/hotel-familias-criancas-siena-centro\/","name":"Hotel Para Fam\u00edlias Com Crian\u00e7as Siena Centro - Melhor Pre\u00e7o","isPartOf":{"@id":"https:\/\/www.albergominerva.it\/pt-br\/#website"},"primaryImageOfPage":{"@id":"https:\/\/www.albergominerva.it\/pt-br\/hotel-familias-criancas-siena-centro\/#primaryimage"},"image":{"@id":"https:\/\/www.albergominerva.it\/pt-br\/hotel-familias-criancas-siena-centro\/#primaryimage"},"thumbnailUrl":"https:\/\/www.albergominerva.it\/wp-content\/uploads\/2019\/06\/header-famiglie.jpg","datePublished":"2016-02-16T09:52:29+00:00","dateModified":"2025-11-13T09:38:13+00:00","description":"Hotel Para Fam\u00edlias Com Crian\u00e7as no Centro de Siena. Garagem Segura. Localiza\u00e7\u00e3o Estrat\u00e9gica. Reserva o seu Hotel: Melhor Pre\u00e7o Garantido.","breadcrumb":{"@id":"https:\/\/www.albergominerva.it\/pt-br\/hotel-familias-criancas-siena-centro\/#breadcrumb"},"inLanguage":"pt-BR","potentialAction":[{"@type":"ReadAction","target":["https:\/\/www.albergominerva.it\/pt-br\/hotel-familias-criancas-siena-centro\/"]}]},{"@type":"ImageObject","inLanguage":"pt-BR","@id":"https:\/\/www.albergominerva.it\/pt-br\/hotel-familias-criancas-siena-centro\/#primaryimage","url":"https:\/\/www.albergominerva.it\/wp-content\/uploads\/2019\/06\/header-famiglie.jpg","contentUrl":"https:\/\/www.albergominerva.it\/wp-content\/uploads\/2019\/06\/header-famiglie.jpg","width":1920,"height":1000},{"@type":"BreadcrumbList","@id":"https:\/\/www.albergominerva.it\/pt-br\/hotel-familias-criancas-siena-centro\/#breadcrumb","itemListElement":[{"@type":"ListItem","position":1,"name":"Home","item":"https:\/\/www.albergominerva.it\/pt-br\/"},{"@type":"ListItem","position":2,"name":"Fam\u00edlias"}]},{"@type":"WebSite","@id":"https:\/\/www.albergominerva.it\/pt-br\/#website","url":"https:\/\/www.albergominerva.it\/pt-br\/","name":"Hotel Minerva Siena","description":"Hotel in Centro Storico a Siena - Toscana - Italy","potentialAction":[{"@type":"SearchAction","target":{"@type":"EntryPoint","urlTemplate":"https:\/\/www.albergominerva.it\/pt-br\/?s={search_term_string}"},"query-input":{"@type":"PropertyValueSpecification","valueRequired":true,"valueName":"search_term_string"}}],"inLanguage":"pt-BR"}]}},"_links":{"self":[{"href":"https:\/\/www.albergominerva.it\/pt-br\/wp-json\/wp\/v2\/pages\/1118","targetHints":{"allow":["GET"]}}],"collection":[{"href":"https:\/\/www.albergominerva.it\/pt-br\/wp-json\/wp\/v2\/pages"}],"about":[{"href":"https:\/\/www.albergominerva.it\/pt-br\/wp-json\/wp\/v2\/types\/page"}],"author":[{"embeddable":true,"href":"https:\/\/www.albergominerva.it\/pt-br\/wp-json\/wp\/v2\/users\/1"}],"replies":[{"embeddable":true,"href":"https:\/\/www.albergominerva.it\/pt-br\/wp-json\/wp\/v2\/comments?post=1118"}],"version-history":[{"count":10,"href":"https:\/\/www.albergominerva.it\/pt-br\/wp-json\/wp\/v2\/pages\/1118\/revisions"}],"predecessor-version":[{"id":14874,"href":"https:\/\/www.albergominerva.it\/pt-br\/wp-json\/wp\/v2\/pages\/1118\/revisions\/14874"}],"wp:featuredmedia":[{"embeddable":true,"href":"https:\/\/www.albergominerva.it\/pt-br\/wp-json\/wp\/v2\/media\/3331"}],"wp:attachment":[{"href":"https:\/\/www.albergominerva.it\/pt-br\/wp-json\/wp\/v2\/media?parent=1118"}],"curies":[{"name":"wp","href":"https:\/\/api.w.org\/{rel}","templated":true}]}}