{"id":11265,"date":"2023-08-20T10:09:17","date_gmt":"2023-08-20T08:09:17","guid":{"rendered":"https:\/\/www.albergominerva.it\/?page_id=11265"},"modified":"2023-08-20T10:09:19","modified_gmt":"2023-08-20T08:09:19","slug":"contrada-priora-della-civetta","status":"publish","type":"page","link":"https:\/\/www.albergominerva.it\/pt-br\/contrada-priora-della-civetta\/","title":{"rendered":"Contrada Priora della Civetta"},"content":{"rendered":"\n<p>A Contrada Priora della Civetta \u00e9 uma das dezessete contradas de Siena, localizada no Terzo di San Martino. Seu bras\u00e3o \u00e9 um escudo dividido em preto e vermelho, apresentando uma coruja coroada pousada em um galho, com duas escudetes azuis com as letras U e M, iniciais de Umberto I de Savoia e Margherita di Savoia. Suas cores s\u00e3o preto e vermelho, listradas de branco. O lema da contrada \u00e9 &#8220;Eu vejo na noite&#8221;.<\/p>\n\n\n\n<figure class=\"wp-block-image size-full\"><img loading=\"lazy\" decoding=\"async\" width=\"701\" height=\"710\" src=\"https:\/\/www.albergominerva.it\/wp-content\/uploads\/2023\/08\/civetta.jpg\" alt=\"\" class=\"wp-image-11031\" srcset=\"https:\/\/www.albergominerva.it\/wp-content\/uploads\/2023\/08\/civetta.jpg 701w, https:\/\/www.albergominerva.it\/wp-content\/uploads\/2023\/08\/civetta-296x300.jpg 296w\" sizes=\"auto, (max-width: 701px) 100vw, 701px\" \/><\/figure>\n\n\n\n<p>A contrada det\u00e9m o t\u00edtulo de &#8220;Priora&#8221; por ter sediado a primeira reuni\u00e3o do Magistrato delle Contrade. Seu Terzo de pertencimento \u00e9 San Martino. As companhias militares associadas \u00e0 contrada s\u00e3o San Cristoforo, San Pietro in Banchi e San Vigilio. As contradas aliadas da Civetta s\u00e3o Aquila, Giraffa, Istrice e Pantera. A contrada rival da Civetta \u00e9 Leocorno. O padroeiro da contrada \u00e9 S\u00e3o Ant\u00f4nio de P\u00e1dua, e a celebra\u00e7\u00e3o titular ocorre no domingo pr\u00f3ximo ao dia 13 de junho. A corpora\u00e7\u00e3o da contrada \u00e9 a dos sapateiros.<\/p>\n\n\n\n<p>A Contrada Priora della Civetta \u00e9 uma das contradas mais antigas de Siena, com uma hist\u00f3ria longa e rica. A contrada \u00e9 profundamente valorizada por seus contradaioli (membros da contrada), que est\u00e3o sempre prontos para apoi\u00e1-la em suas corridas no Palio.<\/p>\n","protected":false},"excerpt":{"rendered":"<p>A Contrada Priora della Civetta \u00e9 uma das dezessete contradas de Siena, localizada no Terzo di San Martino. Seu bras\u00e3o<\/p>\n","protected":false},"author":3,"featured_media":0,"parent":0,"menu_order":0,"comment_status":"closed","ping_status":"closed","template":"","meta":{"_acf_changed":false,"footnotes":""},"class_list":["post-11265","page","type-page","status-publish","hentry"],"acf":[],"yoast_head":"<!-- This site is optimized with the Yoast SEO plugin v27.4 - https:\/\/yoast.com\/product\/yoast-seo-wordpress\/ -->\n<title>Contrada Priora della Civetta - Hotel Minerva Siena<\/title>\n<meta name=\"robots\" content=\"index, follow, max-snippet:-1, max-image-preview:large, max-video-preview:-1\" \/>\n<link rel=\"canonical\" href=\"https:\/\/www.albergominerva.it\/pt-br\/contrada-priora-della-civetta\/\" \/>\n<meta property=\"og:locale\" content=\"pt_BR\" \/>\n<meta property=\"og:type\" content=\"article\" \/>\n<meta property=\"og:title\" content=\"Contrada Priora della Civetta - Hotel Minerva Siena\" \/>\n<meta property=\"og:description\" content=\"A Contrada Priora della Civetta \u00e9 uma das dezessete contradas de Siena, localizada no Terzo di San Martino. Seu bras\u00e3o\" \/>\n<meta property=\"og:url\" content=\"https:\/\/www.albergominerva.it\/pt-br\/contrada-priora-della-civetta\/\" \/>\n<meta property=\"og:site_name\" content=\"Hotel Minerva Siena\" \/>\n<meta property=\"article:modified_time\" content=\"2023-08-20T08:09:19+00:00\" \/>\n<meta property=\"og:image\" content=\"https:\/\/www.albergominerva.it\/wp-content\/uploads\/2023\/08\/civetta.jpg\" \/>\n<meta name=\"twitter:card\" content=\"summary_large_image\" \/>\n<meta name=\"twitter:label1\" content=\"Est. tempo de leitura\" \/>\n\t<meta name=\"twitter:data1\" content=\"2 minutos\" \/>\n<script type=\"application\/ld+json\" class=\"yoast-schema-graph\">{\"@context\":\"https:\\\/\\\/schema.org\",\"@graph\":[{\"@type\":\"WebPage\",\"@id\":\"https:\\\/\\\/www.albergominerva.it\\\/pt-br\\\/contrada-priora-della-civetta\\\/\",\"url\":\"https:\\\/\\\/www.albergominerva.it\\\/pt-br\\\/contrada-priora-della-civetta\\\/\",\"name\":\"Contrada Priora della Civetta - Hotel Minerva Siena\",\"isPartOf\":{\"@id\":\"https:\\\/\\\/www.albergominerva.it\\\/pt-br\\\/#website\"},\"primaryImageOfPage\":{\"@id\":\"https:\\\/\\\/www.albergominerva.it\\\/pt-br\\\/contrada-priora-della-civetta\\\/#primaryimage\"},\"image\":{\"@id\":\"https:\\\/\\\/www.albergominerva.it\\\/pt-br\\\/contrada-priora-della-civetta\\\/#primaryimage\"},\"thumbnailUrl\":\"https:\\\/\\\/www.albergominerva.it\\\/wp-content\\\/uploads\\\/2023\\\/08\\\/civetta.jpg\",\"datePublished\":\"2023-08-20T08:09:17+00:00\",\"dateModified\":\"2023-08-20T08:09:19+00:00\",\"breadcrumb\":{\"@id\":\"https:\\\/\\\/www.albergominerva.it\\\/pt-br\\\/contrada-priora-della-civetta\\\/#breadcrumb\"},\"inLanguage\":\"pt-BR\",\"potentialAction\":[{\"@type\":\"ReadAction\",\"target\":[\"https:\\\/\\\/www.albergominerva.it\\\/pt-br\\\/contrada-priora-della-civetta\\\/\"]}]},{\"@type\":\"ImageObject\",\"inLanguage\":\"pt-BR\",\"@id\":\"https:\\\/\\\/www.albergominerva.it\\\/pt-br\\\/contrada-priora-della-civetta\\\/#primaryimage\",\"url\":\"https:\\\/\\\/www.albergominerva.it\\\/wp-content\\\/uploads\\\/2023\\\/08\\\/civetta.jpg\",\"contentUrl\":\"https:\\\/\\\/www.albergominerva.it\\\/wp-content\\\/uploads\\\/2023\\\/08\\\/civetta.jpg\"},{\"@type\":\"BreadcrumbList\",\"@id\":\"https:\\\/\\\/www.albergominerva.it\\\/pt-br\\\/contrada-priora-della-civetta\\\/#breadcrumb\",\"itemListElement\":[{\"@type\":\"ListItem\",\"position\":1,\"name\":\"Home\",\"item\":\"https:\\\/\\\/www.albergominerva.it\\\/pt-br\\\/\"},{\"@type\":\"ListItem\",\"position\":2,\"name\":\"Contrada Priora della Civetta\"}]},{\"@type\":\"WebSite\",\"@id\":\"https:\\\/\\\/www.albergominerva.it\\\/pt-br\\\/#website\",\"url\":\"https:\\\/\\\/www.albergominerva.it\\\/pt-br\\\/\",\"name\":\"Hotel Minerva Siena\",\"description\":\"Hotel in Centro Storico a Siena - Toscana - Italy\",\"potentialAction\":[{\"@type\":\"SearchAction\",\"target\":{\"@type\":\"EntryPoint\",\"urlTemplate\":\"https:\\\/\\\/www.albergominerva.it\\\/pt-br\\\/?s={search_term_string}\"},\"query-input\":{\"@type\":\"PropertyValueSpecification\",\"valueRequired\":true,\"valueName\":\"search_term_string\"}}],\"inLanguage\":\"pt-BR\"}]}<\/script>\n<!-- \/ Yoast SEO plugin. -->","yoast_head_json":{"title":"Contrada Priora della Civetta - Hotel Minerva Siena","robots":{"index":"index","follow":"follow","max-snippet":"max-snippet:-1","max-image-preview":"max-image-preview:large","max-video-preview":"max-video-preview:-1"},"canonical":"https:\/\/www.albergominerva.it\/pt-br\/contrada-priora-della-civetta\/","og_locale":"pt_BR","og_type":"article","og_title":"Contrada Priora della Civetta - Hotel Minerva Siena","og_description":"A Contrada Priora della Civetta \u00e9 uma das dezessete contradas de Siena, localizada no Terzo di San Martino. Seu bras\u00e3o","og_url":"https:\/\/www.albergominerva.it\/pt-br\/contrada-priora-della-civetta\/","og_site_name":"Hotel Minerva Siena","article_modified_time":"2023-08-20T08:09:19+00:00","og_image":[{"url":"https:\/\/www.albergominerva.it\/wp-content\/uploads\/2023\/08\/civetta.jpg","type":"","width":"","height":""}],"twitter_card":"summary_large_image","twitter_misc":{"Est. tempo de leitura":"2 minutos"},"schema":{"@context":"https:\/\/schema.org","@graph":[{"@type":"WebPage","@id":"https:\/\/www.albergominerva.it\/pt-br\/contrada-priora-della-civetta\/","url":"https:\/\/www.albergominerva.it\/pt-br\/contrada-priora-della-civetta\/","name":"Contrada Priora della Civetta - Hotel Minerva Siena","isPartOf":{"@id":"https:\/\/www.albergominerva.it\/pt-br\/#website"},"primaryImageOfPage":{"@id":"https:\/\/www.albergominerva.it\/pt-br\/contrada-priora-della-civetta\/#primaryimage"},"image":{"@id":"https:\/\/www.albergominerva.it\/pt-br\/contrada-priora-della-civetta\/#primaryimage"},"thumbnailUrl":"https:\/\/www.albergominerva.it\/wp-content\/uploads\/2023\/08\/civetta.jpg","datePublished":"2023-08-20T08:09:17+00:00","dateModified":"2023-08-20T08:09:19+00:00","breadcrumb":{"@id":"https:\/\/www.albergominerva.it\/pt-br\/contrada-priora-della-civetta\/#breadcrumb"},"inLanguage":"pt-BR","potentialAction":[{"@type":"ReadAction","target":["https:\/\/www.albergominerva.it\/pt-br\/contrada-priora-della-civetta\/"]}]},{"@type":"ImageObject","inLanguage":"pt-BR","@id":"https:\/\/www.albergominerva.it\/pt-br\/contrada-priora-della-civetta\/#primaryimage","url":"https:\/\/www.albergominerva.it\/wp-content\/uploads\/2023\/08\/civetta.jpg","contentUrl":"https:\/\/www.albergominerva.it\/wp-content\/uploads\/2023\/08\/civetta.jpg"},{"@type":"BreadcrumbList","@id":"https:\/\/www.albergominerva.it\/pt-br\/contrada-priora-della-civetta\/#breadcrumb","itemListElement":[{"@type":"ListItem","position":1,"name":"Home","item":"https:\/\/www.albergominerva.it\/pt-br\/"},{"@type":"ListItem","position":2,"name":"Contrada Priora della Civetta"}]},{"@type":"WebSite","@id":"https:\/\/www.albergominerva.it\/pt-br\/#website","url":"https:\/\/www.albergominerva.it\/pt-br\/","name":"Hotel Minerva Siena","description":"Hotel in Centro Storico a Siena - Toscana - Italy","potentialAction":[{"@type":"SearchAction","target":{"@type":"EntryPoint","urlTemplate":"https:\/\/www.albergominerva.it\/pt-br\/?s={search_term_string}"},"query-input":{"@type":"PropertyValueSpecification","valueRequired":true,"valueName":"search_term_string"}}],"inLanguage":"pt-BR"}]}},"_links":{"self":[{"href":"https:\/\/www.albergominerva.it\/pt-br\/wp-json\/wp\/v2\/pages\/11265","targetHints":{"allow":["GET"]}}],"collection":[{"href":"https:\/\/www.albergominerva.it\/pt-br\/wp-json\/wp\/v2\/pages"}],"about":[{"href":"https:\/\/www.albergominerva.it\/pt-br\/wp-json\/wp\/v2\/types\/page"}],"author":[{"embeddable":true,"href":"https:\/\/www.albergominerva.it\/pt-br\/wp-json\/wp\/v2\/users\/3"}],"replies":[{"embeddable":true,"href":"https:\/\/www.albergominerva.it\/pt-br\/wp-json\/wp\/v2\/comments?post=11265"}],"version-history":[{"count":1,"href":"https:\/\/www.albergominerva.it\/pt-br\/wp-json\/wp\/v2\/pages\/11265\/revisions"}],"predecessor-version":[{"id":11266,"href":"https:\/\/www.albergominerva.it\/pt-br\/wp-json\/wp\/v2\/pages\/11265\/revisions\/11266"}],"wp:attachment":[{"href":"https:\/\/www.albergominerva.it\/pt-br\/wp-json\/wp\/v2\/media?parent=11265"}],"curies":[{"name":"wp","href":"https:\/\/api.w.org\/{rel}","templated":true}]}}