{"id":11316,"date":"2023-08-20T13:37:41","date_gmt":"2023-08-20T11:37:41","guid":{"rendered":"https:\/\/www.albergominerva.it\/?page_id=11316"},"modified":"2023-08-20T13:37:43","modified_gmt":"2023-08-20T11:37:43","slug":"contrada-do-unicornio","status":"publish","type":"page","link":"https:\/\/www.albergominerva.it\/pt-br\/contrada-do-unicornio\/","title":{"rendered":"Contrada do Unic\u00f3rnio"},"content":{"rendered":"\n<p>A Contrada do Unic\u00f3rnio \u00e9 uma das dezessete contradas de Siena e est\u00e1 localizada no Terzo di San Martino. Seu bras\u00e3o \u00e9 um unic\u00f3rnio empinado em um escudo prateado com uma borda azul, onde est\u00e1 gravada a divisa &#8220;Humberti Regis Gratia&#8221; em dourado. Suas cores s\u00e3o branco e laranja, listradas de azul. A divisa da contrada \u00e9 &#8220;A f\u00e9 e a cura s\u00e3o igualmente minhas armas na testa&#8221;.<\/p>\n\n\n\n<figure class=\"wp-block-image size-full\"><img loading=\"lazy\" decoding=\"async\" width=\"693\" height=\"691\" src=\"https:\/\/www.albergominerva.it\/wp-content\/uploads\/2023\/08\/leocorno.jpg\" alt=\"\" class=\"wp-image-11108\" srcset=\"https:\/\/www.albergominerva.it\/wp-content\/uploads\/2023\/08\/leocorno.jpg 693w, https:\/\/www.albergominerva.it\/wp-content\/uploads\/2023\/08\/leocorno-300x300.jpg 300w, https:\/\/www.albergominerva.it\/wp-content\/uploads\/2023\/08\/leocorno-150x150.jpg 150w\" sizes=\"auto, (max-width: 693px) 100vw, 693px\" \/><\/figure>\n\n\n\n<p>A contrada det\u00e9m o t\u00edtulo de Priora por ter sediado a primeira reuni\u00e3o do Magistrato delle Contrade. Seu Terzo de pertencimento \u00e9 San Martino. As companhias militares associadas \u00e0 contrada s\u00e3o Pantaneto, San Giorgio e Spadaforte. As contradas aliadas do unic\u00f3rnio s\u00e3o a Pantera e a Tartuca. A contrada advers\u00e1ria do unic\u00f3rnio \u00e9 a Civetta. O santo padroeiro da contrada \u00e9 S\u00e3o Jo\u00e3o Batista. A festa titular \u00e9 celebrada por volta do dia 24 de junho. A corpora\u00e7\u00e3o da contrada \u00e9 a dos ourives.<\/p>\n\n\n\n<p>A Contrada do Unic\u00f3rnio \u00e9 uma das mais antigas de Siena, com uma hist\u00f3ria longa e rica. A contrada \u00e9 muito querida pelos seus contradaioli (membros da contrada), que est\u00e3o sempre prontos para apoi\u00e1-la em suas corridas no Palio.<\/p>\n","protected":false},"excerpt":{"rendered":"<p>A Contrada do Unic\u00f3rnio \u00e9 uma das dezessete contradas de Siena e est\u00e1 localizada no Terzo di San Martino. Seu<\/p>\n","protected":false},"author":3,"featured_media":0,"parent":0,"menu_order":0,"comment_status":"closed","ping_status":"closed","template":"","meta":{"_acf_changed":false,"footnotes":""},"class_list":["post-11316","page","type-page","status-publish","hentry"],"acf":[],"yoast_head":"<!-- This site is optimized with the Yoast SEO plugin v26.4 - https:\/\/yoast.com\/wordpress\/plugins\/seo\/ -->\n<title>Contrada do Unic\u00f3rnio - Hotel Minerva Siena<\/title>\n<meta name=\"robots\" content=\"index, follow, max-snippet:-1, max-image-preview:large, max-video-preview:-1\" \/>\n<link rel=\"canonical\" href=\"https:\/\/www.albergominerva.it\/pt-br\/contrada-do-unicornio\/\" \/>\n<meta property=\"og:locale\" content=\"pt_BR\" \/>\n<meta property=\"og:type\" content=\"article\" \/>\n<meta property=\"og:title\" content=\"Contrada do Unic\u00f3rnio - Hotel Minerva Siena\" \/>\n<meta property=\"og:description\" content=\"A Contrada do Unic\u00f3rnio \u00e9 uma das dezessete contradas de Siena e est\u00e1 localizada no Terzo di San Martino. Seu\" \/>\n<meta property=\"og:url\" content=\"https:\/\/www.albergominerva.it\/pt-br\/contrada-do-unicornio\/\" \/>\n<meta property=\"og:site_name\" content=\"Hotel Minerva Siena\" \/>\n<meta property=\"article:modified_time\" content=\"2023-08-20T11:37:43+00:00\" \/>\n<meta property=\"og:image\" content=\"https:\/\/www.albergominerva.it\/wp-content\/uploads\/2023\/08\/leocorno.jpg\" \/>\n<meta name=\"twitter:card\" content=\"summary_large_image\" \/>\n<meta name=\"twitter:label1\" content=\"Est. tempo de leitura\" \/>\n\t<meta name=\"twitter:data1\" content=\"2 minutos\" \/>\n<script type=\"application\/ld+json\" class=\"yoast-schema-graph\">{\"@context\":\"https:\/\/schema.org\",\"@graph\":[{\"@type\":\"WebPage\",\"@id\":\"https:\/\/www.albergominerva.it\/pt-br\/contrada-do-unicornio\/\",\"url\":\"https:\/\/www.albergominerva.it\/pt-br\/contrada-do-unicornio\/\",\"name\":\"Contrada do Unic\u00f3rnio - Hotel Minerva Siena\",\"isPartOf\":{\"@id\":\"https:\/\/www.albergominerva.it\/pt-br\/#website\"},\"primaryImageOfPage\":{\"@id\":\"https:\/\/www.albergominerva.it\/pt-br\/contrada-do-unicornio\/#primaryimage\"},\"image\":{\"@id\":\"https:\/\/www.albergominerva.it\/pt-br\/contrada-do-unicornio\/#primaryimage\"},\"thumbnailUrl\":\"https:\/\/www.albergominerva.it\/wp-content\/uploads\/2023\/08\/leocorno.jpg\",\"datePublished\":\"2023-08-20T11:37:41+00:00\",\"dateModified\":\"2023-08-20T11:37:43+00:00\",\"breadcrumb\":{\"@id\":\"https:\/\/www.albergominerva.it\/pt-br\/contrada-do-unicornio\/#breadcrumb\"},\"inLanguage\":\"pt-BR\",\"potentialAction\":[{\"@type\":\"ReadAction\",\"target\":[\"https:\/\/www.albergominerva.it\/pt-br\/contrada-do-unicornio\/\"]}]},{\"@type\":\"ImageObject\",\"inLanguage\":\"pt-BR\",\"@id\":\"https:\/\/www.albergominerva.it\/pt-br\/contrada-do-unicornio\/#primaryimage\",\"url\":\"https:\/\/www.albergominerva.it\/wp-content\/uploads\/2023\/08\/leocorno.jpg\",\"contentUrl\":\"https:\/\/www.albergominerva.it\/wp-content\/uploads\/2023\/08\/leocorno.jpg\"},{\"@type\":\"BreadcrumbList\",\"@id\":\"https:\/\/www.albergominerva.it\/pt-br\/contrada-do-unicornio\/#breadcrumb\",\"itemListElement\":[{\"@type\":\"ListItem\",\"position\":1,\"name\":\"Home\",\"item\":\"https:\/\/www.albergominerva.it\/pt-br\/\"},{\"@type\":\"ListItem\",\"position\":2,\"name\":\"Contrada do Unic\u00f3rnio\"}]},{\"@type\":\"WebSite\",\"@id\":\"https:\/\/www.albergominerva.it\/pt-br\/#website\",\"url\":\"https:\/\/www.albergominerva.it\/pt-br\/\",\"name\":\"Hotel Minerva Siena\",\"description\":\"Hotel in Centro Storico a Siena - Toscana - Italy\",\"potentialAction\":[{\"@type\":\"SearchAction\",\"target\":{\"@type\":\"EntryPoint\",\"urlTemplate\":\"https:\/\/www.albergominerva.it\/pt-br\/?s={search_term_string}\"},\"query-input\":{\"@type\":\"PropertyValueSpecification\",\"valueRequired\":true,\"valueName\":\"search_term_string\"}}],\"inLanguage\":\"pt-BR\"}]}<\/script>\n<!-- \/ Yoast SEO plugin. -->","yoast_head_json":{"title":"Contrada do Unic\u00f3rnio - Hotel Minerva Siena","robots":{"index":"index","follow":"follow","max-snippet":"max-snippet:-1","max-image-preview":"max-image-preview:large","max-video-preview":"max-video-preview:-1"},"canonical":"https:\/\/www.albergominerva.it\/pt-br\/contrada-do-unicornio\/","og_locale":"pt_BR","og_type":"article","og_title":"Contrada do Unic\u00f3rnio - Hotel Minerva Siena","og_description":"A Contrada do Unic\u00f3rnio \u00e9 uma das dezessete contradas de Siena e est\u00e1 localizada no Terzo di San Martino. Seu","og_url":"https:\/\/www.albergominerva.it\/pt-br\/contrada-do-unicornio\/","og_site_name":"Hotel Minerva Siena","article_modified_time":"2023-08-20T11:37:43+00:00","og_image":[{"url":"https:\/\/www.albergominerva.it\/wp-content\/uploads\/2023\/08\/leocorno.jpg","type":"","width":"","height":""}],"twitter_card":"summary_large_image","twitter_misc":{"Est. tempo de leitura":"2 minutos"},"schema":{"@context":"https:\/\/schema.org","@graph":[{"@type":"WebPage","@id":"https:\/\/www.albergominerva.it\/pt-br\/contrada-do-unicornio\/","url":"https:\/\/www.albergominerva.it\/pt-br\/contrada-do-unicornio\/","name":"Contrada do Unic\u00f3rnio - Hotel Minerva Siena","isPartOf":{"@id":"https:\/\/www.albergominerva.it\/pt-br\/#website"},"primaryImageOfPage":{"@id":"https:\/\/www.albergominerva.it\/pt-br\/contrada-do-unicornio\/#primaryimage"},"image":{"@id":"https:\/\/www.albergominerva.it\/pt-br\/contrada-do-unicornio\/#primaryimage"},"thumbnailUrl":"https:\/\/www.albergominerva.it\/wp-content\/uploads\/2023\/08\/leocorno.jpg","datePublished":"2023-08-20T11:37:41+00:00","dateModified":"2023-08-20T11:37:43+00:00","breadcrumb":{"@id":"https:\/\/www.albergominerva.it\/pt-br\/contrada-do-unicornio\/#breadcrumb"},"inLanguage":"pt-BR","potentialAction":[{"@type":"ReadAction","target":["https:\/\/www.albergominerva.it\/pt-br\/contrada-do-unicornio\/"]}]},{"@type":"ImageObject","inLanguage":"pt-BR","@id":"https:\/\/www.albergominerva.it\/pt-br\/contrada-do-unicornio\/#primaryimage","url":"https:\/\/www.albergominerva.it\/wp-content\/uploads\/2023\/08\/leocorno.jpg","contentUrl":"https:\/\/www.albergominerva.it\/wp-content\/uploads\/2023\/08\/leocorno.jpg"},{"@type":"BreadcrumbList","@id":"https:\/\/www.albergominerva.it\/pt-br\/contrada-do-unicornio\/#breadcrumb","itemListElement":[{"@type":"ListItem","position":1,"name":"Home","item":"https:\/\/www.albergominerva.it\/pt-br\/"},{"@type":"ListItem","position":2,"name":"Contrada do Unic\u00f3rnio"}]},{"@type":"WebSite","@id":"https:\/\/www.albergominerva.it\/pt-br\/#website","url":"https:\/\/www.albergominerva.it\/pt-br\/","name":"Hotel Minerva Siena","description":"Hotel in Centro Storico a Siena - Toscana - Italy","potentialAction":[{"@type":"SearchAction","target":{"@type":"EntryPoint","urlTemplate":"https:\/\/www.albergominerva.it\/pt-br\/?s={search_term_string}"},"query-input":{"@type":"PropertyValueSpecification","valueRequired":true,"valueName":"search_term_string"}}],"inLanguage":"pt-BR"}]}},"_links":{"self":[{"href":"https:\/\/www.albergominerva.it\/pt-br\/wp-json\/wp\/v2\/pages\/11316","targetHints":{"allow":["GET"]}}],"collection":[{"href":"https:\/\/www.albergominerva.it\/pt-br\/wp-json\/wp\/v2\/pages"}],"about":[{"href":"https:\/\/www.albergominerva.it\/pt-br\/wp-json\/wp\/v2\/types\/page"}],"author":[{"embeddable":true,"href":"https:\/\/www.albergominerva.it\/pt-br\/wp-json\/wp\/v2\/users\/3"}],"replies":[{"embeddable":true,"href":"https:\/\/www.albergominerva.it\/pt-br\/wp-json\/wp\/v2\/comments?post=11316"}],"version-history":[{"count":1,"href":"https:\/\/www.albergominerva.it\/pt-br\/wp-json\/wp\/v2\/pages\/11316\/revisions"}],"predecessor-version":[{"id":11317,"href":"https:\/\/www.albergominerva.it\/pt-br\/wp-json\/wp\/v2\/pages\/11316\/revisions\/11317"}],"wp:attachment":[{"href":"https:\/\/www.albergominerva.it\/pt-br\/wp-json\/wp\/v2\/media?parent=11316"}],"curies":[{"name":"wp","href":"https:\/\/api.w.org\/{rel}","templated":true}]}}