{"id":11356,"date":"2023-08-20T15:24:03","date_gmt":"2023-08-20T13:24:03","guid":{"rendered":"https:\/\/www.albergominerva.it\/?page_id=11356"},"modified":"2023-08-20T15:24:05","modified_gmt":"2023-08-20T13:24:05","slug":"nobre-contrada-delloca","status":"publish","type":"page","link":"https:\/\/www.albergominerva.it\/pt-br\/nobre-contrada-delloca\/","title":{"rendered":"Nobre Contrada dell&#8217;Oca"},"content":{"rendered":"\n<p>A Nobre Contrada dell&#8217;Oca \u00e9 uma das dezessete contradas de Siena e est\u00e1 localizada no Ter\u00e7o de Camollia. Seu bras\u00e3o apresenta um ganso com uma coroa real e em torno do pesco\u00e7o, a cruz de Saboia, amarrada com uma fita azul. Suas cores s\u00e3o branco e verde listrados de vermelho. O lema da contrada \u00e9 &#8220;Clangit ad arma&#8221;, que significa &#8220;Chamado \u00e0s armas&#8221;.<\/p>\n\n\n\n<figure class=\"wp-block-image size-full\"><img loading=\"lazy\" decoding=\"async\" width=\"689\" height=\"686\" src=\"https:\/\/www.albergominerva.it\/wp-content\/uploads\/2023\/08\/oca.jpg\" alt=\"\" class=\"wp-image-11166\" srcset=\"https:\/\/www.albergominerva.it\/wp-content\/uploads\/2023\/08\/oca.jpg 689w, https:\/\/www.albergominerva.it\/wp-content\/uploads\/2023\/08\/oca-300x300.jpg 300w, https:\/\/www.albergominerva.it\/wp-content\/uploads\/2023\/08\/oca-150x150.jpg 150w\" sizes=\"auto, (max-width: 689px) 100vw, 689px\" \/><\/figure>\n\n\n\n<p>A contrada possui o t\u00edtulo de Nobre devido \u00e0 coragem de seus soldados nas batalhas de Montemaggio (1145), Montaperti (1260) e na guerra de Siena (1552-1555); al\u00e9m disso, pelo trabalho na constru\u00e7\u00e3o dos sistemas de aqueduto conhecidos como &#8220;bottini&#8221;.<\/p>\n\n\n\n<p>Seu Ter\u00e7o de pertencimento \u00e9 Camollia. As companhias militares da contrada s\u00e3o San Pellegrino e Sant&#8217;Antonio. A contrada advers\u00e1ria da Oca \u00e9 a Torre. A santa padroeira da contrada \u00e9 Santa Catarina de Siena. A festa titular \u00e9 celebrada no primeiro domingo de maio. A corpora\u00e7\u00e3o da contrada \u00e9 a dos tintureiros.<\/p>\n\n\n\n<p>A Nobre Contrada dell&#8217;Oca \u00e9 uma das contradas mais antigas de Siena e possui uma longa e rica hist\u00f3ria. A contrada \u00e9 muito querida por seus contradaioli, que est\u00e3o sempre prontos para apoi\u00e1-la em suas corridas no Palio.<\/p>\n","protected":false},"excerpt":{"rendered":"<p>A Nobre Contrada dell&#8217;Oca \u00e9 uma das dezessete contradas de Siena e est\u00e1 localizada no Ter\u00e7o de Camollia. Seu bras\u00e3o<\/p>\n","protected":false},"author":3,"featured_media":0,"parent":0,"menu_order":0,"comment_status":"closed","ping_status":"closed","template":"","meta":{"_acf_changed":false,"footnotes":""},"class_list":["post-11356","page","type-page","status-publish","hentry"],"acf":[],"yoast_head":"<!-- This site is optimized with the Yoast SEO plugin v27.4 - https:\/\/yoast.com\/product\/yoast-seo-wordpress\/ -->\n<title>Nobre Contrada dell&#039;Oca - Hotel Minerva Siena<\/title>\n<meta name=\"robots\" content=\"index, follow, max-snippet:-1, max-image-preview:large, max-video-preview:-1\" \/>\n<link rel=\"canonical\" href=\"https:\/\/www.albergominerva.it\/pt-br\/nobre-contrada-delloca\/\" \/>\n<meta property=\"og:locale\" content=\"pt_BR\" \/>\n<meta property=\"og:type\" content=\"article\" \/>\n<meta property=\"og:title\" content=\"Nobre Contrada dell&#039;Oca - Hotel Minerva Siena\" \/>\n<meta property=\"og:description\" content=\"A Nobre Contrada dell&#8217;Oca \u00e9 uma das dezessete contradas de Siena e est\u00e1 localizada no Ter\u00e7o de Camollia. Seu bras\u00e3o\" \/>\n<meta property=\"og:url\" content=\"https:\/\/www.albergominerva.it\/pt-br\/nobre-contrada-delloca\/\" \/>\n<meta property=\"og:site_name\" content=\"Hotel Minerva Siena\" \/>\n<meta property=\"article:modified_time\" content=\"2023-08-20T13:24:05+00:00\" \/>\n<meta property=\"og:image\" content=\"https:\/\/www.albergominerva.it\/wp-content\/uploads\/2023\/08\/oca.jpg\" \/>\n<meta name=\"twitter:card\" content=\"summary_large_image\" \/>\n<meta name=\"twitter:label1\" content=\"Est. tempo de leitura\" \/>\n\t<meta name=\"twitter:data1\" content=\"2 minutos\" \/>\n<script type=\"application\/ld+json\" class=\"yoast-schema-graph\">{\"@context\":\"https:\\\/\\\/schema.org\",\"@graph\":[{\"@type\":\"WebPage\",\"@id\":\"https:\\\/\\\/www.albergominerva.it\\\/pt-br\\\/nobre-contrada-delloca\\\/\",\"url\":\"https:\\\/\\\/www.albergominerva.it\\\/pt-br\\\/nobre-contrada-delloca\\\/\",\"name\":\"Nobre Contrada dell'Oca - Hotel Minerva Siena\",\"isPartOf\":{\"@id\":\"https:\\\/\\\/www.albergominerva.it\\\/pt-br\\\/#website\"},\"primaryImageOfPage\":{\"@id\":\"https:\\\/\\\/www.albergominerva.it\\\/pt-br\\\/nobre-contrada-delloca\\\/#primaryimage\"},\"image\":{\"@id\":\"https:\\\/\\\/www.albergominerva.it\\\/pt-br\\\/nobre-contrada-delloca\\\/#primaryimage\"},\"thumbnailUrl\":\"https:\\\/\\\/www.albergominerva.it\\\/wp-content\\\/uploads\\\/2023\\\/08\\\/oca.jpg\",\"datePublished\":\"2023-08-20T13:24:03+00:00\",\"dateModified\":\"2023-08-20T13:24:05+00:00\",\"breadcrumb\":{\"@id\":\"https:\\\/\\\/www.albergominerva.it\\\/pt-br\\\/nobre-contrada-delloca\\\/#breadcrumb\"},\"inLanguage\":\"pt-BR\",\"potentialAction\":[{\"@type\":\"ReadAction\",\"target\":[\"https:\\\/\\\/www.albergominerva.it\\\/pt-br\\\/nobre-contrada-delloca\\\/\"]}]},{\"@type\":\"ImageObject\",\"inLanguage\":\"pt-BR\",\"@id\":\"https:\\\/\\\/www.albergominerva.it\\\/pt-br\\\/nobre-contrada-delloca\\\/#primaryimage\",\"url\":\"https:\\\/\\\/www.albergominerva.it\\\/wp-content\\\/uploads\\\/2023\\\/08\\\/oca.jpg\",\"contentUrl\":\"https:\\\/\\\/www.albergominerva.it\\\/wp-content\\\/uploads\\\/2023\\\/08\\\/oca.jpg\"},{\"@type\":\"BreadcrumbList\",\"@id\":\"https:\\\/\\\/www.albergominerva.it\\\/pt-br\\\/nobre-contrada-delloca\\\/#breadcrumb\",\"itemListElement\":[{\"@type\":\"ListItem\",\"position\":1,\"name\":\"Home\",\"item\":\"https:\\\/\\\/www.albergominerva.it\\\/pt-br\\\/\"},{\"@type\":\"ListItem\",\"position\":2,\"name\":\"Nobre Contrada dell&#8217;Oca\"}]},{\"@type\":\"WebSite\",\"@id\":\"https:\\\/\\\/www.albergominerva.it\\\/pt-br\\\/#website\",\"url\":\"https:\\\/\\\/www.albergominerva.it\\\/pt-br\\\/\",\"name\":\"Hotel Minerva Siena\",\"description\":\"Hotel in Centro Storico a Siena - Toscana - Italy\",\"potentialAction\":[{\"@type\":\"SearchAction\",\"target\":{\"@type\":\"EntryPoint\",\"urlTemplate\":\"https:\\\/\\\/www.albergominerva.it\\\/pt-br\\\/?s={search_term_string}\"},\"query-input\":{\"@type\":\"PropertyValueSpecification\",\"valueRequired\":true,\"valueName\":\"search_term_string\"}}],\"inLanguage\":\"pt-BR\"}]}<\/script>\n<!-- \/ Yoast SEO plugin. -->","yoast_head_json":{"title":"Nobre Contrada dell'Oca - Hotel Minerva Siena","robots":{"index":"index","follow":"follow","max-snippet":"max-snippet:-1","max-image-preview":"max-image-preview:large","max-video-preview":"max-video-preview:-1"},"canonical":"https:\/\/www.albergominerva.it\/pt-br\/nobre-contrada-delloca\/","og_locale":"pt_BR","og_type":"article","og_title":"Nobre Contrada dell'Oca - Hotel Minerva Siena","og_description":"A Nobre Contrada dell&#8217;Oca \u00e9 uma das dezessete contradas de Siena e est\u00e1 localizada no Ter\u00e7o de Camollia. Seu bras\u00e3o","og_url":"https:\/\/www.albergominerva.it\/pt-br\/nobre-contrada-delloca\/","og_site_name":"Hotel Minerva Siena","article_modified_time":"2023-08-20T13:24:05+00:00","og_image":[{"url":"https:\/\/www.albergominerva.it\/wp-content\/uploads\/2023\/08\/oca.jpg","type":"","width":"","height":""}],"twitter_card":"summary_large_image","twitter_misc":{"Est. tempo de leitura":"2 minutos"},"schema":{"@context":"https:\/\/schema.org","@graph":[{"@type":"WebPage","@id":"https:\/\/www.albergominerva.it\/pt-br\/nobre-contrada-delloca\/","url":"https:\/\/www.albergominerva.it\/pt-br\/nobre-contrada-delloca\/","name":"Nobre Contrada dell'Oca - Hotel Minerva Siena","isPartOf":{"@id":"https:\/\/www.albergominerva.it\/pt-br\/#website"},"primaryImageOfPage":{"@id":"https:\/\/www.albergominerva.it\/pt-br\/nobre-contrada-delloca\/#primaryimage"},"image":{"@id":"https:\/\/www.albergominerva.it\/pt-br\/nobre-contrada-delloca\/#primaryimage"},"thumbnailUrl":"https:\/\/www.albergominerva.it\/wp-content\/uploads\/2023\/08\/oca.jpg","datePublished":"2023-08-20T13:24:03+00:00","dateModified":"2023-08-20T13:24:05+00:00","breadcrumb":{"@id":"https:\/\/www.albergominerva.it\/pt-br\/nobre-contrada-delloca\/#breadcrumb"},"inLanguage":"pt-BR","potentialAction":[{"@type":"ReadAction","target":["https:\/\/www.albergominerva.it\/pt-br\/nobre-contrada-delloca\/"]}]},{"@type":"ImageObject","inLanguage":"pt-BR","@id":"https:\/\/www.albergominerva.it\/pt-br\/nobre-contrada-delloca\/#primaryimage","url":"https:\/\/www.albergominerva.it\/wp-content\/uploads\/2023\/08\/oca.jpg","contentUrl":"https:\/\/www.albergominerva.it\/wp-content\/uploads\/2023\/08\/oca.jpg"},{"@type":"BreadcrumbList","@id":"https:\/\/www.albergominerva.it\/pt-br\/nobre-contrada-delloca\/#breadcrumb","itemListElement":[{"@type":"ListItem","position":1,"name":"Home","item":"https:\/\/www.albergominerva.it\/pt-br\/"},{"@type":"ListItem","position":2,"name":"Nobre Contrada dell&#8217;Oca"}]},{"@type":"WebSite","@id":"https:\/\/www.albergominerva.it\/pt-br\/#website","url":"https:\/\/www.albergominerva.it\/pt-br\/","name":"Hotel Minerva Siena","description":"Hotel in Centro Storico a Siena - Toscana - Italy","potentialAction":[{"@type":"SearchAction","target":{"@type":"EntryPoint","urlTemplate":"https:\/\/www.albergominerva.it\/pt-br\/?s={search_term_string}"},"query-input":{"@type":"PropertyValueSpecification","valueRequired":true,"valueName":"search_term_string"}}],"inLanguage":"pt-BR"}]}},"_links":{"self":[{"href":"https:\/\/www.albergominerva.it\/pt-br\/wp-json\/wp\/v2\/pages\/11356","targetHints":{"allow":["GET"]}}],"collection":[{"href":"https:\/\/www.albergominerva.it\/pt-br\/wp-json\/wp\/v2\/pages"}],"about":[{"href":"https:\/\/www.albergominerva.it\/pt-br\/wp-json\/wp\/v2\/types\/page"}],"author":[{"embeddable":true,"href":"https:\/\/www.albergominerva.it\/pt-br\/wp-json\/wp\/v2\/users\/3"}],"replies":[{"embeddable":true,"href":"https:\/\/www.albergominerva.it\/pt-br\/wp-json\/wp\/v2\/comments?post=11356"}],"version-history":[{"count":1,"href":"https:\/\/www.albergominerva.it\/pt-br\/wp-json\/wp\/v2\/pages\/11356\/revisions"}],"predecessor-version":[{"id":11357,"href":"https:\/\/www.albergominerva.it\/pt-br\/wp-json\/wp\/v2\/pages\/11356\/revisions\/11357"}],"wp:attachment":[{"href":"https:\/\/www.albergominerva.it\/pt-br\/wp-json\/wp\/v2\/media?parent=11356"}],"curies":[{"name":"wp","href":"https:\/\/api.w.org\/{rel}","templated":true}]}}