{"id":11369,"date":"2023-08-20T15:33:50","date_gmt":"2023-08-20T13:33:50","guid":{"rendered":"https:\/\/www.albergominerva.it\/?page_id=11369"},"modified":"2023-08-20T15:33:51","modified_gmt":"2023-08-20T13:33:51","slug":"contrada-capitana-dellonda","status":"publish","type":"page","link":"https:\/\/www.albergominerva.it\/pt-br\/contrada-capitana-dellonda\/","title":{"rendered":"Contrada Capitana dell&#8217;Onda"},"content":{"rendered":"\n<p>A Contrada Capitana dell&#8217;Onda \u00e9 uma das dezessete contradas de Siena e est\u00e1 localizada no Terzo di Citt\u00e0. Seu bras\u00e3o apresenta um fundo prateado com um golfinho coroado em estilo real, nadando em um mar azul. Suas cores s\u00e3o branco e azul-celeste em partes iguais. O lema da contrada \u00e9 &#8220;A cor do c\u00e9u, a for\u00e7a do mar&#8221;.<\/p>\n\n\n\n<figure class=\"wp-block-image size-full\"><img loading=\"lazy\" decoding=\"async\" width=\"690\" height=\"691\" src=\"https:\/\/www.albergominerva.it\/wp-content\/uploads\/2023\/08\/onda.jpg\" alt=\"\" class=\"wp-image-11186\" srcset=\"https:\/\/www.albergominerva.it\/wp-content\/uploads\/2023\/08\/onda.jpg 690w, https:\/\/www.albergominerva.it\/wp-content\/uploads\/2023\/08\/onda-300x300.jpg 300w, https:\/\/www.albergominerva.it\/wp-content\/uploads\/2023\/08\/onda-150x150.jpg 150w\" sizes=\"auto, (max-width: 690px) 100vw, 690px\" \/><\/figure>\n\n\n\n<p>A contrada det\u00e9m o t\u00edtulo de &#8220;Capitana&#8221; porque suas mil\u00edcias montavam guarda no Palazzo del Comune.<\/p>\n\n\n\n<p>Seu Terzo de pertencimento \u00e9 Citt\u00e0. As companhias militares da contrada s\u00e3o Casato di Sotto e San Salvadore. As contradas aliadas da Onda s\u00e3o Nicchio, Tartuca e Valdimontone. A contrada advers\u00e1ria da Onda \u00e9 Torre. A santa padroeira da contrada \u00e9 a Visita\u00e7\u00e3o da Virgem Maria, celebrada em 2 de julho. A corpora\u00e7\u00e3o da contrada \u00e9 a dos carpinteiros.<\/p>\n\n\n\n<p>A Contrada Capitana dell&#8217;Onda \u00e9 uma das contradas mais antigas de Siena e possui uma hist\u00f3ria longa e rica. A contrada \u00e9 muito querida por seus contradaioli, que est\u00e3o sempre prontos para apoi\u00e1-la em suas corridas no Palio.<\/p>\n","protected":false},"excerpt":{"rendered":"<p>A Contrada Capitana dell&#8217;Onda \u00e9 uma das dezessete contradas de Siena e est\u00e1 localizada no Terzo di Citt\u00e0. Seu bras\u00e3o<\/p>\n","protected":false},"author":3,"featured_media":0,"parent":0,"menu_order":0,"comment_status":"closed","ping_status":"closed","template":"","meta":{"_acf_changed":false,"footnotes":""},"class_list":["post-11369","page","type-page","status-publish","hentry"],"acf":[],"yoast_head":"<!-- This site is optimized with the Yoast SEO plugin v27.4 - https:\/\/yoast.com\/product\/yoast-seo-wordpress\/ -->\n<title>Contrada Capitana dell&#039;Onda - Hotel Minerva Siena<\/title>\n<meta name=\"robots\" content=\"index, follow, max-snippet:-1, max-image-preview:large, max-video-preview:-1\" \/>\n<link rel=\"canonical\" href=\"https:\/\/www.albergominerva.it\/pt-br\/contrada-capitana-dellonda\/\" \/>\n<meta property=\"og:locale\" content=\"pt_BR\" \/>\n<meta property=\"og:type\" content=\"article\" \/>\n<meta property=\"og:title\" content=\"Contrada Capitana dell&#039;Onda - Hotel Minerva Siena\" \/>\n<meta property=\"og:description\" content=\"A Contrada Capitana dell&#8217;Onda \u00e9 uma das dezessete contradas de Siena e est\u00e1 localizada no Terzo di Citt\u00e0. Seu bras\u00e3o\" \/>\n<meta property=\"og:url\" content=\"https:\/\/www.albergominerva.it\/pt-br\/contrada-capitana-dellonda\/\" \/>\n<meta property=\"og:site_name\" content=\"Hotel Minerva Siena\" \/>\n<meta property=\"article:modified_time\" content=\"2023-08-20T13:33:51+00:00\" \/>\n<meta property=\"og:image\" content=\"https:\/\/www.albergominerva.it\/wp-content\/uploads\/2023\/08\/onda.jpg\" \/>\n<meta name=\"twitter:card\" content=\"summary_large_image\" \/>\n<meta name=\"twitter:label1\" content=\"Est. tempo de leitura\" \/>\n\t<meta name=\"twitter:data1\" content=\"2 minutos\" \/>\n<script type=\"application\/ld+json\" class=\"yoast-schema-graph\">{\"@context\":\"https:\\\/\\\/schema.org\",\"@graph\":[{\"@type\":\"WebPage\",\"@id\":\"https:\\\/\\\/www.albergominerva.it\\\/pt-br\\\/contrada-capitana-dellonda\\\/\",\"url\":\"https:\\\/\\\/www.albergominerva.it\\\/pt-br\\\/contrada-capitana-dellonda\\\/\",\"name\":\"Contrada Capitana dell'Onda - Hotel Minerva Siena\",\"isPartOf\":{\"@id\":\"https:\\\/\\\/www.albergominerva.it\\\/pt-br\\\/#website\"},\"primaryImageOfPage\":{\"@id\":\"https:\\\/\\\/www.albergominerva.it\\\/pt-br\\\/contrada-capitana-dellonda\\\/#primaryimage\"},\"image\":{\"@id\":\"https:\\\/\\\/www.albergominerva.it\\\/pt-br\\\/contrada-capitana-dellonda\\\/#primaryimage\"},\"thumbnailUrl\":\"https:\\\/\\\/www.albergominerva.it\\\/wp-content\\\/uploads\\\/2023\\\/08\\\/onda.jpg\",\"datePublished\":\"2023-08-20T13:33:50+00:00\",\"dateModified\":\"2023-08-20T13:33:51+00:00\",\"breadcrumb\":{\"@id\":\"https:\\\/\\\/www.albergominerva.it\\\/pt-br\\\/contrada-capitana-dellonda\\\/#breadcrumb\"},\"inLanguage\":\"pt-BR\",\"potentialAction\":[{\"@type\":\"ReadAction\",\"target\":[\"https:\\\/\\\/www.albergominerva.it\\\/pt-br\\\/contrada-capitana-dellonda\\\/\"]}]},{\"@type\":\"ImageObject\",\"inLanguage\":\"pt-BR\",\"@id\":\"https:\\\/\\\/www.albergominerva.it\\\/pt-br\\\/contrada-capitana-dellonda\\\/#primaryimage\",\"url\":\"https:\\\/\\\/www.albergominerva.it\\\/wp-content\\\/uploads\\\/2023\\\/08\\\/onda.jpg\",\"contentUrl\":\"https:\\\/\\\/www.albergominerva.it\\\/wp-content\\\/uploads\\\/2023\\\/08\\\/onda.jpg\"},{\"@type\":\"BreadcrumbList\",\"@id\":\"https:\\\/\\\/www.albergominerva.it\\\/pt-br\\\/contrada-capitana-dellonda\\\/#breadcrumb\",\"itemListElement\":[{\"@type\":\"ListItem\",\"position\":1,\"name\":\"Home\",\"item\":\"https:\\\/\\\/www.albergominerva.it\\\/pt-br\\\/\"},{\"@type\":\"ListItem\",\"position\":2,\"name\":\"Contrada Capitana dell&#8217;Onda\"}]},{\"@type\":\"WebSite\",\"@id\":\"https:\\\/\\\/www.albergominerva.it\\\/pt-br\\\/#website\",\"url\":\"https:\\\/\\\/www.albergominerva.it\\\/pt-br\\\/\",\"name\":\"Hotel Minerva Siena\",\"description\":\"Hotel in Centro Storico a Siena - Toscana - Italy\",\"potentialAction\":[{\"@type\":\"SearchAction\",\"target\":{\"@type\":\"EntryPoint\",\"urlTemplate\":\"https:\\\/\\\/www.albergominerva.it\\\/pt-br\\\/?s={search_term_string}\"},\"query-input\":{\"@type\":\"PropertyValueSpecification\",\"valueRequired\":true,\"valueName\":\"search_term_string\"}}],\"inLanguage\":\"pt-BR\"}]}<\/script>\n<!-- \/ Yoast SEO plugin. -->","yoast_head_json":{"title":"Contrada Capitana dell'Onda - Hotel Minerva Siena","robots":{"index":"index","follow":"follow","max-snippet":"max-snippet:-1","max-image-preview":"max-image-preview:large","max-video-preview":"max-video-preview:-1"},"canonical":"https:\/\/www.albergominerva.it\/pt-br\/contrada-capitana-dellonda\/","og_locale":"pt_BR","og_type":"article","og_title":"Contrada Capitana dell'Onda - Hotel Minerva Siena","og_description":"A Contrada Capitana dell&#8217;Onda \u00e9 uma das dezessete contradas de Siena e est\u00e1 localizada no Terzo di Citt\u00e0. Seu bras\u00e3o","og_url":"https:\/\/www.albergominerva.it\/pt-br\/contrada-capitana-dellonda\/","og_site_name":"Hotel Minerva Siena","article_modified_time":"2023-08-20T13:33:51+00:00","og_image":[{"url":"https:\/\/www.albergominerva.it\/wp-content\/uploads\/2023\/08\/onda.jpg","type":"","width":"","height":""}],"twitter_card":"summary_large_image","twitter_misc":{"Est. tempo de leitura":"2 minutos"},"schema":{"@context":"https:\/\/schema.org","@graph":[{"@type":"WebPage","@id":"https:\/\/www.albergominerva.it\/pt-br\/contrada-capitana-dellonda\/","url":"https:\/\/www.albergominerva.it\/pt-br\/contrada-capitana-dellonda\/","name":"Contrada Capitana dell'Onda - Hotel Minerva Siena","isPartOf":{"@id":"https:\/\/www.albergominerva.it\/pt-br\/#website"},"primaryImageOfPage":{"@id":"https:\/\/www.albergominerva.it\/pt-br\/contrada-capitana-dellonda\/#primaryimage"},"image":{"@id":"https:\/\/www.albergominerva.it\/pt-br\/contrada-capitana-dellonda\/#primaryimage"},"thumbnailUrl":"https:\/\/www.albergominerva.it\/wp-content\/uploads\/2023\/08\/onda.jpg","datePublished":"2023-08-20T13:33:50+00:00","dateModified":"2023-08-20T13:33:51+00:00","breadcrumb":{"@id":"https:\/\/www.albergominerva.it\/pt-br\/contrada-capitana-dellonda\/#breadcrumb"},"inLanguage":"pt-BR","potentialAction":[{"@type":"ReadAction","target":["https:\/\/www.albergominerva.it\/pt-br\/contrada-capitana-dellonda\/"]}]},{"@type":"ImageObject","inLanguage":"pt-BR","@id":"https:\/\/www.albergominerva.it\/pt-br\/contrada-capitana-dellonda\/#primaryimage","url":"https:\/\/www.albergominerva.it\/wp-content\/uploads\/2023\/08\/onda.jpg","contentUrl":"https:\/\/www.albergominerva.it\/wp-content\/uploads\/2023\/08\/onda.jpg"},{"@type":"BreadcrumbList","@id":"https:\/\/www.albergominerva.it\/pt-br\/contrada-capitana-dellonda\/#breadcrumb","itemListElement":[{"@type":"ListItem","position":1,"name":"Home","item":"https:\/\/www.albergominerva.it\/pt-br\/"},{"@type":"ListItem","position":2,"name":"Contrada Capitana dell&#8217;Onda"}]},{"@type":"WebSite","@id":"https:\/\/www.albergominerva.it\/pt-br\/#website","url":"https:\/\/www.albergominerva.it\/pt-br\/","name":"Hotel Minerva Siena","description":"Hotel in Centro Storico a Siena - Toscana - Italy","potentialAction":[{"@type":"SearchAction","target":{"@type":"EntryPoint","urlTemplate":"https:\/\/www.albergominerva.it\/pt-br\/?s={search_term_string}"},"query-input":{"@type":"PropertyValueSpecification","valueRequired":true,"valueName":"search_term_string"}}],"inLanguage":"pt-BR"}]}},"_links":{"self":[{"href":"https:\/\/www.albergominerva.it\/pt-br\/wp-json\/wp\/v2\/pages\/11369","targetHints":{"allow":["GET"]}}],"collection":[{"href":"https:\/\/www.albergominerva.it\/pt-br\/wp-json\/wp\/v2\/pages"}],"about":[{"href":"https:\/\/www.albergominerva.it\/pt-br\/wp-json\/wp\/v2\/types\/page"}],"author":[{"embeddable":true,"href":"https:\/\/www.albergominerva.it\/pt-br\/wp-json\/wp\/v2\/users\/3"}],"replies":[{"embeddable":true,"href":"https:\/\/www.albergominerva.it\/pt-br\/wp-json\/wp\/v2\/comments?post=11369"}],"version-history":[{"count":1,"href":"https:\/\/www.albergominerva.it\/pt-br\/wp-json\/wp\/v2\/pages\/11369\/revisions"}],"predecessor-version":[{"id":11370,"href":"https:\/\/www.albergominerva.it\/pt-br\/wp-json\/wp\/v2\/pages\/11369\/revisions\/11370"}],"wp:attachment":[{"href":"https:\/\/www.albergominerva.it\/pt-br\/wp-json\/wp\/v2\/media?parent=11369"}],"curies":[{"name":"wp","href":"https:\/\/api.w.org\/{rel}","templated":true}]}}