{"id":14856,"date":"2024-03-27T17:09:10","date_gmt":"2024-03-27T16:09:10","guid":{"rendered":"https:\/\/www.albergominerva.it\/?page_id=14856"},"modified":"2024-03-27T17:09:11","modified_gmt":"2024-03-27T16:09:11","slug":"ofertas-de-hoteis-em-siena-para-fevereiro-de-2025","status":"publish","type":"page","link":"https:\/\/www.albergominerva.it\/pt-br\/ofertas-de-hoteis-em-siena-para-fevereiro-de-2025\/","title":{"rendered":"Ofertas de hot\u00e9is em Siena para fevereiro de 2025"},"content":{"rendered":"\n<p>Se estiver procurando por uma oferta especial para fevereiro de 2025 para passar alguns dias de f\u00e9rias em Siena, recomendamos fazer uma reserva no Albergo Minerva, nosso encantador hotel 3 estrelas localizado no centro hist\u00f3rico de Siena, a poucos minutos a p\u00e9 da Piazza del Campo e das principais atra\u00e7\u00f5es da cidade.<\/p>\n\n\n\n<figure class=\"wp-block-gallery has-nested-images columns-default is-cropped wp-block-gallery-1 is-layout-flex wp-block-gallery-is-layout-flex\">\n<figure class=\"wp-block-image size-large\"><img loading=\"lazy\" decoding=\"async\" width=\"800\" height=\"617\" data-id=\"14517\" src=\"https:\/\/www.albergominerva.it\/wp-content\/uploads\/2024\/03\/image.png\" alt=\"\" class=\"wp-image-14517\" srcset=\"https:\/\/www.albergominerva.it\/wp-content\/uploads\/2024\/03\/image.png 800w, https:\/\/www.albergominerva.it\/wp-content\/uploads\/2024\/03\/image-300x231.png 300w, https:\/\/www.albergominerva.it\/wp-content\/uploads\/2024\/03\/image-768x592.png 768w, https:\/\/www.albergominerva.it\/wp-content\/uploads\/2024\/03\/image-700x540.png 700w\" sizes=\"auto, (max-width: 800px) 100vw, 800px\" \/><\/figure>\n\n\n\n<figure class=\"wp-block-image size-large\"><img loading=\"lazy\" decoding=\"async\" width=\"1024\" height=\"683\" data-id=\"11784\" src=\"https:\/\/www.albergominerva.it\/wp-content\/uploads\/2023\/12\/Hotel-Minerva-2023-015.jpg\" alt=\"\" class=\"wp-image-11784\" srcset=\"https:\/\/www.albergominerva.it\/wp-content\/uploads\/2023\/12\/Hotel-Minerva-2023-015.jpg 1024w, https:\/\/www.albergominerva.it\/wp-content\/uploads\/2023\/12\/Hotel-Minerva-2023-015-300x200.jpg 300w, https:\/\/www.albergominerva.it\/wp-content\/uploads\/2023\/12\/Hotel-Minerva-2023-015-768x512.jpg 768w, https:\/\/www.albergominerva.it\/wp-content\/uploads\/2023\/12\/Hotel-Minerva-2023-015-1000x667.jpg 1000w, https:\/\/www.albergominerva.it\/wp-content\/uploads\/2023\/12\/Hotel-Minerva-2023-015-700x467.jpg 700w\" sizes=\"auto, (max-width: 1024px) 100vw, 1024px\" \/><\/figure>\n\n\n\n<figure class=\"wp-block-image size-large\"><img loading=\"lazy\" decoding=\"async\" width=\"768\" height=\"512\" data-id=\"10258\" src=\"https:\/\/www.albergominerva.it\/wp-content\/uploads\/2022\/12\/hotel-minerva-6.jpg\" alt=\"\" class=\"wp-image-10258\" srcset=\"https:\/\/www.albergominerva.it\/wp-content\/uploads\/2022\/12\/hotel-minerva-6.jpg 768w, https:\/\/www.albergominerva.it\/wp-content\/uploads\/2022\/12\/hotel-minerva-6-300x200.jpg 300w, https:\/\/www.albergominerva.it\/wp-content\/uploads\/2022\/12\/hotel-minerva-6-700x467.jpg 700w\" sizes=\"auto, (max-width: 768px) 100vw, 768px\" \/><\/figure>\n\n\n\n<figure class=\"wp-block-image size-large\"><img loading=\"lazy\" decoding=\"async\" width=\"768\" height=\"512\" data-id=\"9339\" src=\"https:\/\/www.albergominerva.it\/wp-content\/uploads\/2022\/02\/camera-069-768x512-1.jpg\" alt=\"\" class=\"wp-image-9339\" srcset=\"https:\/\/www.albergominerva.it\/wp-content\/uploads\/2022\/02\/camera-069-768x512-1.jpg 768w, https:\/\/www.albergominerva.it\/wp-content\/uploads\/2022\/02\/camera-069-768x512-1-300x200.jpg 300w, https:\/\/www.albergominerva.it\/wp-content\/uploads\/2022\/02\/camera-069-768x512-1-700x467.jpg 700w\" sizes=\"auto, (max-width: 768px) 100vw, 768px\" \/><\/figure>\n\n\n\n<figure class=\"wp-block-image size-large\"><img loading=\"lazy\" decoding=\"async\" width=\"800\" height=\"533\" data-id=\"8495\" src=\"https:\/\/www.albergominerva.it\/wp-content\/uploads\/2021\/03\/Camere-Hotel-Minerva-054.jpg\" alt=\"\" class=\"wp-image-8495\" srcset=\"https:\/\/www.albergominerva.it\/wp-content\/uploads\/2021\/03\/Camere-Hotel-Minerva-054.jpg 800w, https:\/\/www.albergominerva.it\/wp-content\/uploads\/2021\/03\/Camere-Hotel-Minerva-054-300x200.jpg 300w, https:\/\/www.albergominerva.it\/wp-content\/uploads\/2021\/03\/Camere-Hotel-Minerva-054-768x512.jpg 768w, https:\/\/www.albergominerva.it\/wp-content\/uploads\/2021\/03\/Camere-Hotel-Minerva-054-700x466.jpg 700w\" sizes=\"auto, (max-width: 800px) 100vw, 800px\" \/><\/figure>\n\n\n\n<figure class=\"wp-block-image size-large\"><img loading=\"lazy\" decoding=\"async\" width=\"800\" height=\"533\" data-id=\"8488\" src=\"https:\/\/www.albergominerva.it\/wp-content\/uploads\/2021\/03\/Camere-Hotel-Minerva-041-Copia-Copia.jpg\" alt=\"\" class=\"wp-image-8488\" srcset=\"https:\/\/www.albergominerva.it\/wp-content\/uploads\/2021\/03\/Camere-Hotel-Minerva-041-Copia-Copia.jpg 800w, https:\/\/www.albergominerva.it\/wp-content\/uploads\/2021\/03\/Camere-Hotel-Minerva-041-Copia-Copia-300x200.jpg 300w, https:\/\/www.albergominerva.it\/wp-content\/uploads\/2021\/03\/Camere-Hotel-Minerva-041-Copia-Copia-768x512.jpg 768w, https:\/\/www.albergominerva.it\/wp-content\/uploads\/2021\/03\/Camere-Hotel-Minerva-041-Copia-Copia-700x466.jpg 700w\" sizes=\"auto, (max-width: 800px) 100vw, 800px\" \/><\/figure>\n\n\n\n<figure class=\"wp-block-image size-large\"><img loading=\"lazy\" decoding=\"async\" width=\"1024\" height=\"683\" data-id=\"8158\" src=\"https:\/\/www.albergominerva.it\/wp-content\/uploads\/2020\/07\/261752624.jpg\" alt=\"\" class=\"wp-image-8158\" srcset=\"https:\/\/www.albergominerva.it\/wp-content\/uploads\/2020\/07\/261752624.jpg 1024w, https:\/\/www.albergominerva.it\/wp-content\/uploads\/2020\/07\/261752624-300x200.jpg 300w, https:\/\/www.albergominerva.it\/wp-content\/uploads\/2020\/07\/261752624-768x512.jpg 768w, https:\/\/www.albergominerva.it\/wp-content\/uploads\/2020\/07\/261752624-1000x667.jpg 1000w, https:\/\/www.albergominerva.it\/wp-content\/uploads\/2020\/07\/261752624-700x467.jpg 700w\" sizes=\"auto, (max-width: 1024px) 100vw, 1024px\" \/><\/figure>\n\n\n\n<figure class=\"wp-block-image size-large\"><img loading=\"lazy\" decoding=\"async\" width=\"1000\" height=\"667\" data-id=\"7245\" src=\"https:\/\/www.albergominerva.it\/wp-content\/uploads\/2020\/02\/camera-093.jpg\" alt=\"\" class=\"wp-image-7245\" srcset=\"https:\/\/www.albergominerva.it\/wp-content\/uploads\/2020\/02\/camera-093.jpg 1000w, https:\/\/www.albergominerva.it\/wp-content\/uploads\/2020\/02\/camera-093-300x200.jpg 300w, https:\/\/www.albergominerva.it\/wp-content\/uploads\/2020\/02\/camera-093-768x512.jpg 768w, https:\/\/www.albergominerva.it\/wp-content\/uploads\/2020\/02\/camera-093-700x467.jpg 700w\" sizes=\"auto, (max-width: 1000px) 100vw, 1000px\" \/><\/figure>\n\n\n\n<figure class=\"wp-block-image size-large\"><img loading=\"lazy\" decoding=\"async\" width=\"1000\" height=\"667\" data-id=\"6953\" src=\"https:\/\/www.albergominerva.it\/wp-content\/uploads\/2020\/02\/camera-069.jpg\" alt=\"\" class=\"wp-image-6953\" srcset=\"https:\/\/www.albergominerva.it\/wp-content\/uploads\/2020\/02\/camera-069.jpg 1000w, https:\/\/www.albergominerva.it\/wp-content\/uploads\/2020\/02\/camera-069-300x200.jpg 300w, https:\/\/www.albergominerva.it\/wp-content\/uploads\/2020\/02\/camera-069-768x512.jpg 768w, https:\/\/www.albergominerva.it\/wp-content\/uploads\/2020\/02\/camera-069-700x467.jpg 700w\" sizes=\"auto, (max-width: 1000px) 100vw, 1000px\" \/><\/figure>\n\n\n\n<figure class=\"wp-block-image size-large\"><img loading=\"lazy\" decoding=\"async\" width=\"800\" height=\"600\" data-id=\"3736\" src=\"https:\/\/www.albergominerva.it\/wp-content\/uploads\/2019\/08\/gall_int_bar_2.jpg\" alt=\"\" class=\"wp-image-3736\" srcset=\"https:\/\/www.albergominerva.it\/wp-content\/uploads\/2019\/08\/gall_int_bar_2.jpg 800w, https:\/\/www.albergominerva.it\/wp-content\/uploads\/2019\/08\/gall_int_bar_2-300x225.jpg 300w, https:\/\/www.albergominerva.it\/wp-content\/uploads\/2019\/08\/gall_int_bar_2-768x576.jpg 768w, https:\/\/www.albergominerva.it\/wp-content\/uploads\/2019\/08\/gall_int_bar_2-700x525.jpg 700w\" sizes=\"auto, (max-width: 800px) 100vw, 800px\" \/><\/figure>\n\n\n\n<figure class=\"wp-block-image size-large\"><img loading=\"lazy\" decoding=\"async\" width=\"800\" height=\"600\" data-id=\"3729\" src=\"https:\/\/www.albergominerva.it\/wp-content\/uploads\/2019\/08\/gall_int_colazione_2.jpg\" alt=\"\" class=\"wp-image-3729\" srcset=\"https:\/\/www.albergominerva.it\/wp-content\/uploads\/2019\/08\/gall_int_colazione_2.jpg 800w, https:\/\/www.albergominerva.it\/wp-content\/uploads\/2019\/08\/gall_int_colazione_2-300x225.jpg 300w, https:\/\/www.albergominerva.it\/wp-content\/uploads\/2019\/08\/gall_int_colazione_2-768x576.jpg 768w, https:\/\/www.albergominerva.it\/wp-content\/uploads\/2019\/08\/gall_int_colazione_2-700x525.jpg 700w\" sizes=\"auto, (max-width: 800px) 100vw, 800px\" \/><\/figure>\n\n\n\n<figure class=\"wp-block-image size-large\"><img loading=\"lazy\" decoding=\"async\" width=\"800\" height=\"600\" data-id=\"3255\" src=\"https:\/\/www.albergominerva.it\/wp-content\/uploads\/2019\/06\/gall_int_hall.jpg\" alt=\"\" class=\"wp-image-3255\" srcset=\"https:\/\/www.albergominerva.it\/wp-content\/uploads\/2019\/06\/gall_int_hall.jpg 800w, https:\/\/www.albergominerva.it\/wp-content\/uploads\/2019\/06\/gall_int_hall-300x225.jpg 300w, https:\/\/www.albergominerva.it\/wp-content\/uploads\/2019\/06\/gall_int_hall-768x576.jpg 768w, https:\/\/www.albergominerva.it\/wp-content\/uploads\/2019\/06\/gall_int_hall-700x525.jpg 700w\" sizes=\"auto, (max-width: 800px) 100vw, 800px\" \/><\/figure>\n\n\n\n<figure class=\"wp-block-image size-large\"><img loading=\"lazy\" decoding=\"async\" width=\"800\" height=\"600\" data-id=\"3231\" src=\"https:\/\/www.albergominerva.it\/wp-content\/uploads\/2019\/06\/gall_int_arearelax.jpg\" alt=\"\" class=\"wp-image-3231\" srcset=\"https:\/\/www.albergominerva.it\/wp-content\/uploads\/2019\/06\/gall_int_arearelax.jpg 800w, https:\/\/www.albergominerva.it\/wp-content\/uploads\/2019\/06\/gall_int_arearelax-300x225.jpg 300w, https:\/\/www.albergominerva.it\/wp-content\/uploads\/2019\/06\/gall_int_arearelax-768x576.jpg 768w, https:\/\/www.albergominerva.it\/wp-content\/uploads\/2019\/06\/gall_int_arearelax-700x525.jpg 700w\" sizes=\"auto, (max-width: 800px) 100vw, 800px\" \/><\/figure>\n\n\n\n<figure class=\"wp-block-image size-large\"><img loading=\"lazy\" decoding=\"async\" width=\"800\" height=\"600\" data-id=\"3223\" src=\"https:\/\/www.albergominerva.it\/wp-content\/uploads\/2019\/06\/gall_int_parcheggio.jpg\" alt=\"\" class=\"wp-image-3223\" srcset=\"https:\/\/www.albergominerva.it\/wp-content\/uploads\/2019\/06\/gall_int_parcheggio.jpg 800w, https:\/\/www.albergominerva.it\/wp-content\/uploads\/2019\/06\/gall_int_parcheggio-300x225.jpg 300w, https:\/\/www.albergominerva.it\/wp-content\/uploads\/2019\/06\/gall_int_parcheggio-768x576.jpg 768w, https:\/\/www.albergominerva.it\/wp-content\/uploads\/2019\/06\/gall_int_parcheggio-700x525.jpg 700w\" sizes=\"auto, (max-width: 800px) 100vw, 800px\" \/><\/figure>\n<\/figure>\n\n\n\n<p>Equipado com bar, elevador e estacionamento pago, seguro e fechado, com acesso direto ao hotel e 20 vagas dispon\u00edveis, o Albergo Minerva possui 56 quartos com ar-condicionado, cada um \u00fanico, com conex\u00e3o WiFi e divididos em categorias de f\u00e1cil-economia, elegante-padr\u00e3o, quartos superiores e su\u00edtes j\u00fanior.<\/p>\n\n\n\n<p><a href=\"https:\/\/www.albergominerva.it\/pt-br\/acomodacoes\/quartos-baratos-siena-centro\/\">Os quartos Easy<\/a>, com cama de casal ou duas camas de solteiro sob solicita\u00e7\u00e3o, est\u00e3o localizados no lado interior, oferecendo um ref\u00fagio tranquilo longe do centro hist\u00f3rico e come\u00e7ando a partir de 16 m\u00b2.<\/p>\n\n\n\n<p><a href=\"https:\/\/www.albergominerva.it\/pt-br\/acomodacoes\/quartos-elegant-siena-centro-2\/\">Os quartos Elegant Standard<\/a>, com mobili\u00e1rio moderno e tons past\u00e9is nas paredes, todos oferecem vista para o centro hist\u00f3rico de Siena e come\u00e7am a partir de 19 m\u00b2. Eles s\u00e3o divididos em solteiros e duplos e podem acomodar at\u00e9 4 pessoas.<\/p>\n\n\n\n<p><a href=\"https:\/\/www.albergominerva.it\/pt-br\/acomodacoes\/junior-suite-matrimonial-siena-centro\/\">Os quartos Superiores oferecem<\/a> vista para a Bas\u00edlica de San Francesco, a Bas\u00edlica de Provenzano e a Porta Ovile e come\u00e7am a partir de 19 m\u00b2.<\/p>\n\n\n\n<p><a href=\"https:\/\/www.albergominerva.it\/pt-br\/acomodacoes\/junior-suite-siena-centro\/\">As su\u00edtes j\u00fanior Double<\/a> t\u00eam vista para o centro hist\u00f3rico de Siena, apresentam um pequeno terra\u00e7o e come\u00e7am a partir de 19 m\u00b2. Esses quartos v\u00eam com uma cama de casal e, sob solicita\u00e7\u00e3o, duas camas separadas.<\/p>\n\n\n\n<p>Voc\u00ea ter\u00e1 a oportunidade de escolher entre v\u00e1rias op\u00e7\u00f5es, todas equipadas com WiFi para sua estadia, seja para lazer ou neg\u00f3cios.<\/p>\n\n\n\n<p>O Hotel Minerva tamb\u00e9m hospeda regularmente uma galeria de arte contempor\u00e2nea, exibindo obras de artistas sieneses.<\/p>\n\n\n\n<p>Nosso hotel \u00e9 tranquilo e ideal para fam\u00edlias com crian\u00e7as; n\u00f3s at\u00e9 oferecemos ber\u00e7os, al\u00e9m de aquecedores de mamadeira, esterilizadores e uma sala de jogos interna.<\/p>\n\n\n\n<p>O Minerva est\u00e1 pr\u00f3ximo a dois parques infantis e cerca de 15 minutos do Orto de\u2019 Pecci, um belo jardim com animais.<\/p>\n\n\n\n<p>O Albergo Minerva oferece um excelente ambiente para reuni\u00f5es de neg\u00f3cios, pois est\u00e1 equipado com WiFi e uma sala de confer\u00eancias com vista para o centro hist\u00f3rico de Siena, que pode acomodar at\u00e9 40 pessoas e oferece TV LED, projetor, quadro branco e todos os equipamentos principais.<\/p>\n\n\n\n<p>Quanto ao caf\u00e9 da manh\u00e3, o Hotel Minerva oferece um delicioso caf\u00e9 da manh\u00e3 italiano e internacional com geleias naturais e selecionadas.<\/p>\n\n\n\n<p>O Hotel Minerva reserva um amplo estacionamento seguro para carros, motos e bicicletas, localizado logo fora da zona de tr\u00e1fego limitado e dispon\u00edvel por uma taxa.<\/p>\n\n\n\n<p>Voc\u00ea encontrar\u00e1 nosso hotel em Siena, na Via Garibaldi, 72, a menos de 2 minutos de carro da esta\u00e7\u00e3o e em uma \u00e1rea fora da Zona de Tr\u00e1fego Limitado (ZTL).<\/p>\n\n\n\n<p>Para reservar nosso hotel no centro de Siena com estacionamento para fevereiro de 2025, clique em &#8220;Reservar&#8221; no canto superior direito ou ligue para +39 0577.284474 ou envie um e-mail para <a>info@albergominerva.it<\/a>.<\/p>\n","protected":false},"excerpt":{"rendered":"<p>Se estiver procurando por uma oferta especial para fevereiro de 2025 para passar alguns dias de f\u00e9rias em Siena, recomendamos<\/p>\n","protected":false},"author":3,"featured_media":0,"parent":0,"menu_order":0,"comment_status":"closed","ping_status":"closed","template":"","meta":{"_acf_changed":false,"footnotes":""},"class_list":["post-14856","page","type-page","status-publish","hentry"],"acf":[],"yoast_head":"<!-- This site is optimized with the Yoast SEO plugin v26.4 - https:\/\/yoast.com\/wordpress\/plugins\/seo\/ -->\n<title>Ofertas de hot\u00e9is em Siena para fevereiro de 2025 - Hotel Minerva Siena<\/title>\n<meta name=\"robots\" content=\"index, follow, max-snippet:-1, max-image-preview:large, max-video-preview:-1\" \/>\n<link rel=\"canonical\" href=\"https:\/\/www.albergominerva.it\/pt-br\/ofertas-de-hoteis-em-siena-para-fevereiro-de-2025\/\" \/>\n<meta property=\"og:locale\" content=\"pt_BR\" \/>\n<meta property=\"og:type\" content=\"article\" \/>\n<meta property=\"og:title\" content=\"Ofertas de hot\u00e9is em Siena para fevereiro de 2025 - Hotel Minerva Siena\" \/>\n<meta property=\"og:description\" content=\"Se estiver procurando por uma oferta especial para fevereiro de 2025 para passar alguns dias de f\u00e9rias em Siena, recomendamos\" \/>\n<meta property=\"og:url\" content=\"https:\/\/www.albergominerva.it\/pt-br\/ofertas-de-hoteis-em-siena-para-fevereiro-de-2025\/\" \/>\n<meta property=\"og:site_name\" content=\"Hotel Minerva Siena\" \/>\n<meta property=\"article:modified_time\" content=\"2024-03-27T16:09:11+00:00\" \/>\n<meta property=\"og:image\" content=\"https:\/\/www.albergominerva.it\/wp-content\/uploads\/2024\/03\/image.png\" \/>\n<meta name=\"twitter:card\" content=\"summary_large_image\" \/>\n<meta name=\"twitter:label1\" content=\"Est. tempo de leitura\" \/>\n\t<meta name=\"twitter:data1\" content=\"6 minutos\" \/>\n<script type=\"application\/ld+json\" class=\"yoast-schema-graph\">{\"@context\":\"https:\/\/schema.org\",\"@graph\":[{\"@type\":\"WebPage\",\"@id\":\"https:\/\/www.albergominerva.it\/pt-br\/ofertas-de-hoteis-em-siena-para-fevereiro-de-2025\/\",\"url\":\"https:\/\/www.albergominerva.it\/pt-br\/ofertas-de-hoteis-em-siena-para-fevereiro-de-2025\/\",\"name\":\"Ofertas de hot\u00e9is em Siena para fevereiro de 2025 - Hotel Minerva Siena\",\"isPartOf\":{\"@id\":\"https:\/\/www.albergominerva.it\/pt-br\/#website\"},\"primaryImageOfPage\":{\"@id\":\"https:\/\/www.albergominerva.it\/pt-br\/ofertas-de-hoteis-em-siena-para-fevereiro-de-2025\/#primaryimage\"},\"image\":{\"@id\":\"https:\/\/www.albergominerva.it\/pt-br\/ofertas-de-hoteis-em-siena-para-fevereiro-de-2025\/#primaryimage\"},\"thumbnailUrl\":\"https:\/\/www.albergominerva.it\/wp-content\/uploads\/2024\/03\/image.png\",\"datePublished\":\"2024-03-27T16:09:10+00:00\",\"dateModified\":\"2024-03-27T16:09:11+00:00\",\"breadcrumb\":{\"@id\":\"https:\/\/www.albergominerva.it\/pt-br\/ofertas-de-hoteis-em-siena-para-fevereiro-de-2025\/#breadcrumb\"},\"inLanguage\":\"pt-BR\",\"potentialAction\":[{\"@type\":\"ReadAction\",\"target\":[\"https:\/\/www.albergominerva.it\/pt-br\/ofertas-de-hoteis-em-siena-para-fevereiro-de-2025\/\"]}]},{\"@type\":\"ImageObject\",\"inLanguage\":\"pt-BR\",\"@id\":\"https:\/\/www.albergominerva.it\/pt-br\/ofertas-de-hoteis-em-siena-para-fevereiro-de-2025\/#primaryimage\",\"url\":\"https:\/\/www.albergominerva.it\/wp-content\/uploads\/2024\/03\/image.png\",\"contentUrl\":\"https:\/\/www.albergominerva.it\/wp-content\/uploads\/2024\/03\/image.png\"},{\"@type\":\"BreadcrumbList\",\"@id\":\"https:\/\/www.albergominerva.it\/pt-br\/ofertas-de-hoteis-em-siena-para-fevereiro-de-2025\/#breadcrumb\",\"itemListElement\":[{\"@type\":\"ListItem\",\"position\":1,\"name\":\"Home\",\"item\":\"https:\/\/www.albergominerva.it\/pt-br\/\"},{\"@type\":\"ListItem\",\"position\":2,\"name\":\"Ofertas de hot\u00e9is em Siena para fevereiro de 2025\"}]},{\"@type\":\"WebSite\",\"@id\":\"https:\/\/www.albergominerva.it\/pt-br\/#website\",\"url\":\"https:\/\/www.albergominerva.it\/pt-br\/\",\"name\":\"Hotel Minerva Siena\",\"description\":\"Hotel in Centro Storico a Siena - Toscana - Italy\",\"potentialAction\":[{\"@type\":\"SearchAction\",\"target\":{\"@type\":\"EntryPoint\",\"urlTemplate\":\"https:\/\/www.albergominerva.it\/pt-br\/?s={search_term_string}\"},\"query-input\":{\"@type\":\"PropertyValueSpecification\",\"valueRequired\":true,\"valueName\":\"search_term_string\"}}],\"inLanguage\":\"pt-BR\"}]}<\/script>\n<!-- \/ Yoast SEO plugin. -->","yoast_head_json":{"title":"Ofertas de hot\u00e9is em Siena para fevereiro de 2025 - Hotel Minerva Siena","robots":{"index":"index","follow":"follow","max-snippet":"max-snippet:-1","max-image-preview":"max-image-preview:large","max-video-preview":"max-video-preview:-1"},"canonical":"https:\/\/www.albergominerva.it\/pt-br\/ofertas-de-hoteis-em-siena-para-fevereiro-de-2025\/","og_locale":"pt_BR","og_type":"article","og_title":"Ofertas de hot\u00e9is em Siena para fevereiro de 2025 - Hotel Minerva Siena","og_description":"Se estiver procurando por uma oferta especial para fevereiro de 2025 para passar alguns dias de f\u00e9rias em Siena, recomendamos","og_url":"https:\/\/www.albergominerva.it\/pt-br\/ofertas-de-hoteis-em-siena-para-fevereiro-de-2025\/","og_site_name":"Hotel Minerva Siena","article_modified_time":"2024-03-27T16:09:11+00:00","og_image":[{"url":"https:\/\/www.albergominerva.it\/wp-content\/uploads\/2024\/03\/image.png","type":"","width":"","height":""}],"twitter_card":"summary_large_image","twitter_misc":{"Est. tempo de leitura":"6 minutos"},"schema":{"@context":"https:\/\/schema.org","@graph":[{"@type":"WebPage","@id":"https:\/\/www.albergominerva.it\/pt-br\/ofertas-de-hoteis-em-siena-para-fevereiro-de-2025\/","url":"https:\/\/www.albergominerva.it\/pt-br\/ofertas-de-hoteis-em-siena-para-fevereiro-de-2025\/","name":"Ofertas de hot\u00e9is em Siena para fevereiro de 2025 - Hotel Minerva Siena","isPartOf":{"@id":"https:\/\/www.albergominerva.it\/pt-br\/#website"},"primaryImageOfPage":{"@id":"https:\/\/www.albergominerva.it\/pt-br\/ofertas-de-hoteis-em-siena-para-fevereiro-de-2025\/#primaryimage"},"image":{"@id":"https:\/\/www.albergominerva.it\/pt-br\/ofertas-de-hoteis-em-siena-para-fevereiro-de-2025\/#primaryimage"},"thumbnailUrl":"https:\/\/www.albergominerva.it\/wp-content\/uploads\/2024\/03\/image.png","datePublished":"2024-03-27T16:09:10+00:00","dateModified":"2024-03-27T16:09:11+00:00","breadcrumb":{"@id":"https:\/\/www.albergominerva.it\/pt-br\/ofertas-de-hoteis-em-siena-para-fevereiro-de-2025\/#breadcrumb"},"inLanguage":"pt-BR","potentialAction":[{"@type":"ReadAction","target":["https:\/\/www.albergominerva.it\/pt-br\/ofertas-de-hoteis-em-siena-para-fevereiro-de-2025\/"]}]},{"@type":"ImageObject","inLanguage":"pt-BR","@id":"https:\/\/www.albergominerva.it\/pt-br\/ofertas-de-hoteis-em-siena-para-fevereiro-de-2025\/#primaryimage","url":"https:\/\/www.albergominerva.it\/wp-content\/uploads\/2024\/03\/image.png","contentUrl":"https:\/\/www.albergominerva.it\/wp-content\/uploads\/2024\/03\/image.png"},{"@type":"BreadcrumbList","@id":"https:\/\/www.albergominerva.it\/pt-br\/ofertas-de-hoteis-em-siena-para-fevereiro-de-2025\/#breadcrumb","itemListElement":[{"@type":"ListItem","position":1,"name":"Home","item":"https:\/\/www.albergominerva.it\/pt-br\/"},{"@type":"ListItem","position":2,"name":"Ofertas de hot\u00e9is em Siena para fevereiro de 2025"}]},{"@type":"WebSite","@id":"https:\/\/www.albergominerva.it\/pt-br\/#website","url":"https:\/\/www.albergominerva.it\/pt-br\/","name":"Hotel Minerva Siena","description":"Hotel in Centro Storico a Siena - Toscana - Italy","potentialAction":[{"@type":"SearchAction","target":{"@type":"EntryPoint","urlTemplate":"https:\/\/www.albergominerva.it\/pt-br\/?s={search_term_string}"},"query-input":{"@type":"PropertyValueSpecification","valueRequired":true,"valueName":"search_term_string"}}],"inLanguage":"pt-BR"}]}},"_links":{"self":[{"href":"https:\/\/www.albergominerva.it\/pt-br\/wp-json\/wp\/v2\/pages\/14856","targetHints":{"allow":["GET"]}}],"collection":[{"href":"https:\/\/www.albergominerva.it\/pt-br\/wp-json\/wp\/v2\/pages"}],"about":[{"href":"https:\/\/www.albergominerva.it\/pt-br\/wp-json\/wp\/v2\/types\/page"}],"author":[{"embeddable":true,"href":"https:\/\/www.albergominerva.it\/pt-br\/wp-json\/wp\/v2\/users\/3"}],"replies":[{"embeddable":true,"href":"https:\/\/www.albergominerva.it\/pt-br\/wp-json\/wp\/v2\/comments?post=14856"}],"version-history":[{"count":1,"href":"https:\/\/www.albergominerva.it\/pt-br\/wp-json\/wp\/v2\/pages\/14856\/revisions"}],"predecessor-version":[{"id":14857,"href":"https:\/\/www.albergominerva.it\/pt-br\/wp-json\/wp\/v2\/pages\/14856\/revisions\/14857"}],"wp:attachment":[{"href":"https:\/\/www.albergominerva.it\/pt-br\/wp-json\/wp\/v2\/media?parent=14856"}],"curies":[{"name":"wp","href":"https:\/\/api.w.org\/{rel}","templated":true}]}}