{"id":22458,"date":"2026-02-20T16:46:36","date_gmt":"2026-02-20T15:46:36","guid":{"rendered":"https:\/\/www.albergominerva.it\/?page_id=22458"},"modified":"2026-02-20T16:46:37","modified_gmt":"2026-02-20T15:46:37","slug":"albergo-minerva-o-seu-hotel-ideal-em-siena","status":"publish","type":"page","link":"https:\/\/www.albergominerva.it\/pt-br\/albergo-minerva-o-seu-hotel-ideal-em-siena\/","title":{"rendered":"Albergo Minerva: o seu hotel ideal em Siena"},"content":{"rendered":"\n<p>O <strong>Albergo Minerva<\/strong> \u00e9 a escolha perfeita para quem deseja descobrir Siena com conforto, localiza\u00e7\u00e3o estrat\u00e9gica e hospitalidade toscana. Situado a poucos minutos a p\u00e9 do centro hist\u00f3rico, o hotel oferece quartos acolhedores, terra\u00e7os panor\u00e2micos com vista para a paisagem da Toscana e estacionamento privativo \u2014 um grande diferencial na cidade medieval.<\/p>\n\n\n\n<p>A partir do Albergo Minerva, voc\u00ea pode explorar facilmente os principais monumentos, museus e atra\u00e7\u00f5es culturais de Siena.<\/p>\n\n\n<div style=\"display:flex; justify-content:center;\">\n\n\n<figure class=\"wp-block-embed is-type-video is-provider-youtube wp-block-embed-youtube wp-embed-aspect-16-9 wp-has-aspect-ratio\"><div class=\"wp-block-embed__wrapper\">\n<iframe loading=\"lazy\" title=\"Hotel Minerva   Full 4K ITA\" width=\"500\" height=\"281\" src=\"https:\/\/www.youtube.com\/embed\/AW3LygfbUKw?feature=oembed\" frameborder=\"0\" allow=\"accelerometer; autoplay; clipboard-write; encrypted-media; gyroscope; picture-in-picture; web-share\" referrerpolicy=\"strict-origin-when-cross-origin\" allowfullscreen><\/iframe>\n<\/div><\/figure>\n\n\n<\/div>\n\n\n<hr class=\"wp-block-separator has-alpha-channel-opacity\"\/>\n\n\n\n<h2 class=\"wp-block-heading\">A poucos passos da Piazza del Campo<\/h2>\n\n\n\n<p>O cora\u00e7\u00e3o da cidade \u00e9 a magn\u00edfica <strong><a href=\"https:\/\/www.albergominerva.it\/pt-br\/piazza-del-campo-historia-e-curiosidades-da-praca-mais-bonita-da-italia\/\">Piazza del Campo: hist\u00f3ria e curiosidades da pra\u00e7a mais bonita da It\u00e1lia<\/a><\/strong>, famosa pelo Palio e por sua arquitetura medieval \u00fanica.<\/p>\n\n\n\n<p>Na pra\u00e7a, n\u00e3o deixe de admirar a <strong><a href=\"https:\/\/www.albergominerva.it\/pt-br\/fonte-gaia-historia-e-curiosidades-da-fonte-na-piazza-del-campo-de-siena\/\">Fonte Gaia: hist\u00f3ria e curiosidades da fonte na Piazza del Campo de Siena<\/a><\/strong> e visitar o hist\u00f3rico <strong><a href=\"https:\/\/www.albergominerva.it\/pt-br\/palazzo-pubblico-de-siena-guia-do-visitante\/\">Palazzo Pubblico de Siena: guia do visitante<\/a><\/strong>, sede do governo da cidade desde a Idade M\u00e9dia.<\/p>\n\n\n\n<figure class=\"wp-block-gallery has-nested-images columns-default is-cropped wp-block-gallery-1 is-layout-flex wp-block-gallery-is-layout-flex\">\n<figure class=\"wp-block-image size-large\"><img loading=\"lazy\" decoding=\"async\" width=\"759\" height=\"1024\" data-id=\"19157\" src=\"https:\/\/www.albergominerva.it\/wp-content\/uploads\/2025\/02\/20241130_113503-759x1024.jpg\" alt=\"\" class=\"wp-image-19157\" srcset=\"https:\/\/www.albergominerva.it\/wp-content\/uploads\/2025\/02\/20241130_113503-759x1024.jpg 759w, https:\/\/www.albergominerva.it\/wp-content\/uploads\/2025\/02\/20241130_113503-222x300.jpg 222w, https:\/\/www.albergominerva.it\/wp-content\/uploads\/2025\/02\/20241130_113503-768x1036.jpg 768w, https:\/\/www.albergominerva.it\/wp-content\/uploads\/2025\/02\/20241130_113503-1000x1349.jpg 1000w, https:\/\/www.albergominerva.it\/wp-content\/uploads\/2025\/02\/20241130_113503-700x944.jpg 700w, https:\/\/www.albergominerva.it\/wp-content\/uploads\/2025\/02\/20241130_113503.jpg 1024w\" sizes=\"auto, (max-width: 759px) 100vw, 759px\" \/><\/figure>\n\n\n\n<figure class=\"wp-block-image size-large\"><img loading=\"lazy\" decoding=\"async\" width=\"1024\" height=\"682\" data-id=\"15768\" src=\"https:\/\/www.albergominerva.it\/wp-content\/uploads\/2024\/08\/Camere-Hotel-Minerva-001-1024x682.jpg\" alt=\"\" class=\"wp-image-15768\" srcset=\"https:\/\/www.albergominerva.it\/wp-content\/uploads\/2024\/08\/Camere-Hotel-Minerva-001-1024x682.jpg 1024w, https:\/\/www.albergominerva.it\/wp-content\/uploads\/2024\/08\/Camere-Hotel-Minerva-001-300x200.jpg 300w, https:\/\/www.albergominerva.it\/wp-content\/uploads\/2024\/08\/Camere-Hotel-Minerva-001-768x512.jpg 768w, https:\/\/www.albergominerva.it\/wp-content\/uploads\/2024\/08\/Camere-Hotel-Minerva-001-1536x1024.jpg 1536w, https:\/\/www.albergominerva.it\/wp-content\/uploads\/2024\/08\/Camere-Hotel-Minerva-001-2048x1365.jpg 2048w, https:\/\/www.albergominerva.it\/wp-content\/uploads\/2024\/08\/Camere-Hotel-Minerva-001-1000x666.jpg 1000w, https:\/\/www.albergominerva.it\/wp-content\/uploads\/2024\/08\/Camere-Hotel-Minerva-001-700x466.jpg 700w\" sizes=\"auto, (max-width: 1024px) 100vw, 1024px\" \/><\/figure>\n\n\n\n<figure class=\"wp-block-image size-large\"><img loading=\"lazy\" decoding=\"async\" width=\"1024\" height=\"682\" data-id=\"15684\" src=\"https:\/\/www.albergominerva.it\/wp-content\/uploads\/2024\/08\/Camere-Hotel-Minerva-015-1024x682.jpg\" alt=\"\" class=\"wp-image-15684\" srcset=\"https:\/\/www.albergominerva.it\/wp-content\/uploads\/2024\/08\/Camere-Hotel-Minerva-015-1024x682.jpg 1024w, https:\/\/www.albergominerva.it\/wp-content\/uploads\/2024\/08\/Camere-Hotel-Minerva-015-300x200.jpg 300w, https:\/\/www.albergominerva.it\/wp-content\/uploads\/2024\/08\/Camere-Hotel-Minerva-015-768x512.jpg 768w, https:\/\/www.albergominerva.it\/wp-content\/uploads\/2024\/08\/Camere-Hotel-Minerva-015-1536x1024.jpg 1536w, https:\/\/www.albergominerva.it\/wp-content\/uploads\/2024\/08\/Camere-Hotel-Minerva-015-2048x1365.jpg 2048w, https:\/\/www.albergominerva.it\/wp-content\/uploads\/2024\/08\/Camere-Hotel-Minerva-015-1000x666.jpg 1000w, https:\/\/www.albergominerva.it\/wp-content\/uploads\/2024\/08\/Camere-Hotel-Minerva-015-700x466.jpg 700w\" sizes=\"auto, (max-width: 1024px) 100vw, 1024px\" \/><\/figure>\n\n\n\n<figure class=\"wp-block-image size-large\"><img loading=\"lazy\" decoding=\"async\" width=\"1024\" height=\"682\" data-id=\"15726\" src=\"https:\/\/www.albergominerva.it\/wp-content\/uploads\/2024\/08\/Camere-Hotel-Minerva-022-1024x682.jpg\" alt=\"\" class=\"wp-image-15726\" srcset=\"https:\/\/www.albergominerva.it\/wp-content\/uploads\/2024\/08\/Camere-Hotel-Minerva-022-1024x682.jpg 1024w, https:\/\/www.albergominerva.it\/wp-content\/uploads\/2024\/08\/Camere-Hotel-Minerva-022-300x200.jpg 300w, https:\/\/www.albergominerva.it\/wp-content\/uploads\/2024\/08\/Camere-Hotel-Minerva-022-768x512.jpg 768w, https:\/\/www.albergominerva.it\/wp-content\/uploads\/2024\/08\/Camere-Hotel-Minerva-022-1536x1024.jpg 1536w, https:\/\/www.albergominerva.it\/wp-content\/uploads\/2024\/08\/Camere-Hotel-Minerva-022-2048x1365.jpg 2048w, https:\/\/www.albergominerva.it\/wp-content\/uploads\/2024\/08\/Camere-Hotel-Minerva-022-1000x666.jpg 1000w, https:\/\/www.albergominerva.it\/wp-content\/uploads\/2024\/08\/Camere-Hotel-Minerva-022-700x466.jpg 700w\" sizes=\"auto, (max-width: 1024px) 100vw, 1024px\" \/><\/figure>\n\n\n\n<figure class=\"wp-block-image size-large\"><img loading=\"lazy\" decoding=\"async\" width=\"1024\" height=\"683\" data-id=\"1510\" src=\"https:\/\/www.albergominerva.it\/wp-content\/uploads\/2016\/02\/Camere-Elegant-Vista-Hotel-Siena-Centro-002-1024x683.jpg\" alt=\"Camere Elegant Vista Hotel Siena Centro\" class=\"wp-image-1510\" srcset=\"https:\/\/www.albergominerva.it\/wp-content\/uploads\/2016\/02\/Camere-Elegant-Vista-Hotel-Siena-Centro-002.jpg 1024w, https:\/\/www.albergominerva.it\/wp-content\/uploads\/2016\/02\/Camere-Elegant-Vista-Hotel-Siena-Centro-002-300x200.jpg 300w\" sizes=\"auto, (max-width: 1024px) 100vw, 1024px\" \/><\/figure>\n\n\n\n<figure class=\"wp-block-image size-large\"><img loading=\"lazy\" decoding=\"async\" width=\"1024\" height=\"683\" data-id=\"732\" src=\"https:\/\/www.albergominerva.it\/wp-content\/uploads\/2016\/03\/Camere-Elegant-Vista-Hotel-Siena-Centro-02-1024x683.jpg\" alt=\"\" class=\"wp-image-732\" srcset=\"https:\/\/www.albergominerva.it\/wp-content\/uploads\/2016\/03\/Camere-Elegant-Vista-Hotel-Siena-Centro-02.jpg 1024w, https:\/\/www.albergominerva.it\/wp-content\/uploads\/2016\/03\/Camere-Elegant-Vista-Hotel-Siena-Centro-02-300x200.jpg 300w, https:\/\/www.albergominerva.it\/wp-content\/uploads\/2016\/03\/Camere-Elegant-Vista-Hotel-Siena-Centro-02-768x512.jpg 768w\" sizes=\"auto, (max-width: 1024px) 100vw, 1024px\" \/><\/figure>\n\n\n\n<figure class=\"wp-block-image size-large\"><img loading=\"lazy\" decoding=\"async\" width=\"1024\" height=\"683\" data-id=\"656\" src=\"https:\/\/www.albergominerva.it\/wp-content\/uploads\/2016\/02\/Hotel-Vista-Siena-Centro-02-1024x683.jpg\" alt=\"Camere con Vista Hotel Siena Centro\" class=\"wp-image-656\" srcset=\"https:\/\/www.albergominerva.it\/wp-content\/uploads\/2016\/02\/Hotel-Vista-Siena-Centro-02.jpg 1024w, https:\/\/www.albergominerva.it\/wp-content\/uploads\/2016\/02\/Hotel-Vista-Siena-Centro-02-300x200.jpg 300w, https:\/\/www.albergominerva.it\/wp-content\/uploads\/2016\/02\/Hotel-Vista-Siena-Centro-02-768x512.jpg 768w\" sizes=\"auto, (max-width: 1024px) 100vw, 1024px\" \/><\/figure>\n\n\n\n<figure class=\"wp-block-image size-large\"><img loading=\"lazy\" decoding=\"async\" width=\"700\" height=\"467\" data-id=\"243\" src=\"https:\/\/www.albergominerva.it\/wp-content\/uploads\/2016\/01\/Camere.jpg\" alt=\"\" class=\"wp-image-243\" srcset=\"https:\/\/www.albergominerva.it\/wp-content\/uploads\/2016\/01\/Camere.jpg 700w, https:\/\/www.albergominerva.it\/wp-content\/uploads\/2016\/01\/Camere-300x200.jpg 300w\" sizes=\"auto, (max-width: 700px) 100vw, 700px\" \/><\/figure>\n<\/figure>\n\n\n\n<hr class=\"wp-block-separator has-alpha-channel-opacity\"\/>\n\n\n\n<h2 class=\"wp-block-heading\">O Duomo de Siena e seus tesouros art\u00edsticos<\/h2>\n\n\n\n<p>Nenhuma visita a Siena est\u00e1 completa sem conhecer o espetacular <strong><a href=\"https:\/\/www.albergominerva.it\/pt-br\/duomo-de-siena-horarios-de-abertura-bilhetes-e-o-que-nao-perder\/\">Duomo de Siena: hor\u00e1rios de abertura, bilhetes e o que n\u00e3o perder<\/a><\/strong>.<\/p>\n\n\n\n<p>Dentro da catedral, voc\u00ea encontrar\u00e1 a impressionante <strong><a href=\"https:\/\/www.albergominerva.it\/pt-br\/biblioteca-piccolomini-guia-do-tesouro-escondido-do-duomo-de-siena\/\">Biblioteca Piccolomini: guia do tesouro escondido do Duomo de Siena<\/a><\/strong> e o extraordin\u00e1rio <strong><a href=\"https:\/\/www.albergominerva.it\/pt-br\/o-batisterio-de-san-giovanni-mosaicos-e-frescos-extraordinarios-hotel-minerva-siena\/\">Batist\u00e9rio de San Giovanni: mosaicos e frescos extraordin\u00e1rios<\/a><\/strong>.<\/p>\n\n\n\n<hr class=\"wp-block-separator has-alpha-channel-opacity\"\/>\n\n\n\n<h2 class=\"wp-block-heading\">Espiritualidade e arte sacra<\/h2>\n\n\n\n<p>Siena \u00e9 profundamente ligada \u00e0 figura de <strong><a href=\"https:\/\/www.albergominerva.it\/pt-br\/santa-catarina-de-siena-santuario-basilica-e-lugares-ligados-a-santa\/\">Santa Catarina de Siena: santu\u00e1rio, bas\u00edlica e lugares ligados \u00e0 santa<\/a><\/strong>, padroeira da It\u00e1lia.<\/p>\n\n\n\n<p>Durante sua estadia, visite tamb\u00e9m a <strong><a href=\"https:\/\/www.albergominerva.it\/pt-br\/igreja-de-sao-domingos-em-siena-historia-e-obras-de-arte-a-admirar\/\">Igreja de S\u00e3o Domingos em Siena: hist\u00f3ria e obras de arte a admirar<\/a><\/strong> e descubra importantes cole\u00e7\u00f5es no <strong><a href=\"https:\/\/www.albergominerva.it\/pt-br\/museu-diocesano-de-siena-arte-sacra-e-tesouros-escondidos\/\">Museu Diocesano de Siena: arte sacra e tesouros escondidos<\/a><\/strong>.<\/p>\n\n\n\n<p>Outro ponto imperd\u00edvel \u00e9 o complexo cultural <strong><a href=\"https:\/\/www.albergominerva.it\/pt-br\/santa-maria-della-scala-museu%e2%80%91hospital-para-familias-com-criancas\/\">Santa Maria della Scala: museu-hospital para fam\u00edlias com crian\u00e7as<\/a><\/strong>, ideal para adultos e crian\u00e7as.<\/p>\n\n\n\n<hr class=\"wp-block-separator has-alpha-channel-opacity\"\/>\n\n\n\n<h2 class=\"wp-block-heading\">Museus, hist\u00f3ria e tradi\u00e7\u00f5es<\/h2>\n\n\n\n<p>Os apaixonados por hist\u00f3ria n\u00e3o podem deixar de visitar o <strong><a href=\"https:\/\/www.albergominerva.it\/pt-br\/museu-arqueologico-nacional-de-siena-o-que-ver-e-por-que-deve-visitar\/\">Museu Arqueol\u00f3gico Nacional de Siena: o que ver e por que deve visitar<\/a><\/strong>.<\/p>\n\n\n\n<p>Conhe\u00e7a tamb\u00e9m as tradi\u00e7\u00f5es da cidade atrav\u00e9s da <strong><a href=\"https:\/\/www.albergominerva.it\/pt-br\/nobile-contrada-del-bruco-historia-tradicoes-museu-e-palios-vencidos\/\">Nobile Contrada del Bruco: hist\u00f3ria, tradi\u00e7\u00f5es, museu e Palios vencidos<\/a><\/strong>, uma das hist\u00f3ricas contrade que participam do famoso Palio.<\/p>\n\n\n\n<p>Passeie ainda pela elegante <strong><a href=\"https:\/\/www.albergominerva.it\/pt-br\/loggia-della-mercanzia-historia-e-arte-renascentista-em-siena\/\">Loggia della Mercanzia: hist\u00f3ria e arte renascentista em Siena<\/a><\/strong> e descubra o hist\u00f3rico <strong><a href=\"https:\/\/www.albergominerva.it\/pt-br\/palazzo-salimbeni-historia-e-curiosidades-da-sede-do-monte-dei-paschi\/\">Palazzo Salimbeni: hist\u00f3ria e curiosidades da sede do Monte dei Paschi<\/a><\/strong>.<\/p>\n\n\n\n<p>Ao chegar \u00e0 cidade, atravesse a antiga <strong><a href=\"https:\/\/www.albergominerva.it\/pt-br\/porta-camollia-e-os-demais-portais-historicos-de-siena\/\">Porta Camollia e os demais portais hist\u00f3ricos de Siena<\/a><\/strong> para sentir imediatamente o charme medieval de Siena.<\/p>\n\n\n\n<hr class=\"wp-block-separator has-alpha-channel-opacity\"\/>\n\n\n\n<h2 class=\"wp-block-heading\">Por que escolher o Albergo Minerva?<\/h2>\n\n\n\n<p>Hospedar-se no Albergo Minerva significa desfrutar de:<\/p>\n\n\n\n<ul class=\"wp-block-list\">\n<li>Localiza\u00e7\u00e3o estrat\u00e9gica perto do centro hist\u00f3rico<\/li>\n\n\n\n<li>Quartos confort\u00e1veis e bem equipados<\/li>\n\n\n\n<li>Estacionamento privativo<\/li>\n\n\n\n<li>Vista panor\u00e2mica sobre a paisagem toscana<\/li>\n\n\n\n<li>Atendimento acolhedor e familiar<\/li>\n<\/ul>\n\n\n\n<p>Seja para um fim de semana rom\u00e2ntico, uma viagem cultural ou uma experi\u00eancia aut\u00eantica na Toscana, o Albergo Minerva \u00e9 o ponto de partida ideal para descobrir todas as maravilhas de Siena.<\/p>\n\n\n\n<p>Reserve sua estadia e viva Siena com conforto, hist\u00f3ria e hospitalidade italiana.<\/p>\n","protected":false},"excerpt":{"rendered":"<p>O Albergo Minerva \u00e9 a escolha perfeita para quem deseja descobrir Siena com conforto, localiza\u00e7\u00e3o estrat\u00e9gica e hospitalidade toscana. Situado<\/p>\n","protected":false},"author":3,"featured_media":0,"parent":0,"menu_order":0,"comment_status":"closed","ping_status":"closed","template":"","meta":{"_acf_changed":false,"footnotes":""},"class_list":["post-22458","page","type-page","status-publish","hentry"],"acf":[],"yoast_head":"<!-- This site is optimized with the Yoast SEO plugin v26.4 - https:\/\/yoast.com\/wordpress\/plugins\/seo\/ -->\n<title>Albergo Minerva: o seu hotel ideal em Siena - Hotel Minerva Siena<\/title>\n<meta name=\"robots\" content=\"index, follow, max-snippet:-1, max-image-preview:large, max-video-preview:-1\" \/>\n<link rel=\"canonical\" href=\"https:\/\/www.albergominerva.it\/pt-br\/albergo-minerva-o-seu-hotel-ideal-em-siena\/\" \/>\n<meta property=\"og:locale\" content=\"pt_BR\" \/>\n<meta property=\"og:type\" content=\"article\" \/>\n<meta property=\"og:title\" content=\"Albergo Minerva: o seu hotel ideal em Siena - Hotel Minerva Siena\" \/>\n<meta property=\"og:description\" content=\"O Albergo Minerva \u00e9 a escolha perfeita para quem deseja descobrir Siena com conforto, localiza\u00e7\u00e3o estrat\u00e9gica e hospitalidade toscana. Situado\" \/>\n<meta property=\"og:url\" content=\"https:\/\/www.albergominerva.it\/pt-br\/albergo-minerva-o-seu-hotel-ideal-em-siena\/\" \/>\n<meta property=\"og:site_name\" content=\"Hotel Minerva Siena\" \/>\n<meta property=\"article:modified_time\" content=\"2026-02-20T15:46:37+00:00\" \/>\n<meta property=\"og:image\" content=\"https:\/\/www.albergominerva.it\/wp-content\/uploads\/2025\/02\/20241130_113503.jpg\" \/>\n\t<meta property=\"og:image:width\" content=\"1024\" \/>\n\t<meta property=\"og:image:height\" content=\"1381\" \/>\n\t<meta property=\"og:image:type\" content=\"image\/jpeg\" \/>\n<meta name=\"twitter:card\" content=\"summary_large_image\" \/>\n<meta name=\"twitter:label1\" content=\"Est. tempo de leitura\" \/>\n\t<meta name=\"twitter:data1\" content=\"5 minutos\" \/>\n<script type=\"application\/ld+json\" class=\"yoast-schema-graph\">{\"@context\":\"https:\/\/schema.org\",\"@graph\":[{\"@type\":\"WebPage\",\"@id\":\"https:\/\/www.albergominerva.it\/pt-br\/albergo-minerva-o-seu-hotel-ideal-em-siena\/\",\"url\":\"https:\/\/www.albergominerva.it\/pt-br\/albergo-minerva-o-seu-hotel-ideal-em-siena\/\",\"name\":\"Albergo Minerva: o seu hotel ideal em Siena - Hotel Minerva Siena\",\"isPartOf\":{\"@id\":\"https:\/\/www.albergominerva.it\/pt-br\/#website\"},\"primaryImageOfPage\":{\"@id\":\"https:\/\/www.albergominerva.it\/pt-br\/albergo-minerva-o-seu-hotel-ideal-em-siena\/#primaryimage\"},\"image\":{\"@id\":\"https:\/\/www.albergominerva.it\/pt-br\/albergo-minerva-o-seu-hotel-ideal-em-siena\/#primaryimage\"},\"thumbnailUrl\":\"https:\/\/www.albergominerva.it\/wp-content\/uploads\/2025\/02\/20241130_113503-759x1024.jpg\",\"datePublished\":\"2026-02-20T15:46:36+00:00\",\"dateModified\":\"2026-02-20T15:46:37+00:00\",\"breadcrumb\":{\"@id\":\"https:\/\/www.albergominerva.it\/pt-br\/albergo-minerva-o-seu-hotel-ideal-em-siena\/#breadcrumb\"},\"inLanguage\":\"pt-BR\",\"potentialAction\":[{\"@type\":\"ReadAction\",\"target\":[\"https:\/\/www.albergominerva.it\/pt-br\/albergo-minerva-o-seu-hotel-ideal-em-siena\/\"]}]},{\"@type\":\"ImageObject\",\"inLanguage\":\"pt-BR\",\"@id\":\"https:\/\/www.albergominerva.it\/pt-br\/albergo-minerva-o-seu-hotel-ideal-em-siena\/#primaryimage\",\"url\":\"https:\/\/www.albergominerva.it\/wp-content\/uploads\/2025\/02\/20241130_113503-759x1024.jpg\",\"contentUrl\":\"https:\/\/www.albergominerva.it\/wp-content\/uploads\/2025\/02\/20241130_113503-759x1024.jpg\"},{\"@type\":\"BreadcrumbList\",\"@id\":\"https:\/\/www.albergominerva.it\/pt-br\/albergo-minerva-o-seu-hotel-ideal-em-siena\/#breadcrumb\",\"itemListElement\":[{\"@type\":\"ListItem\",\"position\":1,\"name\":\"Home\",\"item\":\"https:\/\/www.albergominerva.it\/pt-br\/\"},{\"@type\":\"ListItem\",\"position\":2,\"name\":\"Albergo Minerva: o seu hotel ideal em Siena\"}]},{\"@type\":\"WebSite\",\"@id\":\"https:\/\/www.albergominerva.it\/pt-br\/#website\",\"url\":\"https:\/\/www.albergominerva.it\/pt-br\/\",\"name\":\"Hotel Minerva Siena\",\"description\":\"Hotel in Centro Storico a Siena - Toscana - Italy\",\"potentialAction\":[{\"@type\":\"SearchAction\",\"target\":{\"@type\":\"EntryPoint\",\"urlTemplate\":\"https:\/\/www.albergominerva.it\/pt-br\/?s={search_term_string}\"},\"query-input\":{\"@type\":\"PropertyValueSpecification\",\"valueRequired\":true,\"valueName\":\"search_term_string\"}}],\"inLanguage\":\"pt-BR\"}]}<\/script>\n<!-- \/ Yoast SEO plugin. -->","yoast_head_json":{"title":"Albergo Minerva: o seu hotel ideal em Siena - Hotel Minerva Siena","robots":{"index":"index","follow":"follow","max-snippet":"max-snippet:-1","max-image-preview":"max-image-preview:large","max-video-preview":"max-video-preview:-1"},"canonical":"https:\/\/www.albergominerva.it\/pt-br\/albergo-minerva-o-seu-hotel-ideal-em-siena\/","og_locale":"pt_BR","og_type":"article","og_title":"Albergo Minerva: o seu hotel ideal em Siena - Hotel Minerva Siena","og_description":"O Albergo Minerva \u00e9 a escolha perfeita para quem deseja descobrir Siena com conforto, localiza\u00e7\u00e3o estrat\u00e9gica e hospitalidade toscana. Situado","og_url":"https:\/\/www.albergominerva.it\/pt-br\/albergo-minerva-o-seu-hotel-ideal-em-siena\/","og_site_name":"Hotel Minerva Siena","article_modified_time":"2026-02-20T15:46:37+00:00","og_image":[{"width":1024,"height":1381,"url":"https:\/\/www.albergominerva.it\/wp-content\/uploads\/2025\/02\/20241130_113503.jpg","type":"image\/jpeg"}],"twitter_card":"summary_large_image","twitter_misc":{"Est. tempo de leitura":"5 minutos"},"schema":{"@context":"https:\/\/schema.org","@graph":[{"@type":"WebPage","@id":"https:\/\/www.albergominerva.it\/pt-br\/albergo-minerva-o-seu-hotel-ideal-em-siena\/","url":"https:\/\/www.albergominerva.it\/pt-br\/albergo-minerva-o-seu-hotel-ideal-em-siena\/","name":"Albergo Minerva: o seu hotel ideal em Siena - Hotel Minerva Siena","isPartOf":{"@id":"https:\/\/www.albergominerva.it\/pt-br\/#website"},"primaryImageOfPage":{"@id":"https:\/\/www.albergominerva.it\/pt-br\/albergo-minerva-o-seu-hotel-ideal-em-siena\/#primaryimage"},"image":{"@id":"https:\/\/www.albergominerva.it\/pt-br\/albergo-minerva-o-seu-hotel-ideal-em-siena\/#primaryimage"},"thumbnailUrl":"https:\/\/www.albergominerva.it\/wp-content\/uploads\/2025\/02\/20241130_113503-759x1024.jpg","datePublished":"2026-02-20T15:46:36+00:00","dateModified":"2026-02-20T15:46:37+00:00","breadcrumb":{"@id":"https:\/\/www.albergominerva.it\/pt-br\/albergo-minerva-o-seu-hotel-ideal-em-siena\/#breadcrumb"},"inLanguage":"pt-BR","potentialAction":[{"@type":"ReadAction","target":["https:\/\/www.albergominerva.it\/pt-br\/albergo-minerva-o-seu-hotel-ideal-em-siena\/"]}]},{"@type":"ImageObject","inLanguage":"pt-BR","@id":"https:\/\/www.albergominerva.it\/pt-br\/albergo-minerva-o-seu-hotel-ideal-em-siena\/#primaryimage","url":"https:\/\/www.albergominerva.it\/wp-content\/uploads\/2025\/02\/20241130_113503-759x1024.jpg","contentUrl":"https:\/\/www.albergominerva.it\/wp-content\/uploads\/2025\/02\/20241130_113503-759x1024.jpg"},{"@type":"BreadcrumbList","@id":"https:\/\/www.albergominerva.it\/pt-br\/albergo-minerva-o-seu-hotel-ideal-em-siena\/#breadcrumb","itemListElement":[{"@type":"ListItem","position":1,"name":"Home","item":"https:\/\/www.albergominerva.it\/pt-br\/"},{"@type":"ListItem","position":2,"name":"Albergo Minerva: o seu hotel ideal em Siena"}]},{"@type":"WebSite","@id":"https:\/\/www.albergominerva.it\/pt-br\/#website","url":"https:\/\/www.albergominerva.it\/pt-br\/","name":"Hotel Minerva Siena","description":"Hotel in Centro Storico a Siena - Toscana - Italy","potentialAction":[{"@type":"SearchAction","target":{"@type":"EntryPoint","urlTemplate":"https:\/\/www.albergominerva.it\/pt-br\/?s={search_term_string}"},"query-input":{"@type":"PropertyValueSpecification","valueRequired":true,"valueName":"search_term_string"}}],"inLanguage":"pt-BR"}]}},"_links":{"self":[{"href":"https:\/\/www.albergominerva.it\/pt-br\/wp-json\/wp\/v2\/pages\/22458","targetHints":{"allow":["GET"]}}],"collection":[{"href":"https:\/\/www.albergominerva.it\/pt-br\/wp-json\/wp\/v2\/pages"}],"about":[{"href":"https:\/\/www.albergominerva.it\/pt-br\/wp-json\/wp\/v2\/types\/page"}],"author":[{"embeddable":true,"href":"https:\/\/www.albergominerva.it\/pt-br\/wp-json\/wp\/v2\/users\/3"}],"replies":[{"embeddable":true,"href":"https:\/\/www.albergominerva.it\/pt-br\/wp-json\/wp\/v2\/comments?post=22458"}],"version-history":[{"count":1,"href":"https:\/\/www.albergominerva.it\/pt-br\/wp-json\/wp\/v2\/pages\/22458\/revisions"}],"predecessor-version":[{"id":22459,"href":"https:\/\/www.albergominerva.it\/pt-br\/wp-json\/wp\/v2\/pages\/22458\/revisions\/22459"}],"wp:attachment":[{"href":"https:\/\/www.albergominerva.it\/pt-br\/wp-json\/wp\/v2\/media?parent=22458"}],"curies":[{"name":"wp","href":"https:\/\/api.w.org\/{rel}","templated":true}]}}