{"id":6692,"date":"2019-09-02T17:16:02","date_gmt":"2019-09-02T15:16:02","guid":{"rendered":"https:\/\/www.albergominerva.it\/siena-e-dintorni\/"},"modified":"2025-11-13T09:38:57","modified_gmt":"2025-11-13T08:38:57","slug":"siena-e-arredores","status":"publish","type":"page","link":"https:\/\/www.albergominerva.it\/pt-br\/siena-e-arredores\/","title":{"rendered":"Siena e arredores"},"content":{"rendered":"\n<h1 class=\"wp-block-heading\">Siena era um importante polo de poder medieval. Ainda hoje podemos apreciar a sua extraordin\u00e1ria beleza.<\/h1>\n\n\n\n<p>Siena \u00e9 uma concentra\u00e7\u00e3o de arte, hist\u00f3ria, cultura e\ntradi\u00e7\u00f5es. Seu centro hist\u00f3rico faz parte do Patrim\u00f4nio Mundial da UNESCO.<\/p>\n\n\n\n<p>Em todo o mundo Siena \u00e9 conhecida pelo <em>Palio<\/em>, a\ncorrida de cavalos entre as <em>contrade <\/em>da cidade, que acontece duas vezes\npor ano na <em>Piazza del Campo<\/em>. O Hotel Minerva est\u00e1 localizado na <em>contrada\nLupa<\/em>.<\/p>\n\n\n\n<p>&nbsp;A <em>Piazza del Campo<\/em> \u00e9 considerada a constru\u00e7\u00e3o\nmedieval mais extensa j\u00e1 constru\u00eddo na hist\u00f3ria. Aqui voc\u00ea pode admirar a sua\nt\u00edpica forma de concha e os belos monumentos que a rodeiam, como a <em>Torre del\nMangia<\/em>, <em>Il Palazzo Pubblico<\/em> e a fonte <em>Gaia<\/em>.<\/p>\n\n\n\n<p><s>Se<\/s> voc\u00ea passar alguns dias em\nSiena, no Hotel Minerva, n\u00e3o se esque\u00e7a de visitar a Catedral, <em>La Loggia\ndella Mercanzia<\/em> com suas est\u00e1tuas do s\u00e9culo XVI, o <em>Palazzo Salimbeni<\/em>,\nedif\u00edcio renascentista do s\u00e9culo XIII, <em>La Fortezza Medicea<\/em>, constru\u00e7\u00e3o\nimponente de 1561 encomendada por <em>Cosimo I de\u2019 Medici,<\/em> e o <em>Palazzo\nTolomei<\/em>, entre outros.<\/p>\n\n\n\n<p>Nos arredores de Siena, voc\u00ea encontrar\u00e1 uma infinidade de poss\u00edveis destinos para suas excurs\u00f5es. <em>San Gimignano, Monteriggioni, Colle Val D\u2019elsa, la Valle d\u2019Orcia<\/em> at\u00e9 <em>Pisa<\/em> e <em>Firenze<\/em>, onde voc\u00ea poder\u00e1 seguir itiner\u00e1rios hist\u00f3ricos e culturais, gastron\u00f3mico e de vinhos de v\u00e1rios tipos como o Chianti, o <em>Brunello di Montalcino <\/em>e a <em>Vernaccia di San Gimignano.<\/em><\/p>\n\n\n\n<p><strong>Venha descobrir a Toscana.<\/strong><\/p>\n","protected":false},"excerpt":{"rendered":"<p>Siena era um importante polo de poder medieval. Ainda hoje podemos apreciar a sua extraordin\u00e1ria beleza. Siena \u00e9 uma concentra\u00e7\u00e3o<\/p>\n","protected":false},"author":1,"featured_media":8642,"parent":0,"menu_order":0,"comment_status":"closed","ping_status":"closed","template":"","meta":{"_acf_changed":false,"footnotes":""},"class_list":["post-6692","page","type-page","status-publish","has-post-thumbnail","hentry"],"acf":[],"yoast_head":"<!-- This site is optimized with the Yoast SEO plugin v27.4 - https:\/\/yoast.com\/product\/yoast-seo-wordpress\/ -->\n<title>Siena e arredores - Hotel Minerva Siena<\/title>\n<meta name=\"robots\" content=\"index, follow, max-snippet:-1, max-image-preview:large, max-video-preview:-1\" \/>\n<link rel=\"canonical\" href=\"https:\/\/www.albergominerva.it\/pt-br\/siena-e-arredores\/\" \/>\n<meta property=\"og:locale\" content=\"pt_BR\" \/>\n<meta property=\"og:type\" content=\"article\" \/>\n<meta property=\"og:title\" content=\"Siena e arredores - Hotel Minerva Siena\" \/>\n<meta property=\"og:description\" content=\"Siena era um importante polo de poder medieval. Ainda hoje podemos apreciar a sua extraordin\u00e1ria beleza. Siena \u00e9 uma concentra\u00e7\u00e3o\" \/>\n<meta property=\"og:url\" content=\"https:\/\/www.albergominerva.it\/pt-br\/siena-e-arredores\/\" \/>\n<meta property=\"og:site_name\" content=\"Hotel Minerva Siena\" \/>\n<meta property=\"article:modified_time\" content=\"2025-11-13T08:38:57+00:00\" \/>\n<meta property=\"og:image\" content=\"https:\/\/www.albergominerva.it\/wp-content\/uploads\/2021\/04\/panorama-siena-dintorni.jpg\" \/>\n\t<meta property=\"og:image:width\" content=\"1920\" \/>\n\t<meta property=\"og:image:height\" content=\"1000\" \/>\n\t<meta property=\"og:image:type\" content=\"image\/jpeg\" \/>\n<meta name=\"twitter:card\" content=\"summary_large_image\" \/>\n<meta name=\"twitter:label1\" content=\"Est. tempo de leitura\" \/>\n\t<meta name=\"twitter:data1\" content=\"1 minuto\" \/>\n<script type=\"application\/ld+json\" class=\"yoast-schema-graph\">{\"@context\":\"https:\\\/\\\/schema.org\",\"@graph\":[{\"@type\":\"WebPage\",\"@id\":\"https:\\\/\\\/www.albergominerva.it\\\/pt-br\\\/siena-e-arredores\\\/\",\"url\":\"https:\\\/\\\/www.albergominerva.it\\\/pt-br\\\/siena-e-arredores\\\/\",\"name\":\"Siena e arredores - Hotel Minerva Siena\",\"isPartOf\":{\"@id\":\"https:\\\/\\\/www.albergominerva.it\\\/pt-br\\\/#website\"},\"primaryImageOfPage\":{\"@id\":\"https:\\\/\\\/www.albergominerva.it\\\/pt-br\\\/siena-e-arredores\\\/#primaryimage\"},\"image\":{\"@id\":\"https:\\\/\\\/www.albergominerva.it\\\/pt-br\\\/siena-e-arredores\\\/#primaryimage\"},\"thumbnailUrl\":\"https:\\\/\\\/www.albergominerva.it\\\/wp-content\\\/uploads\\\/2021\\\/04\\\/panorama-siena-dintorni.jpg\",\"datePublished\":\"2019-09-02T15:16:02+00:00\",\"dateModified\":\"2025-11-13T08:38:57+00:00\",\"breadcrumb\":{\"@id\":\"https:\\\/\\\/www.albergominerva.it\\\/pt-br\\\/siena-e-arredores\\\/#breadcrumb\"},\"inLanguage\":\"pt-BR\",\"potentialAction\":[{\"@type\":\"ReadAction\",\"target\":[\"https:\\\/\\\/www.albergominerva.it\\\/pt-br\\\/siena-e-arredores\\\/\"]}]},{\"@type\":\"ImageObject\",\"inLanguage\":\"pt-BR\",\"@id\":\"https:\\\/\\\/www.albergominerva.it\\\/pt-br\\\/siena-e-arredores\\\/#primaryimage\",\"url\":\"https:\\\/\\\/www.albergominerva.it\\\/wp-content\\\/uploads\\\/2021\\\/04\\\/panorama-siena-dintorni.jpg\",\"contentUrl\":\"https:\\\/\\\/www.albergominerva.it\\\/wp-content\\\/uploads\\\/2021\\\/04\\\/panorama-siena-dintorni.jpg\",\"width\":1920,\"height\":1000},{\"@type\":\"BreadcrumbList\",\"@id\":\"https:\\\/\\\/www.albergominerva.it\\\/pt-br\\\/siena-e-arredores\\\/#breadcrumb\",\"itemListElement\":[{\"@type\":\"ListItem\",\"position\":1,\"name\":\"Home\",\"item\":\"https:\\\/\\\/www.albergominerva.it\\\/pt-br\\\/\"},{\"@type\":\"ListItem\",\"position\":2,\"name\":\"Siena e arredores\"}]},{\"@type\":\"WebSite\",\"@id\":\"https:\\\/\\\/www.albergominerva.it\\\/pt-br\\\/#website\",\"url\":\"https:\\\/\\\/www.albergominerva.it\\\/pt-br\\\/\",\"name\":\"Hotel Minerva Siena\",\"description\":\"Hotel in Centro Storico a Siena - Toscana - Italy\",\"potentialAction\":[{\"@type\":\"SearchAction\",\"target\":{\"@type\":\"EntryPoint\",\"urlTemplate\":\"https:\\\/\\\/www.albergominerva.it\\\/pt-br\\\/?s={search_term_string}\"},\"query-input\":{\"@type\":\"PropertyValueSpecification\",\"valueRequired\":true,\"valueName\":\"search_term_string\"}}],\"inLanguage\":\"pt-BR\"}]}<\/script>\n<!-- \/ Yoast SEO plugin. -->","yoast_head_json":{"title":"Siena e arredores - Hotel Minerva Siena","robots":{"index":"index","follow":"follow","max-snippet":"max-snippet:-1","max-image-preview":"max-image-preview:large","max-video-preview":"max-video-preview:-1"},"canonical":"https:\/\/www.albergominerva.it\/pt-br\/siena-e-arredores\/","og_locale":"pt_BR","og_type":"article","og_title":"Siena e arredores - Hotel Minerva Siena","og_description":"Siena era um importante polo de poder medieval. Ainda hoje podemos apreciar a sua extraordin\u00e1ria beleza. Siena \u00e9 uma concentra\u00e7\u00e3o","og_url":"https:\/\/www.albergominerva.it\/pt-br\/siena-e-arredores\/","og_site_name":"Hotel Minerva Siena","article_modified_time":"2025-11-13T08:38:57+00:00","og_image":[{"width":1920,"height":1000,"url":"https:\/\/www.albergominerva.it\/wp-content\/uploads\/2021\/04\/panorama-siena-dintorni.jpg","type":"image\/jpeg"}],"twitter_card":"summary_large_image","twitter_misc":{"Est. tempo de leitura":"1 minuto"},"schema":{"@context":"https:\/\/schema.org","@graph":[{"@type":"WebPage","@id":"https:\/\/www.albergominerva.it\/pt-br\/siena-e-arredores\/","url":"https:\/\/www.albergominerva.it\/pt-br\/siena-e-arredores\/","name":"Siena e arredores - Hotel Minerva Siena","isPartOf":{"@id":"https:\/\/www.albergominerva.it\/pt-br\/#website"},"primaryImageOfPage":{"@id":"https:\/\/www.albergominerva.it\/pt-br\/siena-e-arredores\/#primaryimage"},"image":{"@id":"https:\/\/www.albergominerva.it\/pt-br\/siena-e-arredores\/#primaryimage"},"thumbnailUrl":"https:\/\/www.albergominerva.it\/wp-content\/uploads\/2021\/04\/panorama-siena-dintorni.jpg","datePublished":"2019-09-02T15:16:02+00:00","dateModified":"2025-11-13T08:38:57+00:00","breadcrumb":{"@id":"https:\/\/www.albergominerva.it\/pt-br\/siena-e-arredores\/#breadcrumb"},"inLanguage":"pt-BR","potentialAction":[{"@type":"ReadAction","target":["https:\/\/www.albergominerva.it\/pt-br\/siena-e-arredores\/"]}]},{"@type":"ImageObject","inLanguage":"pt-BR","@id":"https:\/\/www.albergominerva.it\/pt-br\/siena-e-arredores\/#primaryimage","url":"https:\/\/www.albergominerva.it\/wp-content\/uploads\/2021\/04\/panorama-siena-dintorni.jpg","contentUrl":"https:\/\/www.albergominerva.it\/wp-content\/uploads\/2021\/04\/panorama-siena-dintorni.jpg","width":1920,"height":1000},{"@type":"BreadcrumbList","@id":"https:\/\/www.albergominerva.it\/pt-br\/siena-e-arredores\/#breadcrumb","itemListElement":[{"@type":"ListItem","position":1,"name":"Home","item":"https:\/\/www.albergominerva.it\/pt-br\/"},{"@type":"ListItem","position":2,"name":"Siena e arredores"}]},{"@type":"WebSite","@id":"https:\/\/www.albergominerva.it\/pt-br\/#website","url":"https:\/\/www.albergominerva.it\/pt-br\/","name":"Hotel Minerva Siena","description":"Hotel in Centro Storico a Siena - Toscana - Italy","potentialAction":[{"@type":"SearchAction","target":{"@type":"EntryPoint","urlTemplate":"https:\/\/www.albergominerva.it\/pt-br\/?s={search_term_string}"},"query-input":{"@type":"PropertyValueSpecification","valueRequired":true,"valueName":"search_term_string"}}],"inLanguage":"pt-BR"}]}},"_links":{"self":[{"href":"https:\/\/www.albergominerva.it\/pt-br\/wp-json\/wp\/v2\/pages\/6692","targetHints":{"allow":["GET"]}}],"collection":[{"href":"https:\/\/www.albergominerva.it\/pt-br\/wp-json\/wp\/v2\/pages"}],"about":[{"href":"https:\/\/www.albergominerva.it\/pt-br\/wp-json\/wp\/v2\/types\/page"}],"author":[{"embeddable":true,"href":"https:\/\/www.albergominerva.it\/pt-br\/wp-json\/wp\/v2\/users\/1"}],"replies":[{"embeddable":true,"href":"https:\/\/www.albergominerva.it\/pt-br\/wp-json\/wp\/v2\/comments?post=6692"}],"version-history":[{"count":1,"href":"https:\/\/www.albergominerva.it\/pt-br\/wp-json\/wp\/v2\/pages\/6692\/revisions"}],"predecessor-version":[{"id":6774,"href":"https:\/\/www.albergominerva.it\/pt-br\/wp-json\/wp\/v2\/pages\/6692\/revisions\/6774"}],"wp:featuredmedia":[{"embeddable":true,"href":"https:\/\/www.albergominerva.it\/pt-br\/wp-json\/wp\/v2\/media\/8642"}],"wp:attachment":[{"href":"https:\/\/www.albergominerva.it\/pt-br\/wp-json\/wp\/v2\/media?parent=6692"}],"curies":[{"name":"wp","href":"https:\/\/api.w.org\/{rel}","templated":true}]}}